{"id":26872,"date":"2026-03-20T09:26:33","date_gmt":"2026-03-20T09:26:33","guid":{"rendered":"https:\/\/hopecapetown.org\/?page_id=26872"},"modified":"2026-03-24T09:43:51","modified_gmt":"2026-03-24T09:43:51","slug":"wo-wir-arbeiten","status":"publish","type":"page","link":"https:\/\/hopecapetown.org\/de\/wo-wir-arbeiten\/","title":{"rendered":"WO WIR ARBEITEN"},"content":{"rendered":"\t\t<div data-elementor-type=\"wp-page\" data-elementor-id=\"26872\" class=\"elementor elementor-26872\" data-elementor-settings=\"{&quot;ha_cmc_init_switcher&quot;:&quot;no&quot;}\">\n\t\t\t\t\t\t<section class=\"elementor-section elementor-top-section elementor-element elementor-element-49c7bfe elementor-section-boxed elementor-section-height-default elementor-section-height-default\" data-id=\"49c7bfe\" data-element_type=\"section\" data-e-type=\"section\" data-settings=\"{&quot;_ha_eqh_enable&quot;:false}\">\n\t\t\t\t\t\t\t<div class=\"elementor-background-overlay\"><\/div>\n\t\t\t\t\t\t\t<div class=\"elementor-container elementor-column-gap-no\">\n\t\t\t\t\t<div class=\"elementor-column elementor-col-50 elementor-top-column elementor-element elementor-element-d43632d\" data-id=\"d43632d\" data-element_type=\"column\" data-e-type=\"column\">\n\t\t\t<div class=\"elementor-widget-wrap elementor-element-populated\">\n\t\t\t\t\t\t<section class=\"elementor-section elementor-inner-section elementor-element elementor-element-07d9fef elementor-section-boxed elementor-section-height-default elementor-section-height-default\" data-id=\"07d9fef\" data-element_type=\"section\" data-e-type=\"section\" data-settings=\"{&quot;_ha_eqh_enable&quot;:false}\">\n\t\t\t\t\t\t<div class=\"elementor-container elementor-column-gap-default\">\n\t\t\t\t\t<div class=\"elementor-column elementor-col-100 elementor-inner-column elementor-element elementor-element-24723a2\" data-id=\"24723a2\" data-element_type=\"column\" data-e-type=\"column\">\n\t\t\t<div class=\"elementor-widget-wrap elementor-element-populated\">\n\t\t\t\t\t\t<div class=\"elementor-element elementor-element-e30e617 elementor-widget elementor-widget-heading\" data-id=\"e30e617\" data-element_type=\"widget\" data-e-type=\"widget\" data-widget_type=\"heading.default\">\n\t\t\t\t<div class=\"elementor-widget-container\">\n\t\t\t\t\t<h1 class=\"elementor-heading-title elementor-size-default\">UNSERE ARBEIT<\/h1>\t\t\t\t<\/div>\n\t\t\t\t<\/div>\n\t\t\t\t<div class=\"elementor-element elementor-element-054e348 elementor-widget elementor-widget-heading\" data-id=\"054e348\" data-element_type=\"widget\" data-e-type=\"widget\" data-widget_type=\"heading.default\">\n\t\t\t\t<div class=\"elementor-widget-container\">\n\t\t\t\t\t<h3 class=\"elementor-heading-title elementor-size-default\">Seit unseren Anf\u00e4ngen im Bereich HIV\/AIDS im Jahr 2001, hat sich HOPE Cape Town zu einer ganzheitlichen Entwicklungsorganisation entfaltet, die sich den Herausforderungen in den Bereichen Soziales, Bildung und fr\u00fche Kindheit stellt und eine wichtige unterst\u00fctzende Rolle f\u00fcr viele Menschen im Westkap S\u00fcdafrikas spielt.<\/h3>\t\t\t\t<\/div>\n\t\t\t\t<\/div>\n\t\t\t\t<div class=\"elementor-element elementor-element-3b48dd6 elementor-widget elementor-widget-text-editor\" data-id=\"3b48dd6\" data-element_type=\"widget\" data-e-type=\"widget\" data-widget_type=\"text-editor.default\">\n\t\t\t\t<div class=\"elementor-widget-container\">\n\t\t\t\t\t\t\t\t\t<p class=\"p1\">Der holistische Ansatz der Organisation umfasst nun auch integrierte Portfolios in den Bereichen Fr\u00fchkindliche Entwicklung, Pr\u00e4ventive Gesundheitsangebote, Jugendbildung und psychosoziale Unterst\u00fctzung, Berufs- und Karriereberatung, Berufsbildung und praxisorientierte Qualifizierung, F\u00f6rderung von Unternehmertum, Gemeindebasierte Entwicklungsprogramme und Damit schafft HOPE Cape Town konkrete Entwicklungspfade von Bildung zu Besch\u00e4ftigung.<\/p>\t\t\t\t\t\t\t\t<\/div>\n\t\t\t\t<\/div>\n\t\t\t\t\t<\/div>\n\t\t<\/div>\n\t\t\t\t\t<\/div>\n\t\t<\/section>\n\t\t\t\t\t<\/div>\n\t\t<\/div>\n\t\t\t\t<div class=\"elementor-column elementor-col-50 elementor-top-column elementor-element elementor-element-a001a38\" data-id=\"a001a38\" data-element_type=\"column\" data-e-type=\"column\">\n\t\t\t<div class=\"elementor-widget-wrap elementor-element-populated\">\n\t\t\t\t\t\t<div class=\"elementor-element elementor-element-f1bc821 elementor-widget elementor-widget-image\" data-id=\"f1bc821\" data-element_type=\"widget\" data-e-type=\"widget\" data-widget_type=\"image.default\">\n\t\t\t\t<div class=\"elementor-widget-container\">\n\t\t\t\t\t\t\t\t\t\t\t\t\t\t\t<img fetchpriority=\"high\" decoding=\"async\" width=\"1006\" height=\"1024\" src=\"https:\/\/hopecapetown.org\/wp-content\/uploads\/2026\/03\/hope-WHAT-WE-DO-1006x1024.png\" class=\"attachment-large size-large wp-image-26860\" alt=\"\" srcset=\"https:\/\/hopecapetown.org\/wp-content\/uploads\/2026\/03\/hope-WHAT-WE-DO-1006x1024.png 1006w, https:\/\/hopecapetown.org\/wp-content\/uploads\/2026\/03\/hope-WHAT-WE-DO-295x300.png 295w, https:\/\/hopecapetown.org\/wp-content\/uploads\/2026\/03\/hope-WHAT-WE-DO-768x782.png 768w, https:\/\/hopecapetown.org\/wp-content\/uploads\/2026\/03\/hope-WHAT-WE-DO.png 1200w\" sizes=\"(max-width: 1006px) 100vw, 1006px\" \/>\t\t\t\t\t\t\t\t\t\t\t\t\t\t\t<\/div>\n\t\t\t\t<\/div>\n\t\t\t\t\t<\/div>\n\t\t<\/div>\n\t\t\t\t\t<\/div>\n\t\t<\/section>\n\t\t\t\t<section class=\"elementor-section elementor-top-section elementor-element elementor-element-fb02d1b elementor-section-boxed elementor-section-height-default elementor-section-height-default\" data-id=\"fb02d1b\" data-element_type=\"section\" data-e-type=\"section\" data-settings=\"{&quot;_ha_eqh_enable&quot;:false}\">\n\t\t\t\t\t\t\t<div class=\"elementor-background-overlay\"><\/div>\n\t\t\t\t\t\t\t<div class=\"elementor-container elementor-column-gap-default\">\n\t\t\t\t\t<div class=\"elementor-column elementor-col-100 elementor-top-column elementor-element elementor-element-a348948\" data-id=\"a348948\" data-element_type=\"column\" data-e-type=\"column\">\n\t\t\t<div class=\"elementor-widget-wrap elementor-element-populated\">\n\t\t\t\t\t\t<section class=\"elementor-section elementor-inner-section elementor-element elementor-element-ca4e434 elementor-section-boxed elementor-section-height-default elementor-section-height-default\" data-id=\"ca4e434\" data-element_type=\"section\" data-e-type=\"section\" data-settings=\"{&quot;_ha_eqh_enable&quot;:false}\">\n\t\t\t\t\t\t<div class=\"elementor-container elementor-column-gap-default\">\n\t\t\t\t\t<div class=\"elementor-column elementor-col-100 elementor-inner-column elementor-element elementor-element-cae690e\" data-id=\"cae690e\" data-element_type=\"column\" data-e-type=\"column\">\n\t\t\t<div class=\"elementor-widget-wrap elementor-element-populated\">\n\t\t\t\t\t\t<section class=\"elementor-section elementor-inner-section elementor-element elementor-element-b3b2dd8 elementor-section-full_width elementor-section-content-middle elementor-section-height-default elementor-section-height-default\" data-id=\"b3b2dd8\" data-element_type=\"section\" data-e-type=\"section\" data-settings=\"{&quot;_ha_eqh_enable&quot;:false}\">\n\t\t\t\t\t\t<div class=\"elementor-container elementor-column-gap-no\">\n\t\t\t\t\t<div class=\"elementor-column elementor-col-25 elementor-inner-column elementor-element elementor-element-01e49eb\" data-id=\"01e49eb\" data-element_type=\"column\" data-e-type=\"column\">\n\t\t\t<div class=\"elementor-widget-wrap elementor-element-populated\">\n\t\t\t\t\t\t<div class=\"elementor-element elementor-element-a17058b elementor-align-justify elementor-widget elementor-widget-button\" data-id=\"a17058b\" data-element_type=\"widget\" data-e-type=\"widget\" data-widget_type=\"button.default\">\n\t\t\t\t<div class=\"elementor-widget-container\">\n\t\t\t\t\t\t\t\t\t<div class=\"elementor-button-wrapper\">\n\t\t\t\t\t<a class=\"elementor-button elementor-button-link elementor-size-sm\" href=\"https:\/\/hopecapetown.org\/de\/gesundheit\/\">\n\t\t\t\t\t\t<span class=\"elementor-button-content-wrapper\">\n\t\t\t\t\t\t\t\t\t<span class=\"elementor-button-text\">GESUNDHEIT<\/span>\n\t\t\t\t\t<\/span>\n\t\t\t\t\t<\/a>\n\t\t\t\t<\/div>\n\t\t\t\t\t\t\t\t<\/div>\n\t\t\t\t<\/div>\n\t\t\t\t\t<\/div>\n\t\t<\/div>\n\t\t\t\t<div class=\"elementor-column elementor-col-25 elementor-inner-column elementor-element elementor-element-947b2cd\" data-id=\"947b2cd\" data-element_type=\"column\" data-e-type=\"column\">\n\t\t\t<div class=\"elementor-widget-wrap elementor-element-populated\">\n\t\t\t\t\t\t<div class=\"elementor-element elementor-element-ca77e28 elementor-align-justify elementor-widget elementor-widget-button\" data-id=\"ca77e28\" data-element_type=\"widget\" data-e-type=\"widget\" data-widget_type=\"button.default\">\n\t\t\t\t<div class=\"elementor-widget-container\">\n\t\t\t\t\t\t\t\t\t<div class=\"elementor-button-wrapper\">\n\t\t\t\t\t<a class=\"elementor-button elementor-button-link elementor-size-sm\" href=\"https:\/\/hopecapetown.org\/de\/outreach\/\">\n\t\t\t\t\t\t<span class=\"elementor-button-content-wrapper\">\n\t\t\t\t\t\t\t\t\t<span class=\"elementor-button-text\">OUTREACH<\/span>\n\t\t\t\t\t<\/span>\n\t\t\t\t\t<\/a>\n\t\t\t\t<\/div>\n\t\t\t\t\t\t\t\t<\/div>\n\t\t\t\t<\/div>\n\t\t\t\t\t<\/div>\n\t\t<\/div>\n\t\t\t\t<div class=\"elementor-column elementor-col-25 elementor-inner-column elementor-element elementor-element-f9c79c4\" data-id=\"f9c79c4\" data-element_type=\"column\" data-e-type=\"column\">\n\t\t\t<div class=\"elementor-widget-wrap elementor-element-populated\">\n\t\t\t\t\t\t<div class=\"elementor-element elementor-element-4598a81 elementor-align-justify elementor-widget elementor-widget-button\" data-id=\"4598a81\" data-element_type=\"widget\" data-e-type=\"widget\" data-widget_type=\"button.default\">\n\t\t\t\t<div class=\"elementor-widget-container\">\n\t\t\t\t\t\t\t\t\t<div class=\"elementor-button-wrapper\">\n\t\t\t\t\t<a class=\"elementor-button elementor-button-link elementor-size-sm\" href=\"https:\/\/hopecapetown.org\/de\/bildung\/\">\n\t\t\t\t\t\t<span class=\"elementor-button-content-wrapper\">\n\t\t\t\t\t\t\t\t\t<span class=\"elementor-button-text\">BILDUNG<\/span>\n\t\t\t\t\t<\/span>\n\t\t\t\t\t<\/a>\n\t\t\t\t<\/div>\n\t\t\t\t\t\t\t\t<\/div>\n\t\t\t\t<\/div>\n\t\t\t\t\t<\/div>\n\t\t<\/div>\n\t\t\t\t<div class=\"elementor-column elementor-col-25 elementor-inner-column elementor-element elementor-element-7fb5265\" data-id=\"7fb5265\" data-element_type=\"column\" data-e-type=\"column\">\n\t\t\t<div class=\"elementor-widget-wrap elementor-element-populated\">\n\t\t\t\t\t\t<div class=\"elementor-element elementor-element-2becf61 elementor-align-justify elementor-widget elementor-widget-button\" data-id=\"2becf61\" data-element_type=\"widget\" data-e-type=\"widget\" data-widget_type=\"button.default\">\n\t\t\t\t<div class=\"elementor-widget-container\">\n\t\t\t\t\t\t\t\t\t<div class=\"elementor-button-wrapper\">\n\t\t\t\t\t<a class=\"elementor-button elementor-button-link elementor-size-sm\" href=\"https:\/\/hopecapetown.org\/de\/ausbildung\/\">\n\t\t\t\t\t\t<span class=\"elementor-button-content-wrapper\">\n\t\t\t\t\t\t\t\t\t<span class=\"elementor-button-text\">AUSBILDUNG<\/span>\n\t\t\t\t\t<\/span>\n\t\t\t\t\t<\/a>\n\t\t\t\t<\/div>\n\t\t\t\t\t\t\t\t<\/div>\n\t\t\t\t<\/div>\n\t\t\t\t\t<\/div>\n\t\t<\/div>\n\t\t\t\t\t<\/div>\n\t\t<\/section>\n\t\t\t\t\t<\/div>\n\t\t<\/div>\n\t\t\t\t\t<\/div>\n\t\t<\/section>\n\t\t\t\t\t<\/div>\n\t\t<\/div>\n\t\t\t\t\t<\/div>\n\t\t<\/section>\n\t\t\t\t<\/div>\n\t\t","protected":false},"excerpt":{"rendered":"<p>UNSERE ARBEIT Seit unseren Anf\u00e4ngen im Bereich HIV\/AIDS im Jahr 2001, hat sich HOPE Cape Town zu einer ganzheitlichen Entwicklungsorganisation entfaltet, die sich den Herausforderungen in den Bereichen Soziales, Bildung und fr\u00fche Kindheit stellt und eine wichtige unterst\u00fctzende Rolle f\u00fcr viele Menschen im Westkap S\u00fcdafrikas spielt. Der holistische Ansatz der Organisation umfasst nun auch integrierte &hellip;<\/p>\n","protected":false},"author":1,"featured_media":0,"parent":0,"menu_order":0,"comment_status":"closed","ping_status":"closed","template":"elementor_header_footer","meta":{"footnotes":""},"class_list":["post-26872","page","type-page","status-publish","hentry"],"_links":{"self":[{"href":"https:\/\/hopecapetown.org\/de\/wp-json\/wp\/v2\/pages\/26872","targetHints":{"allow":["GET"]}}],"collection":[{"href":"https:\/\/hopecapetown.org\/de\/wp-json\/wp\/v2\/pages"}],"about":[{"href":"https:\/\/hopecapetown.org\/de\/wp-json\/wp\/v2\/types\/page"}],"author":[{"embeddable":true,"href":"https:\/\/hopecapetown.org\/de\/wp-json\/wp\/v2\/users\/1"}],"replies":[{"embeddable":true,"href":"https:\/\/hopecapetown.org\/de\/wp-json\/wp\/v2\/comments?post=26872"}],"version-history":[{"count":21,"href":"https:\/\/hopecapetown.org\/de\/wp-json\/wp\/v2\/pages\/26872\/revisions"}],"predecessor-version":[{"id":26893,"href":"https:\/\/hopecapetown.org\/de\/wp-json\/wp\/v2\/pages\/26872\/revisions\/26893"}],"wp:attachment":[{"href":"https:\/\/hopecapetown.org\/de\/wp-json\/wp\/v2\/media?parent=26872"}],"curies":[{"name":"wp","href":"https:\/\/api.w.org\/{rel}","templated":true}]}}