{"id":19064,"date":"2023-07-09T15:18:54","date_gmt":"2023-07-09T15:18:54","guid":{"rendered":"https:\/\/hopecapetown.org\/wp-sa\/?page_id=19064"},"modified":"2026-01-27T10:40:48","modified_gmt":"2026-01-27T10:40:48","slug":"jahresberichte","status":"publish","type":"page","link":"https:\/\/hopecapetown.org\/de\/nachrichten\/jahresberichte\/","title":{"rendered":"JAHRESBERICHTE"},"content":{"rendered":"\t\t<div data-elementor-type=\"wp-page\" data-elementor-id=\"19064\" class=\"elementor elementor-19064\" data-elementor-settings=\"{&quot;ha_cmc_init_switcher&quot;:&quot;no&quot;}\">\n\t\t\t\t\t\t<section class=\"elementor-section elementor-top-section elementor-element elementor-element-206dabc elementor-section-boxed elementor-section-height-default elementor-section-height-default\" data-id=\"206dabc\" data-element_type=\"section\" data-e-type=\"section\" data-settings=\"{&quot;_ha_eqh_enable&quot;:false}\">\n\t\t\t\t\t\t<div class=\"elementor-container elementor-column-gap-default\">\n\t\t\t\t\t<div class=\"elementor-column elementor-col-50 elementor-top-column elementor-element elementor-element-85cfc1f\" data-id=\"85cfc1f\" data-element_type=\"column\" data-e-type=\"column\">\n\t\t\t<div class=\"elementor-widget-wrap elementor-element-populated\">\n\t\t\t\t\t\t<div class=\"elementor-element elementor-element-2070181 elementor-widget elementor-widget-ucaddon_simple_list_menu\" data-id=\"2070181\" data-element_type=\"widget\" data-e-type=\"widget\" data-widget_type=\"ucaddon_simple_list_menu.default\">\n\t\t\t\t<div class=\"elementor-widget-container\">\n\t\t\t\t\t\n<!-- start List Menu -->\n\t\t<link id='font-awesome-css' href='https:\/\/hopecapetown.org\/wp-content\/plugins\/unlimited-elements-for-elementor\/assets_libraries\/font-awesome6\/fontawesome-all.min.css' type='text\/css' rel='stylesheet' >\n\t\t<link id='font-awesome-4-shim-css' href='https:\/\/hopecapetown.org\/wp-content\/plugins\/unlimited-elements-for-elementor\/assets_libraries\/font-awesome6\/fontawesome-v4-shims.min.css' type='text\/css' rel='stylesheet' >\n\n<style>\/* widget: List Menu *\/\n\n#uc_simple_list_menu_elementor_2070181\n{\n  text-align:left;\n}\n#uc_simple_list_menu_elementor_2070181 ul\n{\n  padding:0;\n  list-style:none;\n  margin:0;\n}\n\n#uc_simple_list_menu_elementor_2070181 ul li\n{\n  padding:0;\n  list-style:none;\n  margin:0;\n}\n\n#uc_simple_list_menu_elementor_2070181 ul li.current_page_item\n{\n  background-color:#f2f2f2;\n}\n\n#uc_simple_list_menu_elementor_2070181 ul ul li.current_page_item\n{\n  background-color:#f2f2f2;\n}\n\n#uc_simple_list_menu_elementor_2070181 ul ul ul li.current_page_item\n{\n  background-color:#e6e6e6;\n}\n\n#uc_simple_list_menu_elementor_2070181 ul li:last-child\n{\n  border-bottom:none;\n}\n\n#uc_simple_list_menu_elementor_2070181 ul li a\n{\n  text-decoration:none;\n  display:block;\n}\n\n\n\n<\/style>\n\n<div id=\"uc_simple_list_menu_elementor_2070181\" class=\"simple_list_menu\">\n<ul id=\"menu-nachrichten\" class=\"uc-list-menu\"><li id=\"menu-item-22891\" class=\"menu-item menu-item-type-post_type menu-item-object-page menu-item-has-children menu-item-22891\"><a href=\"https:\/\/hopecapetown.org\/de\/nachrichten\/in-den-nachrichten\/\">NEWS<\/a>\n<ul class=\"sub-menu\">\n\t<li id=\"menu-item-26269\" class=\"menu-item menu-item-type-post_type menu-item-object-page menu-item-26269\"><a href=\"https:\/\/hopecapetown.org\/de\/nachrichten\/newsletters-2026\/\">NEWSLETTER<\/a><\/li>\n\t<li id=\"menu-item-21483\" class=\"menu-item menu-item-type-post_type menu-item-object-page menu-item-21483\"><a href=\"https:\/\/hopecapetown.org\/de\/nachrichten\/veranstaltungen\/\">VERANSTALTUNGEN<\/a><\/li>\n\t<li id=\"menu-item-21469\" class=\"menu-item menu-item-type-post_type menu-item-object-page menu-item-21469\"><a href=\"https:\/\/hopecapetown.org\/de\/nachrichten\/ausblick\/\">VORSCHAU<\/a><\/li>\n\t<li id=\"menu-item-21470\" class=\"menu-item menu-item-type-post_type menu-item-object-page menu-item-21470\"><a href=\"https:\/\/hopecapetown.org\/de\/nachrichten\/jahresberichte\/\">JAHRESBERICHTE<\/a><\/li>\n\t<li id=\"menu-item-21471\" class=\"menu-item menu-item-type-post_type menu-item-object-page menu-item-21471\"><a href=\"https:\/\/hopecapetown.org\/de\/nachrichten\/archiv-2\/\">ARCHIV<\/a><\/li>\n<\/ul>\n<\/li>\n<\/ul>\n<\/div>\n<!-- end List Menu -->\t\t\t\t<\/div>\n\t\t\t\t<\/div>\n\t\t\t\t\t<\/div>\n\t\t<\/div>\n\t\t\t\t<div class=\"elementor-column elementor-col-50 elementor-top-column elementor-element elementor-element-47cc455\" data-id=\"47cc455\" data-element_type=\"column\" data-e-type=\"column\">\n\t\t\t<div class=\"elementor-widget-wrap elementor-element-populated\">\n\t\t\t\t\t\t<div class=\"elementor-element elementor-element-ec832e8 elementor-widget elementor-widget-heading\" data-id=\"ec832e8\" data-element_type=\"widget\" data-e-type=\"widget\" data-widget_type=\"heading.default\">\n\t\t\t\t<div class=\"elementor-widget-container\">\n\t\t\t\t\t<h2 class=\"elementor-heading-title elementor-size-default\">Jahresberichte \u00fcber HOPE Cape Town Trust<\/h2>\t\t\t\t<\/div>\n\t\t\t\t<\/div>\n\t\t\t\t<div class=\"elementor-element elementor-element-42fdecb elementor-widget elementor-widget-upk-fanel-list\" data-id=\"42fdecb\" data-element_type=\"widget\" data-e-type=\"widget\" data-widget_type=\"upk-fanel-list.default\">\n\t\t\t\t<div class=\"elementor-widget-container\">\n\t\t\t\t\t\t\t<div class=\"upk-fanel-list-container upk-ajax-grid\" data-loadmore=\"[]\">\n\t\t\t<div class=\"upk-fanel-list upk-ajax-grid-wrap\">\n\t\t\t\t\n\t\t\t\t\t\t\t<div class=\"upk-item\">\n\t\t\t<div class=\"upk-item-box\">\n\t\t\t\t<div class=\"upk-image-wrap\">\n\n\t\t\t\t\t<img fetchpriority=\"high\" decoding=\"async\" width=\"591\" height=\"679\" src=\"https:\/\/hopecapetown.org\/wp-content\/uploads\/2025\/11\/Screenshot-2025-11-12-at-09.56.22.png\" class=\"upk-img\" alt=\"HOPE Cape Town Trust Annual Report 2024-2025\" srcset=\"https:\/\/hopecapetown.org\/wp-content\/uploads\/2025\/11\/Screenshot-2025-11-12-at-09.56.22.png 591w, https:\/\/hopecapetown.org\/wp-content\/uploads\/2025\/11\/Screenshot-2025-11-12-at-09.56.22-261x300.png 261w\" sizes=\"(max-width: 591px) 100vw, 591px\" \/>\n\t\t\t\t\t\n\t\t\t\t<\/div>\n\n\t\t\t\t<div class=\"upk-content upk-readmore--yes\">\n\t\t\t\t\t\t\t<div class=\"upk-category\">\n\t\t\t<a href=\"https:\/\/hopecapetown.org\/category\/hope-cape-town-trust-annual-reports\/\" \n\t\t\t\t\t\t\taria-label=\"Category HOPE Cape Town Trust Annual Reports\">HOPE Cape Town Trust Annual Reports<\/a>\t\t<\/div>\n\t\n\t\t\t\t\t<h3 class=\"upk-title\"><a href=\"https:\/\/hopecapetown.org\/de\/hope-cape-town-trust-annual-report-2024-2025\/\" title=\"HOPE Cape Town Trust Annual Report 2024-2025\" class=\"title-animation-underline\" aria-label=\"HOPE Cape Town Trust Annual Report 2024-2025\">HOPE Cape Town Trust Annual Report 2024-2025<\/a><\/h3>\n\t\t\t\t\t\t\t<div class=\"upk-text\">\n\t\t\t\t\t<\/div>\n\t\t\n\t\t\t\t\t\n\t\t\t\t<\/div>\n\t\t\t\t\t\t\t\t\t<a class=\"upk-fanel-read-more\" href=\"https:\/\/hopecapetown.org\/de\/hope-cape-town-trust-annual-report-2024-2025\/\">\n\t\t\t\t\t\t<i class=\"upk-icon-arrow-right-7\" aria-hidden=\"true\"><\/i>\n\t\t\t\t\t<\/a>\n\t\t\t\t\t\t\t<\/div>\n\t\t<\/div>\n\n\t\n\t\t\t\t\n\t\t\t\t\t\t\t<div class=\"upk-item\">\n\t\t\t<div class=\"upk-item-box\">\n\t\t\t\t<div class=\"upk-image-wrap\">\n\n\t\t\t\t\t<img decoding=\"async\" width=\"821\" height=\"946\" src=\"https:\/\/hopecapetown.org\/wp-content\/uploads\/2024\/10\/Hope-Annual-Report-2024-cover.jpg\" class=\"upk-img\" alt=\"HOPE Cape Town Trust Jahresbericht 2023-2024\" srcset=\"https:\/\/hopecapetown.org\/wp-content\/uploads\/2024\/10\/Hope-Annual-Report-2024-cover.jpg 821w, https:\/\/hopecapetown.org\/wp-content\/uploads\/2024\/10\/Hope-Annual-Report-2024-cover-260x300.jpg 260w, https:\/\/hopecapetown.org\/wp-content\/uploads\/2024\/10\/Hope-Annual-Report-2024-cover-768x885.jpg 768w\" sizes=\"(max-width: 821px) 100vw, 821px\" \/>\n\t\t\t\t\t\n\t\t\t\t<\/div>\n\n\t\t\t\t<div class=\"upk-content upk-readmore--yes\">\n\t\t\t\t\t\t\t<div class=\"upk-category\">\n\t\t\t<a href=\"https:\/\/hopecapetown.org\/de\/category\/nuetzliche-info-de\/jahresberichte-ueber-hope-cape-town-trust\/\" \n\t\t\t\t\t\t\taria-label=\"Category Jahresberichte \u00fcber HOPE Cape Town Trust\">Jahresberichte \u00fcber HOPE Cape Town Trust<\/a>\t\t<\/div>\n\t\n\t\t\t\t\t<h3 class=\"upk-title\"><a href=\"https:\/\/hopecapetown.org\/de\/hope-cape-town-trust-annual-report-2023-2024\/\" title=\"HOPE Cape Town Trust Jahresbericht 2023-2024\" class=\"title-animation-underline\" aria-label=\"HOPE Cape Town Trust Jahresbericht 2023-2024\">HOPE Cape Town Trust Jahresbericht 2023-2024<\/a><\/h3>\n\t\t\t\t\t\t\t<div class=\"upk-text\">\n\t\t\t\t\t<\/div>\n\t\t\n\t\t\t\t\t\n\t\t\t\t<\/div>\n\t\t\t\t\t\t\t\t\t<a class=\"upk-fanel-read-more\" href=\"https:\/\/hopecapetown.org\/de\/hope-cape-town-trust-annual-report-2023-2024\/\">\n\t\t\t\t\t\t<i class=\"upk-icon-arrow-right-7\" aria-hidden=\"true\"><\/i>\n\t\t\t\t\t<\/a>\n\t\t\t\t\t\t\t<\/div>\n\t\t<\/div>\n\n\t\n\t\t\t\t\n\t\t\t\t\t\t\t<div class=\"upk-item\">\n\t\t\t<div class=\"upk-item-box\">\n\t\t\t\t<div class=\"upk-image-wrap\">\n\n\t\t\t\t\t<img decoding=\"async\" width=\"890\" height=\"1024\" src=\"https:\/\/hopecapetown.org\/wp-content\/uploads\/2024\/05\/Hope-Annual-Report-2022-2023-cover-890x1024.png\" class=\"upk-img\" alt=\"HOPE Cape Town Trust Annual Report 2022-2023\" srcset=\"https:\/\/hopecapetown.org\/wp-content\/uploads\/2024\/05\/Hope-Annual-Report-2022-2023-cover-890x1024.png 890w, https:\/\/hopecapetown.org\/wp-content\/uploads\/2024\/05\/Hope-Annual-Report-2022-2023-cover-261x300.png 261w, https:\/\/hopecapetown.org\/wp-content\/uploads\/2024\/05\/Hope-Annual-Report-2022-2023-cover-768x883.png 768w, https:\/\/hopecapetown.org\/wp-content\/uploads\/2024\/05\/Hope-Annual-Report-2022-2023-cover-1336x1536.png 1336w, https:\/\/hopecapetown.org\/wp-content\/uploads\/2024\/05\/Hope-Annual-Report-2022-2023-cover.png 1400w\" sizes=\"(max-width: 890px) 100vw, 890px\" \/>\n\t\t\t\t\t\n\t\t\t\t<\/div>\n\n\t\t\t\t<div class=\"upk-content upk-readmore--yes\">\n\t\t\t\t\t\t\t<div class=\"upk-category\">\n\t\t\t<a href=\"https:\/\/hopecapetown.org\/category\/hope-cape-town-trust-annual-reports\/\" \n\t\t\t\t\t\t\taria-label=\"Category HOPE Cape Town Trust Annual Reports\">HOPE Cape Town Trust Annual Reports<\/a>\t\t<\/div>\n\t\n\t\t\t\t\t<h3 class=\"upk-title\"><a href=\"https:\/\/hopecapetown.org\/de\/hope-cape-town-trust-annual-report-2022-2023\/\" title=\"HOPE Cape Town Trust Annual Report 2022-2023\" class=\"title-animation-underline\" aria-label=\"HOPE Cape Town Trust Annual Report 2022-2023\">HOPE Cape Town Trust Annual Report 2022-2023<\/a><\/h3>\n\t\t\t\t\t\t\t<div class=\"upk-text\">\n\t\t\t\t\t<\/div>\n\t\t\n\t\t\t\t\t\n\t\t\t\t<\/div>\n\t\t\t\t\t\t\t\t\t<a class=\"upk-fanel-read-more\" href=\"https:\/\/hopecapetown.org\/de\/hope-cape-town-trust-annual-report-2022-2023\/\">\n\t\t\t\t\t\t<i class=\"upk-icon-arrow-right-7\" aria-hidden=\"true\"><\/i>\n\t\t\t\t\t<\/a>\n\t\t\t\t\t\t\t<\/div>\n\t\t<\/div>\n\n\t\n\t\t\t\t\n\t\t\t\t\t\t\t<div class=\"upk-item\">\n\t\t\t<div class=\"upk-item-box\">\n\t\t\t\t<div class=\"upk-image-wrap\">\n\n\t\t\t\t\t<img loading=\"lazy\" decoding=\"async\" width=\"771\" height=\"887\" src=\"https:\/\/hopecapetown.org\/wp-content\/uploads\/2023\/07\/Hope-Annual-Report-2021-2022-FINAL-1.jpg\" class=\"upk-img\" alt=\"HOPE Cape Town Trust Jahresbericht 2021-2022\" srcset=\"https:\/\/hopecapetown.org\/wp-content\/uploads\/2023\/07\/Hope-Annual-Report-2021-2022-FINAL-1.jpg 771w, https:\/\/hopecapetown.org\/wp-content\/uploads\/2023\/07\/Hope-Annual-Report-2021-2022-FINAL-1-261x300.jpg 261w, https:\/\/hopecapetown.org\/wp-content\/uploads\/2023\/07\/Hope-Annual-Report-2021-2022-FINAL-1-768x884.jpg 768w\" sizes=\"(max-width: 771px) 100vw, 771px\" \/>\n\t\t\t\t\t\n\t\t\t\t<\/div>\n\n\t\t\t\t<div class=\"upk-content upk-readmore--yes\">\n\t\t\t\t\t\t\t<div class=\"upk-category\">\n\t\t\t<a href=\"https:\/\/hopecapetown.org\/de\/category\/nuetzliche-info-de\/jahresberichte-ueber-hope-cape-town-trust\/\" \n\t\t\t\t\t\t\taria-label=\"Category Jahresberichte \u00fcber HOPE Cape Town Trust\">Jahresberichte \u00fcber HOPE Cape Town Trust<\/a>\t\t<\/div>\n\t\n\t\t\t\t\t<h3 class=\"upk-title\"><a href=\"https:\/\/hopecapetown.org\/de\/hope-cape-town-trust-jahresbericht-2021-2022\/\" title=\"HOPE Cape Town Trust Jahresbericht 2021-2022\" class=\"title-animation-underline\" aria-label=\"HOPE Cape Town Trust Jahresbericht 2021-2022\">HOPE Cape Town Trust Jahresbericht 2021-2022<\/a><\/h3>\n\t\t\t\t\t\t\t<div class=\"upk-text\">\n\t\t\t\t\t<\/div>\n\t\t\n\t\t\t\t\t\n\t\t\t\t<\/div>\n\t\t\t\t\t\t\t\t\t<a class=\"upk-fanel-read-more\" href=\"https:\/\/hopecapetown.org\/de\/hope-cape-town-trust-jahresbericht-2021-2022\/\">\n\t\t\t\t\t\t<i class=\"upk-icon-arrow-right-7\" aria-hidden=\"true\"><\/i>\n\t\t\t\t\t<\/a>\n\t\t\t\t\t\t\t<\/div>\n\t\t<\/div>\n\n\t\n\t\t\t\t\n\t\t\t\t\t\t\t<div class=\"upk-item\">\n\t\t\t<div class=\"upk-item-box\">\n\t\t\t\t<div class=\"upk-image-wrap\">\n\n\t\t\t\t\t<img loading=\"lazy\" decoding=\"async\" width=\"724\" height=\"1024\" src=\"https:\/\/hopecapetown.org\/wp-content\/uploads\/2023\/07\/Trust_Annual_Report_2020-2021_LWrev-1-724x1024.jpg\" class=\"upk-img\" alt=\"HOPE Cape Town Trust Jahresbericht 2020-2021\" srcset=\"https:\/\/hopecapetown.org\/wp-content\/uploads\/2023\/07\/Trust_Annual_Report_2020-2021_LWrev-1-724x1024.jpg 724w, https:\/\/hopecapetown.org\/wp-content\/uploads\/2023\/07\/Trust_Annual_Report_2020-2021_LWrev-1-212x300.jpg 212w, https:\/\/hopecapetown.org\/wp-content\/uploads\/2023\/07\/Trust_Annual_Report_2020-2021_LWrev-1-768x1087.jpg 768w, https:\/\/hopecapetown.org\/wp-content\/uploads\/2023\/07\/Trust_Annual_Report_2020-2021_LWrev-1.jpg 810w\" sizes=\"(max-width: 724px) 100vw, 724px\" \/>\n\t\t\t\t\t\n\t\t\t\t<\/div>\n\n\t\t\t\t<div class=\"upk-content upk-readmore--yes\">\n\t\t\t\t\t\t\t<div class=\"upk-category\">\n\t\t\t<a href=\"https:\/\/hopecapetown.org\/de\/category\/nuetzliche-info-de\/jahresberichte-ueber-hope-cape-town-trust\/\" \n\t\t\t\t\t\t\taria-label=\"Category Jahresberichte \u00fcber HOPE Cape Town Trust\">Jahresberichte \u00fcber HOPE Cape Town Trust<\/a>\t\t<\/div>\n\t\n\t\t\t\t\t<h3 class=\"upk-title\"><a href=\"https:\/\/hopecapetown.org\/de\/hope-cape-town-trust-jahresbericht-2020-2021\/\" title=\"HOPE Cape Town Trust Jahresbericht 2020-2021\" class=\"title-animation-underline\" aria-label=\"HOPE Cape Town Trust Jahresbericht 2020-2021\">HOPE Cape Town Trust Jahresbericht 2020-2021<\/a><\/h3>\n\t\t\t\t\t\t\t<div class=\"upk-text\">\n\t\t\t\t\t<\/div>\n\t\t\n\t\t\t\t\t\n\t\t\t\t<\/div>\n\t\t\t\t\t\t\t\t\t<a class=\"upk-fanel-read-more\" href=\"https:\/\/hopecapetown.org\/de\/hope-cape-town-trust-jahresbericht-2020-2021\/\">\n\t\t\t\t\t\t<i class=\"upk-icon-arrow-right-7\" aria-hidden=\"true\"><\/i>\n\t\t\t\t\t<\/a>\n\t\t\t\t\t\t\t<\/div>\n\t\t<\/div>\n\n\t\n\t\t\t\t\n\t\t\t\t\t\t\t<div class=\"upk-item\">\n\t\t\t<div class=\"upk-item-box\">\n\t\t\t\t<div class=\"upk-image-wrap\">\n\n\t\t\t\t\t<img loading=\"lazy\" decoding=\"async\" width=\"724\" height=\"1024\" src=\"https:\/\/hopecapetown.org\/wp-content\/uploads\/2023\/07\/HOPE_Cape_Town_Trust_Annual_Report_2019-2020-1-724x1024.jpg\" class=\"upk-img\" alt=\"HOPE Cape Town Trust Jahresbericht 2019-2020\" srcset=\"https:\/\/hopecapetown.org\/wp-content\/uploads\/2023\/07\/HOPE_Cape_Town_Trust_Annual_Report_2019-2020-1-724x1024.jpg 724w, https:\/\/hopecapetown.org\/wp-content\/uploads\/2023\/07\/HOPE_Cape_Town_Trust_Annual_Report_2019-2020-1-212x300.jpg 212w, https:\/\/hopecapetown.org\/wp-content\/uploads\/2023\/07\/HOPE_Cape_Town_Trust_Annual_Report_2019-2020-1-768x1087.jpg 768w, https:\/\/hopecapetown.org\/wp-content\/uploads\/2023\/07\/HOPE_Cape_Town_Trust_Annual_Report_2019-2020-1.jpg 810w\" sizes=\"(max-width: 724px) 100vw, 724px\" \/>\n\t\t\t\t\t\n\t\t\t\t<\/div>\n\n\t\t\t\t<div class=\"upk-content upk-readmore--yes\">\n\t\t\t\t\t\t\t<div class=\"upk-category\">\n\t\t\t<a href=\"https:\/\/hopecapetown.org\/de\/category\/nuetzliche-info-de\/jahresberichte-ueber-hope-cape-town-trust\/\" \n\t\t\t\t\t\t\taria-label=\"Category Jahresberichte \u00fcber HOPE Cape Town Trust\">Jahresberichte \u00fcber HOPE Cape Town Trust<\/a>\t\t<\/div>\n\t\n\t\t\t\t\t<h3 class=\"upk-title\"><a href=\"https:\/\/hopecapetown.org\/de\/hope-cape-town-trust-jahresbericht-2019-2020\/\" title=\"HOPE Cape Town Trust Jahresbericht 2019-2020\" class=\"title-animation-underline\" aria-label=\"HOPE Cape Town Trust Jahresbericht 2019-2020\">HOPE Cape Town Trust Jahresbericht 2019-2020<\/a><\/h3>\n\t\t\t\t\t\t\t<div class=\"upk-text\">\n\t\t\t\t\t<\/div>\n\t\t\n\t\t\t\t\t\n\t\t\t\t<\/div>\n\t\t\t\t\t\t\t\t\t<a class=\"upk-fanel-read-more\" href=\"https:\/\/hopecapetown.org\/de\/hope-cape-town-trust-jahresbericht-2019-2020\/\">\n\t\t\t\t\t\t<i class=\"upk-icon-arrow-right-7\" aria-hidden=\"true\"><\/i>\n\t\t\t\t\t<\/a>\n\t\t\t\t\t\t\t<\/div>\n\t\t<\/div>\n\n\t\n\t\t\t\t\n\t\t\t\t\t\t\t<div class=\"upk-item\">\n\t\t\t<div class=\"upk-item-box\">\n\t\t\t\t<div class=\"upk-image-wrap\">\n\n\t\t\t\t\t<img loading=\"lazy\" decoding=\"async\" width=\"724\" height=\"1024\" src=\"https:\/\/hopecapetown.org\/wp-content\/uploads\/2023\/07\/Trust-Annual-Report-2018-2019-1-724x1024.jpg\" class=\"upk-img\" alt=\"HOPE Cape Town Trust Jahresbericht 2018-2019\" srcset=\"https:\/\/hopecapetown.org\/wp-content\/uploads\/2023\/07\/Trust-Annual-Report-2018-2019-1-724x1024.jpg 724w, https:\/\/hopecapetown.org\/wp-content\/uploads\/2023\/07\/Trust-Annual-Report-2018-2019-1-212x300.jpg 212w, https:\/\/hopecapetown.org\/wp-content\/uploads\/2023\/07\/Trust-Annual-Report-2018-2019-1-768x1087.jpg 768w, https:\/\/hopecapetown.org\/wp-content\/uploads\/2023\/07\/Trust-Annual-Report-2018-2019-1.jpg 810w\" sizes=\"(max-width: 724px) 100vw, 724px\" \/>\n\t\t\t\t\t\n\t\t\t\t<\/div>\n\n\t\t\t\t<div class=\"upk-content upk-readmore--yes\">\n\t\t\t\t\t\t\t<div class=\"upk-category\">\n\t\t\t<a href=\"https:\/\/hopecapetown.org\/de\/category\/nuetzliche-info-de\/jahresberichte-ueber-hope-cape-town-trust\/\" \n\t\t\t\t\t\t\taria-label=\"Category Jahresberichte \u00fcber HOPE Cape Town Trust\">Jahresberichte \u00fcber HOPE Cape Town Trust<\/a>\t\t<\/div>\n\t\n\t\t\t\t\t<h3 class=\"upk-title\"><a href=\"https:\/\/hopecapetown.org\/de\/hope-cape-town-trust-jahresbericht-2018-2019\/\" title=\"HOPE Cape Town Trust Jahresbericht 2018-2019\" class=\"title-animation-underline\" aria-label=\"HOPE Cape Town Trust Jahresbericht 2018-2019\">HOPE Cape Town Trust Jahresbericht 2018-2019<\/a><\/h3>\n\t\t\t\t\t\t\t<div class=\"upk-text\">\n\t\t\t\t\t<\/div>\n\t\t\n\t\t\t\t\t\n\t\t\t\t<\/div>\n\t\t\t\t\t\t\t\t\t<a class=\"upk-fanel-read-more\" href=\"https:\/\/hopecapetown.org\/de\/hope-cape-town-trust-jahresbericht-2018-2019\/\">\n\t\t\t\t\t\t<i class=\"upk-icon-arrow-right-7\" aria-hidden=\"true\"><\/i>\n\t\t\t\t\t<\/a>\n\t\t\t\t\t\t\t<\/div>\n\t\t<\/div>\n\n\t\n\t\t\t\t\t\t\t<\/div>\n\t\t<\/div>\n\n\t\t\n\t\t\t\t\t<div class=\"ep-pagination\">\n\t\t\t\t<ul class=\"upk-pagination\" data-widget-id=\"42fdecb\">\n<li class=\"upk-active\"><a href=\"https:\/\/hopecapetown.org\/de\/wp-json\/wp\/v2\/pages\/19064\/\">1<\/a><\/li>\n<li><a href=\"https:\/\/hopecapetown.org\/de\/wp-json\/wp\/v2\/pages\/19064\/page\/2\/\">2<\/a><\/li>\n<li class=\"upk-pagination-next\"><a href=\"https:\/\/hopecapetown.org\/de\/wp-json\/wp\/v2\/pages\/19064\/page\/2\/\" aria-label=\"Next Page\"><span data-upk-pagination-next><i class=\"upk-icon-arrow-right-5\" aria-hidden=\"true\"><\/i><\/span><\/a><\/li>\n<\/ul>\n\t\t\t<\/div>\n\t\t\t\t<\/div>\n\t\t\t\t<\/div>\n\t\t\t\t\t<\/div>\n\t\t<\/div>\n\t\t\t\t\t<\/div>\n\t\t<\/section>\n\t\t\t\t<section class=\"elementor-section elementor-top-section elementor-element elementor-element-342249b elementor-section-boxed elementor-section-height-default elementor-section-height-default\" data-id=\"342249b\" data-element_type=\"section\" data-e-type=\"section\" data-settings=\"{&quot;_ha_eqh_enable&quot;:false}\">\n\t\t\t\t\t\t<div class=\"elementor-container elementor-column-gap-default\">\n\t\t\t\t\t<div class=\"elementor-column elementor-col-50 elementor-top-column elementor-element elementor-element-59dd17f\" data-id=\"59dd17f\" data-element_type=\"column\" data-e-type=\"column\">\n\t\t\t<div class=\"elementor-widget-wrap\">\n\t\t\t\t\t\t\t<\/div>\n\t\t<\/div>\n\t\t\t\t<div class=\"elementor-column elementor-col-50 elementor-top-column elementor-element elementor-element-f97eee3\" data-id=\"f97eee3\" data-element_type=\"column\" data-e-type=\"column\">\n\t\t\t<div class=\"elementor-widget-wrap\">\n\t\t\t\t\t\t\t<\/div>\n\t\t<\/div>\n\t\t\t\t\t<\/div>\n\t\t<\/section>\n\t\t\t\t<\/div>\n\t\t","protected":false},"excerpt":{"rendered":"<p>NEWS VERANSTALTUNGEN VORSCHAU JAHRESBERICHTE ARCHIV Jahresberichte \u00fcber HOPE Cape Town Trust Jahresberichte \u00fcber HOPE Cape Town Trust HOPE Cape Town Trust Jahresbericht 2023-2024 Jahresberichte \u00fcber HOPE Cape Town Trust HOPE Cape Town Trust Jahresbericht 2021-2022 Jahresberichte \u00fcber HOPE Cape Town Trust HOPE Cape Town Trust Jahresbericht 2020-2021 Jahresberichte \u00fcber HOPE Cape Town Trust HOPE Cape &hellip;<\/p>\n","protected":false},"author":1,"featured_media":0,"parent":19532,"menu_order":0,"comment_status":"closed","ping_status":"closed","template":"template-fullwidth.php","meta":{"footnotes":""},"class_list":["post-19064","page","type-page","status-publish","hentry"],"_links":{"self":[{"href":"https:\/\/hopecapetown.org\/de\/wp-json\/wp\/v2\/pages\/19064","targetHints":{"allow":["GET"]}}],"collection":[{"href":"https:\/\/hopecapetown.org\/de\/wp-json\/wp\/v2\/pages"}],"about":[{"href":"https:\/\/hopecapetown.org\/de\/wp-json\/wp\/v2\/types\/page"}],"author":[{"embeddable":true,"href":"https:\/\/hopecapetown.org\/de\/wp-json\/wp\/v2\/users\/1"}],"replies":[{"embeddable":true,"href":"https:\/\/hopecapetown.org\/de\/wp-json\/wp\/v2\/comments?post=19064"}],"version-history":[{"count":24,"href":"https:\/\/hopecapetown.org\/de\/wp-json\/wp\/v2\/pages\/19064\/revisions"}],"predecessor-version":[{"id":25803,"href":"https:\/\/hopecapetown.org\/de\/wp-json\/wp\/v2\/pages\/19064\/revisions\/25803"}],"up":[{"embeddable":true,"href":"https:\/\/hopecapetown.org\/de\/wp-json\/wp\/v2\/pages\/19532"}],"wp:attachment":[{"href":"https:\/\/hopecapetown.org\/de\/wp-json\/wp\/v2\/media?parent=19064"}],"curies":[{"name":"wp","href":"https:\/\/api.w.org\/{rel}","templated":true}]}}