{"id":18776,"date":"2023-09-28T10:14:30","date_gmt":"2023-09-28T10:14:30","guid":{"rendered":"https:\/\/hopecapetown.org\/wp-sa\/?page_id=18776"},"modified":"2025-01-15T14:18:15","modified_gmt":"2025-01-15T14:18:15","slug":"blikkiesdorp-de","status":"publish","type":"page","link":"https:\/\/hopecapetown.org\/de\/blikkiesdorp-de\/","title":{"rendered":"Blikkiesdorp"},"content":{"rendered":"\t\t<div data-elementor-type=\"wp-page\" data-elementor-id=\"18776\" class=\"elementor elementor-18776\" data-elementor-settings=\"{&quot;ha_cmc_init_switcher&quot;:&quot;no&quot;}\">\n\t\t\t\t\t\t<section class=\"elementor-section elementor-top-section elementor-element elementor-element-dd0bf45 elementor-section-boxed elementor-section-height-default elementor-section-height-default\" data-id=\"dd0bf45\" data-element_type=\"section\" data-e-type=\"section\" data-settings=\"{&quot;_ha_eqh_enable&quot;:false}\">\n\t\t\t\t\t\t\t<div class=\"elementor-background-overlay\"><\/div>\n\t\t\t\t\t\t\t<div class=\"elementor-container elementor-column-gap-no\">\n\t\t\t\t\t<div class=\"elementor-column elementor-col-50 elementor-top-column elementor-element elementor-element-b71dff7\" data-id=\"b71dff7\" data-element_type=\"column\" data-e-type=\"column\">\n\t\t\t<div class=\"elementor-widget-wrap elementor-element-populated\">\n\t\t\t\t\t\t<section class=\"elementor-section elementor-inner-section elementor-element elementor-element-79b3a5f elementor-section-boxed elementor-section-height-default elementor-section-height-default\" data-id=\"79b3a5f\" data-element_type=\"section\" data-e-type=\"section\" data-settings=\"{&quot;_ha_eqh_enable&quot;:false}\">\n\t\t\t\t\t\t<div class=\"elementor-container elementor-column-gap-default\">\n\t\t\t\t\t<div class=\"elementor-column elementor-col-100 elementor-inner-column elementor-element elementor-element-f972d87\" data-id=\"f972d87\" data-element_type=\"column\" data-e-type=\"column\">\n\t\t\t<div class=\"elementor-widget-wrap elementor-element-populated\">\n\t\t\t\t\t\t<div class=\"elementor-element elementor-element-f499f31 elementor-widget elementor-widget-heading\" data-id=\"f499f31\" data-element_type=\"widget\" data-e-type=\"widget\" data-widget_type=\"heading.default\">\n\t\t\t\t<div class=\"elementor-widget-container\">\n\t\t\t\t\t<h1 class=\"elementor-heading-title elementor-size-default\">Wo wir arbeiten<\/h1>\t\t\t\t<\/div>\n\t\t\t\t<\/div>\n\t\t\t\t<div class=\"elementor-element elementor-element-eaa1830 elementor-widget elementor-widget-heading\" data-id=\"eaa1830\" data-element_type=\"widget\" data-e-type=\"widget\" data-widget_type=\"heading.default\">\n\t\t\t\t<div class=\"elementor-widget-container\">\n\t\t\t\t\t<h3 class=\"elementor-heading-title elementor-size-default\">Seit dem ersten Kontakt und der Er\u00f6ffnung der G7 iThemba Station im Tygerberg Kinderkrankenhaus im Jahr 2001, ist die Pr\u00e4senz von HOPE Cape Town enorm gewachsen.<\/h3>\t\t\t\t<\/div>\n\t\t\t\t<\/div>\n\t\t\t\t<div class=\"elementor-element elementor-element-527aef9a elementor-widget elementor-widget-text-editor\" data-id=\"527aef9a\" data-element_type=\"widget\" data-e-type=\"widget\" data-widget_type=\"text-editor.default\">\n\t\t\t\t<div class=\"elementor-widget-container\">\n\t\t\t\t\t\t\t\t\t<p class=\"p1\">Heute unterst\u00fctzen wir j\u00e4hrlich mehr als 200.000 Menschen aktiv durch medizinische Versorgung, Beratung und soziale Dienste, Ausbildung und Entwicklung, Bildung und Empowerment in verschiedenen Township-Kliniken am Westkap, im Containerdorf Blikkiesdorp und auf dem Campus von HOPE Cape Town &#8220;The Nex-Indawo Yethu&#8221; in Delft.<\/p>\t\t\t\t\t\t\t\t<\/div>\n\t\t\t\t<\/div>\n\t\t\t\t\t<\/div>\n\t\t<\/div>\n\t\t\t\t\t<\/div>\n\t\t<\/section>\n\t\t\t\t\t<\/div>\n\t\t<\/div>\n\t\t\t\t<div class=\"elementor-column elementor-col-50 elementor-top-column elementor-element elementor-element-e8c91e6\" data-id=\"e8c91e6\" data-element_type=\"column\" data-e-type=\"column\">\n\t\t\t<div class=\"elementor-widget-wrap elementor-element-populated\">\n\t\t\t\t\t\t<div class=\"elementor-element elementor-element-ad115e8 elementor-widget elementor-widget-image\" data-id=\"ad115e8\" data-element_type=\"widget\" data-e-type=\"widget\" data-widget_type=\"image.default\">\n\t\t\t\t<div class=\"elementor-widget-container\">\n\t\t\t\t\t\t\t\t\t\t\t\t\t\t\t<img fetchpriority=\"high\" decoding=\"async\" width=\"1005\" height=\"1024\" src=\"https:\/\/hopecapetown.org\/wp-content\/uploads\/2023\/09\/where-we-work-2-1005x1024.png\" class=\"attachment-large size-large wp-image-16894\" alt=\"\" srcset=\"https:\/\/hopecapetown.org\/wp-content\/uploads\/2023\/09\/where-we-work-2-1005x1024.png 1005w, https:\/\/hopecapetown.org\/wp-content\/uploads\/2023\/09\/where-we-work-2-295x300.png 295w, https:\/\/hopecapetown.org\/wp-content\/uploads\/2023\/09\/where-we-work-2-768x782.png 768w, https:\/\/hopecapetown.org\/wp-content\/uploads\/2023\/09\/where-we-work-2.png 1300w\" sizes=\"(max-width: 1005px) 100vw, 1005px\" \/>\t\t\t\t\t\t\t\t\t\t\t\t\t\t\t<\/div>\n\t\t\t\t<\/div>\n\t\t\t\t\t<\/div>\n\t\t<\/div>\n\t\t\t\t\t<\/div>\n\t\t<\/section>\n\t\t\t\t<section class=\"elementor-section elementor-top-section elementor-element elementor-element-2bfdb6e elementor-section-full_width elementor-section-height-default elementor-section-height-default\" data-id=\"2bfdb6e\" data-element_type=\"section\" data-e-type=\"section\" data-settings=\"{&quot;_ha_eqh_enable&quot;:false}\">\n\t\t\t\t\t\t\t<div class=\"elementor-background-overlay\"><\/div>\n\t\t\t\t\t\t\t<div class=\"elementor-container elementor-column-gap-default\">\n\t\t\t\t\t<div class=\"elementor-column elementor-col-100 elementor-top-column elementor-element elementor-element-239c312\" data-id=\"239c312\" data-element_type=\"column\" data-e-type=\"column\">\n\t\t\t<div class=\"elementor-widget-wrap elementor-element-populated\">\n\t\t\t\t\t\t<section class=\"elementor-section elementor-inner-section elementor-element elementor-element-ce748d8 elementor-section-boxed elementor-section-height-default elementor-section-height-default\" data-id=\"ce748d8\" data-element_type=\"section\" data-e-type=\"section\" data-settings=\"{&quot;_ha_eqh_enable&quot;:false}\">\n\t\t\t\t\t\t<div class=\"elementor-container elementor-column-gap-default\">\n\t\t\t\t\t<div class=\"elementor-column elementor-col-100 elementor-inner-column elementor-element elementor-element-4ba45d4\" data-id=\"4ba45d4\" data-element_type=\"column\" data-e-type=\"column\">\n\t\t\t<div class=\"elementor-widget-wrap elementor-element-populated\">\n\t\t\t\t\t\t<section class=\"elementor-section elementor-inner-section elementor-element elementor-element-a77e0e4 elementor-section-full_width elementor-section-content-middle elementor-section-height-default elementor-section-height-default\" data-id=\"a77e0e4\" data-element_type=\"section\" data-e-type=\"section\" data-settings=\"{&quot;_ha_eqh_enable&quot;:false}\">\n\t\t\t\t\t\t<div class=\"elementor-container elementor-column-gap-no\">\n\t\t\t\t\t<div class=\"elementor-column elementor-col-25 elementor-inner-column elementor-element elementor-element-a5fa3c9\" data-id=\"a5fa3c9\" data-element_type=\"column\" data-e-type=\"column\">\n\t\t\t<div class=\"elementor-widget-wrap elementor-element-populated\">\n\t\t\t\t\t\t<div class=\"elementor-element elementor-element-4ad5de9 elementor-align-justify elementor-widget-tablet__width-initial elementor-tablet-align-justify elementor-mobile-align-justify elementor-widget__width-initial elementor-widget elementor-widget-button\" data-id=\"4ad5de9\" data-element_type=\"widget\" data-e-type=\"widget\" data-widget_type=\"button.default\">\n\t\t\t\t<div class=\"elementor-widget-container\">\n\t\t\t\t\t\t\t\t\t<div class=\"elementor-button-wrapper\">\n\t\t\t\t\t<a class=\"elementor-button elementor-button-link elementor-size-sm\" href=\"https:\/\/hopecapetown.org\/de\/tygerberg-krankenhaus\/#read-more\">\n\t\t\t\t\t\t<span class=\"elementor-button-content-wrapper\">\n\t\t\t\t\t\t\t\t\t<span class=\"elementor-button-text\">Tygerberg Hospital<\/span>\n\t\t\t\t\t<\/span>\n\t\t\t\t\t<\/a>\n\t\t\t\t<\/div>\n\t\t\t\t\t\t\t\t<\/div>\n\t\t\t\t<\/div>\n\t\t\t\t\t<\/div>\n\t\t<\/div>\n\t\t\t\t<div class=\"elementor-column elementor-col-25 elementor-inner-column elementor-element elementor-element-4fa87b4\" data-id=\"4fa87b4\" data-element_type=\"column\" data-e-type=\"column\">\n\t\t\t<div class=\"elementor-widget-wrap elementor-element-populated\">\n\t\t\t\t\t\t<div class=\"elementor-element elementor-element-68b674d elementor-align-justify elementor-widget__width-initial elementor-widget-tablet__width-initial elementor-tablet-align-center elementor-mobile-align-justify elementor-widget elementor-widget-button\" data-id=\"68b674d\" data-element_type=\"widget\" data-e-type=\"widget\" data-widget_type=\"button.default\">\n\t\t\t\t<div class=\"elementor-widget-container\">\n\t\t\t\t\t\t\t\t\t<div class=\"elementor-button-wrapper\">\n\t\t\t\t\t<a class=\"elementor-button elementor-button-link elementor-size-sm\" href=\"https:\/\/hopecapetown.org\/de\/the-next-indawo-yethu-de\/\">\n\t\t\t\t\t\t<span class=\"elementor-button-content-wrapper\">\n\t\t\t\t\t\t\t\t\t<span class=\"elementor-button-text\">THE NEX-INDAWO YETHU<\/span>\n\t\t\t\t\t<\/span>\n\t\t\t\t\t<\/a>\n\t\t\t\t<\/div>\n\t\t\t\t\t\t\t\t<\/div>\n\t\t\t\t<\/div>\n\t\t\t\t\t<\/div>\n\t\t<\/div>\n\t\t\t\t<div class=\"elementor-column elementor-col-25 elementor-inner-column elementor-element elementor-element-2ace6c1\" data-id=\"2ace6c1\" data-element_type=\"column\" data-e-type=\"column\">\n\t\t\t<div class=\"elementor-widget-wrap elementor-element-populated\">\n\t\t\t\t\t\t<div class=\"elementor-element elementor-element-72066a6 elementor-align-justify elementor-widget__width-initial elementor-widget-tablet__width-initial elementor-tablet-align-center elementor-mobile-align-justify elementor-widget elementor-widget-button\" data-id=\"72066a6\" data-element_type=\"widget\" data-e-type=\"widget\" data-widget_type=\"button.default\">\n\t\t\t\t<div class=\"elementor-widget-container\">\n\t\t\t\t\t\t\t\t\t<div class=\"elementor-button-wrapper\">\n\t\t\t\t\t<a class=\"elementor-button elementor-button-link elementor-size-sm\" href=\"https:\/\/hopecapetown.org\/de\/blikkiesdorp-de\/#read-more\">\n\t\t\t\t\t\t<span class=\"elementor-button-content-wrapper\">\n\t\t\t\t\t\t\t\t\t<span class=\"elementor-button-text\">BLIKKIESDORP<\/span>\n\t\t\t\t\t<\/span>\n\t\t\t\t\t<\/a>\n\t\t\t\t<\/div>\n\t\t\t\t\t\t\t\t<\/div>\n\t\t\t\t<\/div>\n\t\t\t\t\t<\/div>\n\t\t<\/div>\n\t\t\t\t<div class=\"elementor-column elementor-col-25 elementor-inner-column elementor-element elementor-element-4707c43\" data-id=\"4707c43\" data-element_type=\"column\" data-e-type=\"column\">\n\t\t\t<div class=\"elementor-widget-wrap elementor-element-populated\">\n\t\t\t\t\t\t\t<\/div>\n\t\t<\/div>\n\t\t\t\t\t<\/div>\n\t\t<\/section>\n\t\t\t\t\t<\/div>\n\t\t<\/div>\n\t\t\t\t\t<\/div>\n\t\t<\/section>\n\t\t\t\t\t<\/div>\n\t\t<\/div>\n\t\t\t\t\t<\/div>\n\t\t<\/section>\n\t\t\t\t<section class=\"elementor-section elementor-top-section elementor-element elementor-element-c792029 elementor-section-boxed elementor-section-height-default elementor-section-height-default\" data-id=\"c792029\" data-element_type=\"section\" data-e-type=\"section\" data-settings=\"{&quot;_ha_eqh_enable&quot;:false}\">\n\t\t\t\t\t\t<div class=\"elementor-container elementor-column-gap-default\">\n\t\t\t\t\t<div class=\"elementor-column elementor-col-100 elementor-top-column elementor-element elementor-element-4f9b987\" data-id=\"4f9b987\" data-element_type=\"column\" data-e-type=\"column\">\n\t\t\t<div class=\"elementor-widget-wrap elementor-element-populated\">\n\t\t\t\t\t\t<div class=\"elementor-element elementor-element-3e6b147 elementor-widget elementor-widget-menu-anchor\" data-id=\"3e6b147\" data-element_type=\"widget\" data-e-type=\"widget\" data-widget_type=\"menu-anchor.default\">\n\t\t\t\t<div class=\"elementor-widget-container\">\n\t\t\t\t\t\t\t<div class=\"elementor-menu-anchor\" id=\"read-more\"><\/div>\n\t\t\t\t\t\t<\/div>\n\t\t\t\t<\/div>\n\t\t\t\t<div class=\"elementor-element elementor-element-037c36c elementor-widget elementor-widget-text-editor\" data-id=\"037c36c\" data-element_type=\"widget\" data-e-type=\"widget\" data-widget_type=\"text-editor.default\">\n\t\t\t\t<div class=\"elementor-widget-container\">\n\t\t\t\t\t\t\t\t\t<h4 class=\"p1\">BLIKKIESDORP OUTREACH ZENTRUM<\/h4><h3>2009 HOPE Cape Town initiierte gemeindebasierte Aktivit\u00e4ten in der Blikkiesdorp semi-permanenten Siedlung am Rande von Delft.<\/h3><p class=\"p1\">In unserem &#8220;Containerdorf&#8221; bieten wir eine Reihe von Dienstleistungen an, darunter p\u00e4dagogische und therapeutische Aktivit\u00e4ten f\u00fcr Kinder, Jugendliche und nicht registrierte Schulkinder.<\/p><p class=\"p1\">Unser Outreach Zentrum ist zu einem sicheren Ort f\u00fcr die Gemeinschaft geworden, insbesondere f\u00fcr die Kinder. Die Mitarbeiter und Freiwilligen von HOPE Cape Town werden als Vorbilder gesehen, die den Menschen erm\u00f6glichen, ihre F\u00e4higkeiten und Kenntnisse zu entwickeln. F\u00fcr die meisten Kinder, die an den verschiedenen Programmen im Zentrum teilnehmen, ist es oft die einzige Zeit, in der sie eine nahrhafte Mahlzeit bekommen und beaufsichtigt und unbeschwert spielen k\u00f6nnen.\u00a0 Das Zentrum ist ein wahrer Hoffnungsschimmer und ein &#8220;zweites Zuhause&#8221; geworden, da viele von ihnen ihre eigenen Familien mit Begriffen wie Vernachl\u00e4ssigung, Gewalt und Missbrauch in Verbindung bringen.<\/p>\t\t\t\t\t\t\t\t<\/div>\n\t\t\t\t<\/div>\n\t\t\t\t<div class=\"elementor-element elementor-element-5b1f8ce elementor-widget elementor-widget-text-editor\" data-id=\"5b1f8ce\" data-element_type=\"widget\" data-e-type=\"widget\" data-widget_type=\"text-editor.default\">\n\t\t\t\t<div class=\"elementor-widget-container\">\n\t\t\t\t\t\t\t\t\t<p><img decoding=\"async\" class=\"aligncenter wp-image-16866 size-full\" src=\"https:\/\/hopecapetown.org\/wp-content\/uploads\/2023\/09\/Where-we-work-Blikkiesdorp-spread-1800.jpg\" alt=\"\" width=\"1800\" height=\"1200\" srcset=\"https:\/\/hopecapetown.org\/wp-content\/uploads\/2023\/09\/Where-we-work-Blikkiesdorp-spread-1800.jpg 1800w, https:\/\/hopecapetown.org\/wp-content\/uploads\/2023\/09\/Where-we-work-Blikkiesdorp-spread-1800-300x200.jpg 300w, https:\/\/hopecapetown.org\/wp-content\/uploads\/2023\/09\/Where-we-work-Blikkiesdorp-spread-1800-1024x683.jpg 1024w, https:\/\/hopecapetown.org\/wp-content\/uploads\/2023\/09\/Where-we-work-Blikkiesdorp-spread-1800-768x512.jpg 768w, https:\/\/hopecapetown.org\/wp-content\/uploads\/2023\/09\/Where-we-work-Blikkiesdorp-spread-1800-1536x1024.jpg 1536w\" sizes=\"(max-width: 1800px) 100vw, 1800px\" \/><\/p>\t\t\t\t\t\t\t\t<\/div>\n\t\t\t\t<\/div>\n\t\t\t\t\t<\/div>\n\t\t<\/div>\n\t\t\t\t\t<\/div>\n\t\t<\/section>\n\t\t\t\t<section class=\"elementor-section elementor-top-section elementor-element elementor-element-5257b9d elementor-section-boxed elementor-section-height-default elementor-section-height-default\" data-id=\"5257b9d\" data-element_type=\"section\" data-e-type=\"section\" data-settings=\"{&quot;_ha_eqh_enable&quot;:false}\">\n\t\t\t\t\t\t<div class=\"elementor-container elementor-column-gap-default\">\n\t\t\t\t\t<div class=\"elementor-column elementor-col-100 elementor-top-column elementor-element elementor-element-586ea30\" data-id=\"586ea30\" data-element_type=\"column\" data-e-type=\"column\">\n\t\t\t<div class=\"elementor-widget-wrap elementor-element-populated\">\n\t\t\t\t\t\t<section class=\"elementor-section elementor-inner-section elementor-element elementor-element-6890bc9 elementor-section-boxed elementor-section-height-default elementor-section-height-default\" data-id=\"6890bc9\" data-element_type=\"section\" data-e-type=\"section\" data-settings=\"{&quot;_ha_eqh_enable&quot;:false}\">\n\t\t\t\t\t\t<div class=\"elementor-container elementor-column-gap-default\">\n\t\t\t\t\t<div class=\"elementor-column elementor-col-50 elementor-inner-column elementor-element elementor-element-93f83a0\" data-id=\"93f83a0\" data-element_type=\"column\" data-e-type=\"column\">\n\t\t\t<div class=\"elementor-widget-wrap elementor-element-populated\">\n\t\t\t\t\t\t<div class=\"elementor-element elementor-element-d428ca5 elementor-widget elementor-widget-image\" data-id=\"d428ca5\" data-element_type=\"widget\" data-e-type=\"widget\" data-widget_type=\"image.default\">\n\t\t\t\t<div class=\"elementor-widget-container\">\n\t\t\t\t\t\t\t\t\t\t\t\t\t\t\t<img decoding=\"async\" width=\"768\" height=\"513\" src=\"https:\/\/hopecapetown.org\/wp-content\/uploads\/2023\/10\/HOPE_Cape_Town_blikkies-H_347-768x513.jpg\" class=\"attachment-medium_large size-medium_large wp-image-17528\" alt=\"\" srcset=\"https:\/\/hopecapetown.org\/wp-content\/uploads\/2023\/10\/HOPE_Cape_Town_blikkies-H_347-768x513.jpg 768w, https:\/\/hopecapetown.org\/wp-content\/uploads\/2023\/10\/HOPE_Cape_Town_blikkies-H_347-300x200.jpg 300w, https:\/\/hopecapetown.org\/wp-content\/uploads\/2023\/10\/HOPE_Cape_Town_blikkies-H_347-1024x684.jpg 1024w, https:\/\/hopecapetown.org\/wp-content\/uploads\/2023\/10\/HOPE_Cape_Town_blikkies-H_347.jpg 1300w\" sizes=\"(max-width: 768px) 100vw, 768px\" \/>\t\t\t\t\t\t\t\t\t\t\t\t\t\t\t<\/div>\n\t\t\t\t<\/div>\n\t\t\t\t\t<\/div>\n\t\t<\/div>\n\t\t\t\t<div class=\"elementor-column elementor-col-50 elementor-inner-column elementor-element elementor-element-30b43ee\" data-id=\"30b43ee\" data-element_type=\"column\" data-e-type=\"column\">\n\t\t\t<div class=\"elementor-widget-wrap elementor-element-populated\">\n\t\t\t\t\t\t<div class=\"elementor-element elementor-element-2b0da19 elementor-widget elementor-widget-text-editor\" data-id=\"2b0da19\" data-element_type=\"widget\" data-e-type=\"widget\" data-widget_type=\"text-editor.default\">\n\t\t\t\t<div class=\"elementor-widget-container\">\n\t\t\t\t\t\t\t\t\tDas HOPE Cape Town Containerdorf in Blikkiesdorp wird von der \u00f6rtlichen Gemeinschaft als ein Ort der Unterst\u00fctzung angesehen, wenn sie dringend Hilfe ben\u00f6tigen.\t\t\t\t\t\t\t\t<\/div>\n\t\t\t\t<\/div>\n\t\t\t\t\t<\/div>\n\t\t<\/div>\n\t\t\t\t\t<\/div>\n\t\t<\/section>\n\t\t\t\t\t<\/div>\n\t\t<\/div>\n\t\t\t\t\t<\/div>\n\t\t<\/section>\n\t\t\t\t<\/div>\n\t\t","protected":false},"excerpt":{"rendered":"<p>Wo wir arbeiten Seit dem ersten Kontakt und der Er\u00f6ffnung der G7 iThemba Station im Tygerberg Kinderkrankenhaus im Jahr 2001, ist die Pr\u00e4senz von HOPE Cape Town enorm gewachsen. Heute unterst\u00fctzen wir j\u00e4hrlich mehr als 200.000 Menschen aktiv durch medizinische Versorgung, Beratung und soziale Dienste, Ausbildung und Entwicklung, Bildung und Empowerment in verschiedenen Township-Kliniken am &hellip;<\/p>\n","protected":false},"author":1,"featured_media":0,"parent":0,"menu_order":0,"comment_status":"closed","ping_status":"closed","template":"elementor_header_footer","meta":{"footnotes":""},"class_list":["post-18776","page","type-page","status-publish","hentry"],"_links":{"self":[{"href":"https:\/\/hopecapetown.org\/de\/wp-json\/wp\/v2\/pages\/18776","targetHints":{"allow":["GET"]}}],"collection":[{"href":"https:\/\/hopecapetown.org\/de\/wp-json\/wp\/v2\/pages"}],"about":[{"href":"https:\/\/hopecapetown.org\/de\/wp-json\/wp\/v2\/types\/page"}],"author":[{"embeddable":true,"href":"https:\/\/hopecapetown.org\/de\/wp-json\/wp\/v2\/users\/1"}],"replies":[{"embeddable":true,"href":"https:\/\/hopecapetown.org\/de\/wp-json\/wp\/v2\/comments?post=18776"}],"version-history":[{"count":71,"href":"https:\/\/hopecapetown.org\/de\/wp-json\/wp\/v2\/pages\/18776\/revisions"}],"predecessor-version":[{"id":23845,"href":"https:\/\/hopecapetown.org\/de\/wp-json\/wp\/v2\/pages\/18776\/revisions\/23845"}],"wp:attachment":[{"href":"https:\/\/hopecapetown.org\/de\/wp-json\/wp\/v2\/media?parent=18776"}],"curies":[{"name":"wp","href":"https:\/\/api.w.org\/{rel}","templated":true}]}}