{"id":18634,"date":"2023-10-13T10:03:52","date_gmt":"2023-10-13T10:03:52","guid":{"rendered":"https:\/\/hopecapetown.org\/wp-sa\/?page_id=18634"},"modified":"2026-02-25T07:55:32","modified_gmt":"2026-02-25T07:55:32","slug":"buchen-sie-bei-uns","status":"publish","type":"page","link":"https:\/\/hopecapetown.org\/de\/buchen-sie-bei-uns\/","title":{"rendered":"Buchen Sie bei uns"},"content":{"rendered":"\t\t<div data-elementor-type=\"wp-page\" data-elementor-id=\"18634\" class=\"elementor elementor-18634\" data-elementor-settings=\"{&quot;ha_cmc_init_switcher&quot;:&quot;no&quot;}\">\n\t\t\t\t\t\t<section class=\"elementor-section elementor-top-section elementor-element elementor-element-a341819 elementor-section-boxed elementor-section-height-default elementor-section-height-default\" data-id=\"a341819\" data-element_type=\"section\" data-e-type=\"section\" data-settings=\"{&quot;_ha_eqh_enable&quot;:false}\">\n\t\t\t\t\t\t<div class=\"elementor-container elementor-column-gap-default\">\n\t\t\t\t\t<div class=\"elementor-column elementor-col-50 elementor-top-column elementor-element elementor-element-df0b787\" data-id=\"df0b787\" data-element_type=\"column\" data-e-type=\"column\">\n\t\t\t<div class=\"elementor-widget-wrap elementor-element-populated\">\n\t\t\t\t\t\t<div class=\"elementor-element elementor-element-dd25c4a elementor-widget elementor-widget-heading\" data-id=\"dd25c4a\" data-element_type=\"widget\" data-e-type=\"widget\" data-widget_type=\"heading.default\">\n\t\t\t\t<div class=\"elementor-widget-container\">\n\t\t\t\t\t<h1 class=\"elementor-heading-title elementor-size-default\">Begleiten Sie uns \n<\/h1>\t\t\t\t<\/div>\n\t\t\t\t<\/div>\n\t\t\t\t<div class=\"elementor-element elementor-element-c4aec09 dekoline elementor-widget elementor-widget-heading\" data-id=\"c4aec09\" data-element_type=\"widget\" data-e-type=\"widget\" data-widget_type=\"heading.default\">\n\t\t\t\t<div class=\"elementor-widget-container\">\n\t\t\t\t\t<h2 class=\"elementor-heading-title elementor-size-xxl\">Buchen Sie bei uns\n<\/h2>\t\t\t\t<\/div>\n\t\t\t\t<\/div>\n\t\t\t\t<div class=\"elementor-element elementor-element-1f844a2 elementor-widget elementor-widget-heading\" data-id=\"1f844a2\" data-element_type=\"widget\" data-e-type=\"widget\" data-widget_type=\"heading.default\">\n\t\t\t\t<div class=\"elementor-widget-container\">\n\t\t\t\t\t<h3 class=\"elementor-heading-title elementor-size-default\">Entdecken Sie neue M\u00f6glichkeiten mit dem The Nex \u2013 Indawo Yethu Campus in Delft \n<\/h3>\t\t\t\t<\/div>\n\t\t\t\t<\/div>\n\t\t\t\t<div class=\"elementor-element elementor-element-a8113e7 elementor-widget elementor-widget-text-editor\" data-id=\"a8113e7\" data-element_type=\"widget\" data-e-type=\"widget\" data-widget_type=\"text-editor.default\">\n\t\t\t\t<div class=\"elementor-widget-container\">\n\t\t\t\t\t\t\t\t\t<div class=\"n-container\"><div class=\"site-container-inner\"><div class=\"zw-line-div\"><div class=\"zw-line-content\"><strong><span class=\"zw-portion zw-text-portion\" data-text-len=\"86\">Der The Nex \u2013 Indawo Yethu Campus bietet Ihnen vielseitig nutzbare R\u00e4ume f\u00fcr Meetings, <\/span><\/strong><strong><span class=\"zw-portion zw-text-portion\" data-text-len=\"71\">Workshops, Konferenzen, Seminare, Schulungen, Pr\u00e4sentationen und kleine <\/span><\/strong><strong><span class=\"zw-portion zw-text-portion\" data-text-len=\"83\">Firmenveranstaltungen. Ob f\u00fcr ein Teamtreffen oder ein gr\u00f6\u00dferes Unternehmensevent \u2013 <\/span><\/strong><strong><span class=\"zw-portion zw-text-portion\" data-text-len=\"85\">unsere modernen R\u00e4umlichkeiten sind flexibel und professionell ausgestattet, um Ihren <\/span><\/strong><strong><span class=\"zw-portion zw-text-portion\" data-text-len=\"32\">Anforderungen gerecht zu werden.<\/span><\/strong><\/div><\/div><div class=\"zw-line-div\"><div>\u00a0<\/div><\/div><div class=\"zw-line-div\"><div class=\"zw-line-content\"><span class=\"zw-portion zw-text-portion\" data-text-len=\"90\">Mit der Wahl eines unserer Veranstaltungsr\u00e4ume sichern Sie sich nicht nur eine hochwertige <\/span><span class=\"zw-portion zw-text-portion\" data-text-len=\"92\">Location, sondern unterst\u00fctzen zugleich eine Initiative, die aktiv zur positiven Entwicklung <\/span>der lokalen Gemeinschaft beitr\u00e4gt. Gemeinsam k\u00f6nnen wir Wirkung entfalten.<\/div><div>\u00a0<\/div><\/div><\/div><div><p><em>Alle Einnahmen flie\u00dfen direkt in die Finanzierung unserer Programme.<\/em><\/p><\/div><\/div>\t\t\t\t\t\t\t\t<\/div>\n\t\t\t\t<\/div>\n\t\t\t\t<div class=\"elementor-element elementor-element-8bd0c5a elementor-widget elementor-widget-heading\" data-id=\"8bd0c5a\" data-element_type=\"widget\" data-e-type=\"widget\" data-widget_type=\"heading.default\">\n\t\t\t\t<div class=\"elementor-widget-container\">\n\t\t\t\t\t<h3 class=\"elementor-heading-title elementor-size-default\">Unsere Einrichtungen ansehen<\/h3>\t\t\t\t<\/div>\n\t\t\t\t<\/div>\n\t\t\t\t<div class=\"elementor-element elementor-element-95412e9 elementor-widget elementor-widget-video\" data-id=\"95412e9\" data-element_type=\"widget\" data-e-type=\"widget\" data-settings=\"{&quot;youtube_url&quot;:&quot;https:\\\/\\\/youtu.be\\\/lAHUu-TTtrs?si=_RFCclx0ix6XwiZj&quot;,&quot;video_type&quot;:&quot;youtube&quot;}\" data-widget_type=\"video.default\">\n\t\t\t\t<div class=\"elementor-widget-container\">\n\t\t\t\t\t\t\t<div class=\"elementor-wrapper elementor-open-inline\">\n\t\t\t<div class=\"elementor-video\"><\/div>\t\t<\/div>\n\t\t\t\t\t\t<\/div>\n\t\t\t\t<\/div>\n\t\t\t\t\t<\/div>\n\t\t<\/div>\n\t\t\t\t<div class=\"elementor-column elementor-col-50 elementor-top-column elementor-element elementor-element-c313c80\" data-id=\"c313c80\" data-element_type=\"column\" data-e-type=\"column\">\n\t\t\t<div class=\"elementor-widget-wrap elementor-element-populated\">\n\t\t\t\t\t\t<div class=\"elementor-element elementor-element-952851e elementor-widget__width-initial elementor-widget elementor-widget-image\" data-id=\"952851e\" data-element_type=\"widget\" data-e-type=\"widget\" data-widget_type=\"image.default\">\n\t\t\t\t<div class=\"elementor-widget-container\">\n\t\t\t\t\t\t\t\t\t\t\t\t\t\t\t<img fetchpriority=\"high\" decoding=\"async\" width=\"1200\" height=\"1200\" src=\"https:\/\/hopecapetown.org\/wp-content\/uploads\/2026\/02\/teardrop-template-venue.png\" class=\"attachment-full size-full wp-image-26016\" alt=\"\" srcset=\"https:\/\/hopecapetown.org\/wp-content\/uploads\/2026\/02\/teardrop-template-venue.png 1200w, https:\/\/hopecapetown.org\/wp-content\/uploads\/2026\/02\/teardrop-template-venue-300x300.png 300w, https:\/\/hopecapetown.org\/wp-content\/uploads\/2026\/02\/teardrop-template-venue-1024x1024.png 1024w, https:\/\/hopecapetown.org\/wp-content\/uploads\/2026\/02\/teardrop-template-venue-150x150.png 150w, https:\/\/hopecapetown.org\/wp-content\/uploads\/2026\/02\/teardrop-template-venue-768x768.png 768w, https:\/\/hopecapetown.org\/wp-content\/uploads\/2026\/02\/teardrop-template-venue-700x700.png 700w\" sizes=\"(max-width: 1200px) 100vw, 1200px\" \/>\t\t\t\t\t\t\t\t\t\t\t\t\t\t\t<\/div>\n\t\t\t\t<\/div>\n\t\t\t\t<section class=\"elementor-section elementor-inner-section elementor-element elementor-element-729c594 elementor-section-boxed elementor-section-height-default elementor-section-height-default\" data-id=\"729c594\" data-element_type=\"section\" data-e-type=\"section\" data-settings=\"{&quot;_ha_eqh_enable&quot;:false}\">\n\t\t\t\t\t\t<div class=\"elementor-container elementor-column-gap-default\">\n\t\t\t\t\t<div class=\"elementor-column elementor-col-50 elementor-inner-column elementor-element elementor-element-631a1f0\" data-id=\"631a1f0\" data-element_type=\"column\" data-e-type=\"column\">\n\t\t\t<div class=\"elementor-widget-wrap elementor-element-populated\">\n\t\t\t\t\t\t<div class=\"elementor-element elementor-element-836d916 e-grid-align-left elementor-shape-rounded elementor-grid-0 elementor-widget elementor-widget-social-icons\" data-id=\"836d916\" data-element_type=\"widget\" data-e-type=\"widget\" data-widget_type=\"social-icons.default\">\n\t\t\t\t<div class=\"elementor-widget-container\">\n\t\t\t\t\t\t\t<div class=\"elementor-social-icons-wrapper elementor-grid\">\n\t\t\t\t\t\t\t<span class=\"elementor-grid-item\">\n\t\t\t\t\t<a class=\"elementor-icon elementor-social-icon elementor-social-icon-file-pdf elementor-repeater-item-bedf82a\" href=\"https:\/\/hopecapetown.org\/wp-content\/uploads\/2025\/07\/Venue-booking-application-form.pdf\" target=\"_blank\">\n\t\t\t\t\t\t<span class=\"elementor-screen-only\">File-pdf<\/span>\n\t\t\t\t\t\t<i aria-hidden=\"true\" class=\"fas fa-file-pdf\"><\/i>\t\t\t\t\t<\/a>\n\t\t\t\t<\/span>\n\t\t\t\t\t<\/div>\n\t\t\t\t\t\t<\/div>\n\t\t\t\t<\/div>\n\t\t\t\t\t<\/div>\n\t\t<\/div>\n\t\t\t\t<div class=\"elementor-column elementor-col-50 elementor-inner-column elementor-element elementor-element-c568dad\" data-id=\"c568dad\" data-element_type=\"column\" data-e-type=\"column\">\n\t\t\t<div class=\"elementor-widget-wrap elementor-element-populated\">\n\t\t\t\t\t\t<div class=\"elementor-element elementor-element-282cf15 elementor-widget elementor-widget-text-editor\" data-id=\"282cf15\" data-element_type=\"widget\" data-e-type=\"widget\" data-widget_type=\"text-editor.default\">\n\t\t\t\t<div class=\"elementor-widget-container\">\n\t\t\t\t\t\t\t\t\t<p>Venue booking application form<\/p>\t\t\t\t\t\t\t\t<\/div>\n\t\t\t\t<\/div>\n\t\t\t\t\t<\/div>\n\t\t<\/div>\n\t\t\t\t\t<\/div>\n\t\t<\/section>\n\t\t\t\t<section class=\"elementor-section elementor-inner-section elementor-element elementor-element-7eaa3d4 elementor-section-boxed elementor-section-height-default elementor-section-height-default\" data-id=\"7eaa3d4\" data-element_type=\"section\" data-e-type=\"section\" data-settings=\"{&quot;_ha_eqh_enable&quot;:false}\">\n\t\t\t\t\t\t<div class=\"elementor-container elementor-column-gap-default\">\n\t\t\t\t\t<div class=\"elementor-column elementor-col-50 elementor-inner-column elementor-element elementor-element-2ece6a5\" data-id=\"2ece6a5\" data-element_type=\"column\" data-e-type=\"column\">\n\t\t\t<div class=\"elementor-widget-wrap elementor-element-populated\">\n\t\t\t\t\t\t<div class=\"elementor-element elementor-element-2a5452d e-grid-align-left elementor-shape-rounded elementor-grid-0 elementor-widget elementor-widget-social-icons\" data-id=\"2a5452d\" data-element_type=\"widget\" data-e-type=\"widget\" data-widget_type=\"social-icons.default\">\n\t\t\t\t<div class=\"elementor-widget-container\">\n\t\t\t\t\t\t\t<div class=\"elementor-social-icons-wrapper elementor-grid\">\n\t\t\t\t\t\t\t<span class=\"elementor-grid-item\">\n\t\t\t\t\t<a class=\"elementor-icon elementor-social-icon elementor-social-icon-file-pdf elementor-repeater-item-bedf82a\" href=\"https:\/\/hopecapetown.org\/wp-content\/uploads\/2025\/07\/Venue-booking-information-form2.pdf\" target=\"_blank\">\n\t\t\t\t\t\t<span class=\"elementor-screen-only\">File-pdf<\/span>\n\t\t\t\t\t\t<i aria-hidden=\"true\" class=\"fas fa-file-pdf\"><\/i>\t\t\t\t\t<\/a>\n\t\t\t\t<\/span>\n\t\t\t\t\t<\/div>\n\t\t\t\t\t\t<\/div>\n\t\t\t\t<\/div>\n\t\t\t\t\t<\/div>\n\t\t<\/div>\n\t\t\t\t<div class=\"elementor-column elementor-col-50 elementor-inner-column elementor-element elementor-element-0f2ca63\" data-id=\"0f2ca63\" data-element_type=\"column\" data-e-type=\"column\">\n\t\t\t<div class=\"elementor-widget-wrap elementor-element-populated\">\n\t\t\t\t\t\t<div class=\"elementor-element elementor-element-e92769f elementor-widget elementor-widget-text-editor\" data-id=\"e92769f\" data-element_type=\"widget\" data-e-type=\"widget\" data-widget_type=\"text-editor.default\">\n\t\t\t\t<div class=\"elementor-widget-container\">\n\t\t\t\t\t\t\t\t\t<p>Venue booking information form<\/p>\t\t\t\t\t\t\t\t<\/div>\n\t\t\t\t<\/div>\n\t\t\t\t\t<\/div>\n\t\t<\/div>\n\t\t\t\t\t<\/div>\n\t\t<\/section>\n\t\t\t\t<div class=\"elementor-element elementor-element-6f01688 elementor-widget elementor-widget-text-editor\" data-id=\"6f01688\" data-element_type=\"widget\" data-e-type=\"widget\" data-widget_type=\"text-editor.default\">\n\t\t\t\t<div class=\"elementor-widget-container\">\n\t\t\t\t\t\t\t\t\t<div class=\"n-container\"><div class=\"site-container-inner\"><div class=\"zw-paragraph\" data-width=\"601.92\" data-tabpoints=\"[]\" data-textformat=\"{&quot;size&quot;:12}\"><div class=\"zw-line-div\"><h2 class=\"zw-line-content\"><span class=\"zw-portion zw-text-portion\" data-text-len=\"25\">Was\u00a0Sie\u00a0bei\u00a0uns\u00a0erwartet:<\/span><span class=\"EOP-readonly EOP\">\u00a0<\/span><\/h2><\/div><\/div><div class=\"zw-paragraph\" data-width=\"601.92\" data-tabpoints=\"[{&quot;leader&quot;:0,&quot;id&quot;:&quot;0&quot;,&quot;align&quot;:0,&quot;point&quot;:&quot;0.5in&quot;}]\" data-textformat=\"{&quot;size&quot;:12}\"><div class=\"zw-line-div\"><div class=\"zw-line-content\"><span class=\"zw-portion zw-text-portion\" data-text-len=\"65\">Individuell gestaltete, inspirierende R\u00e4ume in einzigartiger Lage<\/span><\/div><ul><li class=\"zw-line-content\"><span class=\"zw-portion zw-text-portion\" data-text-len=\"73\">Pr\u00e4sentationstechnik zur professionellen Durchf\u00fchrung Ihrer Veranstaltung<\/span><\/li><li class=\"zw-line-content\">Flexible Bestuhlung\u00a0 vom Seminar bis zur Konferenz<\/li><li class=\"zw-line-content\">Boardroom mit Platz f\u00fcr bis zu 15 Teilnehmende<\/li><li class=\"zw-line-content\">Ressourcenzentrum mit 25 Arbeitspl\u00e4tzen<\/li><li class=\"zw-line-content\">Separate Breakaway-Bereiche f\u00fcr Gruppenarbeiten oder Pausen<\/li><li class=\"zw-line-content\">High-Speed-Fibre-Internet<\/li><li class=\"zw-line-content\">Vor-Ort-Catering auf Anfrage<\/li><li class=\"zw-line-content\">Barrierefreiheit<\/li><li class=\"zw-line-content\">Gesicherte Parkm\u00f6glichkeiten<\/li><\/ul><\/div><\/div><\/div><\/div>\t\t\t\t\t\t\t\t<\/div>\n\t\t\t\t<\/div>\n\t\t\t\t\t<\/div>\n\t\t<\/div>\n\t\t\t\t\t<\/div>\n\t\t<\/section>\n\t\t\t\t<section class=\"elementor-section elementor-top-section elementor-element elementor-element-5230901 elementor-section-boxed elementor-section-height-default elementor-section-height-default\" data-id=\"5230901\" data-element_type=\"section\" data-e-type=\"section\" data-settings=\"{&quot;background_background&quot;:&quot;classic&quot;,&quot;shape_divider_bottom&quot;:&quot;waves&quot;,&quot;_ha_eqh_enable&quot;:false}\">\n\t\t\t\t\t\t\t<div class=\"elementor-background-overlay\"><\/div>\n\t\t\t\t\t\t<div class=\"elementor-shape elementor-shape-bottom\" aria-hidden=\"true\" data-negative=\"false\">\n\t\t\t<svg xmlns=\"http:\/\/www.w3.org\/2000\/svg\" viewBox=\"0 0 1000 100\" preserveAspectRatio=\"none\">\n\t<path class=\"elementor-shape-fill\" d=\"M421.9,6.5c22.6-2.5,51.5,0.4,75.5,5.3c23.6,4.9,70.9,23.5,100.5,35.7c75.8,32.2,133.7,44.5,192.6,49.7\n\tc23.6,2.1,48.7,3.5,103.4-2.5c54.7-6,106.2-25.6,106.2-25.6V0H0v30.3c0,0,72,32.6,158.4,30.5c39.2-0.7,92.8-6.7,134-22.4\n\tc21.2-8.1,52.2-18.2,79.7-24.2C399.3,7.9,411.6,7.5,421.9,6.5z\"\/>\n<\/svg>\t\t<\/div>\n\t\t\t\t\t<div class=\"elementor-container elementor-column-gap-default\">\n\t\t\t\t\t<div class=\"elementor-column elementor-col-100 elementor-top-column elementor-element elementor-element-7c3674d\" data-id=\"7c3674d\" data-element_type=\"column\" data-e-type=\"column\" data-settings=\"{&quot;background_background&quot;:&quot;classic&quot;,&quot;animation&quot;:&quot;none&quot;}\">\n\t\t\t<div class=\"elementor-widget-wrap elementor-element-populated\">\n\t\t\t\t\t\t<section class=\"elementor-section elementor-inner-section elementor-element elementor-element-691c64f elementor-section-boxed elementor-section-height-default elementor-section-height-default\" data-id=\"691c64f\" data-element_type=\"section\" data-e-type=\"section\" data-settings=\"{&quot;_ha_eqh_enable&quot;:false}\">\n\t\t\t\t\t\t<div class=\"elementor-container elementor-column-gap-default\">\n\t\t\t\t\t<div class=\"elementor-column elementor-col-50 elementor-inner-column elementor-element elementor-element-a667e80\" data-id=\"a667e80\" data-element_type=\"column\" data-e-type=\"column\">\n\t\t\t<div class=\"elementor-widget-wrap elementor-element-populated\">\n\t\t\t\t\t\t<div class=\"elementor-element elementor-element-d6c92ff elementor-widget elementor-widget-image\" data-id=\"d6c92ff\" data-element_type=\"widget\" data-e-type=\"widget\" data-widget_type=\"image.default\">\n\t\t\t\t<div class=\"elementor-widget-container\">\n\t\t\t\t\t\t\t\t\t\t\t\t\t\t\t<img decoding=\"async\" width=\"1500\" height=\"2000\" src=\"https:\/\/hopecapetown.org\/wp-content\/uploads\/2025\/07\/venue-table-rental-hope.jpg\" class=\"attachment-full size-full wp-image-25213\" alt=\"\" srcset=\"https:\/\/hopecapetown.org\/wp-content\/uploads\/2025\/07\/venue-table-rental-hope.jpg 1500w, https:\/\/hopecapetown.org\/wp-content\/uploads\/2025\/07\/venue-table-rental-hope-225x300.jpg 225w, https:\/\/hopecapetown.org\/wp-content\/uploads\/2025\/07\/venue-table-rental-hope-768x1024.jpg 768w, https:\/\/hopecapetown.org\/wp-content\/uploads\/2025\/07\/venue-table-rental-hope-1152x1536.jpg 1152w\" sizes=\"(max-width: 1500px) 100vw, 1500px\" \/>\t\t\t\t\t\t\t\t\t\t\t\t\t\t\t<\/div>\n\t\t\t\t<\/div>\n\t\t\t\t\t<\/div>\n\t\t<\/div>\n\t\t\t\t<div class=\"elementor-column elementor-col-50 elementor-inner-column elementor-element elementor-element-83d70f4\" data-id=\"83d70f4\" data-element_type=\"column\" data-e-type=\"column\">\n\t\t\t<div class=\"elementor-widget-wrap elementor-element-populated\">\n\t\t\t\t\t\t<div class=\"elementor-element elementor-element-b7c736d elementor-widget elementor-widget-image\" data-id=\"b7c736d\" data-element_type=\"widget\" data-e-type=\"widget\" data-widget_type=\"image.default\">\n\t\t\t\t<div class=\"elementor-widget-container\">\n\t\t\t\t\t\t\t\t\t\t\t\t\t\t\t<img decoding=\"async\" width=\"768\" height=\"576\" src=\"https:\/\/hopecapetown.org\/wp-content\/uploads\/2023\/11\/boardroom-1-768x576.jpg\" class=\"attachment-medium_large size-medium_large wp-image-19832\" alt=\"\" srcset=\"https:\/\/hopecapetown.org\/wp-content\/uploads\/2023\/11\/boardroom-1-768x576.jpg 768w, https:\/\/hopecapetown.org\/wp-content\/uploads\/2023\/11\/boardroom-1-300x225.jpg 300w, https:\/\/hopecapetown.org\/wp-content\/uploads\/2023\/11\/boardroom-1-1024x768.jpg 1024w, https:\/\/hopecapetown.org\/wp-content\/uploads\/2023\/11\/boardroom-1-1536x1152.jpg 1536w, https:\/\/hopecapetown.org\/wp-content\/uploads\/2023\/11\/boardroom-1.jpg 1600w\" sizes=\"(max-width: 768px) 100vw, 768px\" \/>\t\t\t\t\t\t\t\t\t\t\t\t\t\t\t<\/div>\n\t\t\t\t<\/div>\n\t\t\t\t<div class=\"elementor-element elementor-element-b4c7fa6 elementor-widget elementor-widget-image\" data-id=\"b4c7fa6\" data-element_type=\"widget\" data-e-type=\"widget\" data-widget_type=\"image.default\">\n\t\t\t\t<div class=\"elementor-widget-container\">\n\t\t\t\t\t\t\t\t\t\t\t\t\t\t\t<img loading=\"lazy\" decoding=\"async\" width=\"768\" height=\"576\" src=\"https:\/\/hopecapetown.org\/wp-content\/uploads\/2025\/05\/venue-hope2-768x576.png\" class=\"attachment-medium_large size-medium_large wp-image-24136\" alt=\"\" srcset=\"https:\/\/hopecapetown.org\/wp-content\/uploads\/2025\/05\/venue-hope2-768x576.png 768w, https:\/\/hopecapetown.org\/wp-content\/uploads\/2025\/05\/venue-hope2-300x225.png 300w, https:\/\/hopecapetown.org\/wp-content\/uploads\/2025\/05\/venue-hope2-1024x768.png 1024w, https:\/\/hopecapetown.org\/wp-content\/uploads\/2025\/05\/venue-hope2-1536x1152.png 1536w, https:\/\/hopecapetown.org\/wp-content\/uploads\/2025\/05\/venue-hope2.png 2000w\" sizes=\"(max-width: 768px) 100vw, 768px\" \/>\t\t\t\t\t\t\t\t\t\t\t\t\t\t\t<\/div>\n\t\t\t\t<\/div>\n\t\t\t\t<div class=\"elementor-element elementor-element-f5340e6 elementor-widget elementor-widget-image\" data-id=\"f5340e6\" data-element_type=\"widget\" data-e-type=\"widget\" data-widget_type=\"image.default\">\n\t\t\t\t<div class=\"elementor-widget-container\">\n\t\t\t\t\t\t\t\t\t\t\t\t\t\t\t<img loading=\"lazy\" decoding=\"async\" width=\"768\" height=\"576\" src=\"https:\/\/hopecapetown.org\/wp-content\/uploads\/2023\/11\/Western-Cape-Premiers-Council-on-skills-1-768x576.jpg\" class=\"attachment-medium_large size-medium_large wp-image-19836\" alt=\"\" srcset=\"https:\/\/hopecapetown.org\/wp-content\/uploads\/2023\/11\/Western-Cape-Premiers-Council-on-skills-1-768x576.jpg 768w, https:\/\/hopecapetown.org\/wp-content\/uploads\/2023\/11\/Western-Cape-Premiers-Council-on-skills-1-300x225.jpg 300w, https:\/\/hopecapetown.org\/wp-content\/uploads\/2023\/11\/Western-Cape-Premiers-Council-on-skills-1-1024x768.jpg 1024w, https:\/\/hopecapetown.org\/wp-content\/uploads\/2023\/11\/Western-Cape-Premiers-Council-on-skills-1-1536x1152.jpg 1536w, https:\/\/hopecapetown.org\/wp-content\/uploads\/2023\/11\/Western-Cape-Premiers-Council-on-skills-1.jpg 1600w\" sizes=\"(max-width: 768px) 100vw, 768px\" \/>\t\t\t\t\t\t\t\t\t\t\t\t\t\t\t<\/div>\n\t\t\t\t<\/div>\n\t\t\t\t\t<\/div>\n\t\t<\/div>\n\t\t\t\t\t<\/div>\n\t\t<\/section>\n\t\t\t\t\t<\/div>\n\t\t<\/div>\n\t\t\t\t\t<\/div>\n\t\t<\/section>\n\t\t\t\t<\/div>\n\t\t","protected":false},"excerpt":{"rendered":"<p>Begleiten Sie uns Buchen Sie bei uns Entdecken Sie neue M\u00f6glichkeiten mit dem The Nex \u2013 Indawo Yethu Campus in Delft Der The Nex \u2013 Indawo Yethu Campus bietet Ihnen vielseitig nutzbare R\u00e4ume f\u00fcr Meetings, Workshops, Konferenzen, Seminare, Schulungen, Pr\u00e4sentationen und kleine Firmenveranstaltungen. Ob f\u00fcr ein Teamtreffen oder ein gr\u00f6\u00dferes Unternehmensevent \u2013 unsere modernen R\u00e4umlichkeiten &hellip;<\/p>\n","protected":false},"author":1,"featured_media":0,"parent":0,"menu_order":0,"comment_status":"closed","ping_status":"closed","template":"elementor_header_footer","meta":{"footnotes":""},"class_list":["post-18634","page","type-page","status-publish","hentry"],"_links":{"self":[{"href":"https:\/\/hopecapetown.org\/de\/wp-json\/wp\/v2\/pages\/18634","targetHints":{"allow":["GET"]}}],"collection":[{"href":"https:\/\/hopecapetown.org\/de\/wp-json\/wp\/v2\/pages"}],"about":[{"href":"https:\/\/hopecapetown.org\/de\/wp-json\/wp\/v2\/types\/page"}],"author":[{"embeddable":true,"href":"https:\/\/hopecapetown.org\/de\/wp-json\/wp\/v2\/users\/1"}],"replies":[{"embeddable":true,"href":"https:\/\/hopecapetown.org\/de\/wp-json\/wp\/v2\/comments?post=18634"}],"version-history":[{"count":92,"href":"https:\/\/hopecapetown.org\/de\/wp-json\/wp\/v2\/pages\/18634\/revisions"}],"predecessor-version":[{"id":26029,"href":"https:\/\/hopecapetown.org\/de\/wp-json\/wp\/v2\/pages\/18634\/revisions\/26029"}],"wp:attachment":[{"href":"https:\/\/hopecapetown.org\/de\/wp-json\/wp\/v2\/media?parent=18634"}],"curies":[{"name":"wp","href":"https:\/\/api.w.org\/{rel}","templated":true}]}}