{"id":18629,"date":"2023-06-28T13:35:21","date_gmt":"2023-06-28T13:35:21","guid":{"rendered":"https:\/\/hopecapetown.org\/wp-sa\/?page_id=18629"},"modified":"2025-05-20T13:52:48","modified_gmt":"2025-05-20T13:52:48","slug":"elective-student-medizin","status":"publish","type":"page","link":"https:\/\/hopecapetown.org\/de\/elective-student-medizin\/","title":{"rendered":"Elective Student (Medizin)"},"content":{"rendered":"\t\t<div data-elementor-type=\"wp-page\" data-elementor-id=\"18629\" class=\"elementor elementor-18629\" data-elementor-settings=\"{&quot;ha_cmc_init_switcher&quot;:&quot;no&quot;}\">\n\t\t\t\t\t\t<section class=\"elementor-section elementor-top-section elementor-element elementor-element-a341819 elementor-section-boxed elementor-section-height-default elementor-section-height-default\" data-id=\"a341819\" data-element_type=\"section\" data-e-type=\"section\" data-settings=\"{&quot;_ha_eqh_enable&quot;:false}\">\n\t\t\t\t\t\t<div class=\"elementor-container elementor-column-gap-default\">\n\t\t\t\t\t<div class=\"elementor-column elementor-col-50 elementor-top-column elementor-element elementor-element-df0b787\" data-id=\"df0b787\" data-element_type=\"column\" data-e-type=\"column\">\n\t\t\t<div class=\"elementor-widget-wrap elementor-element-populated\">\n\t\t\t\t\t\t<div class=\"elementor-element elementor-element-14086cf elementor-widget elementor-widget-heading\" data-id=\"14086cf\" data-element_type=\"widget\" data-e-type=\"widget\" data-widget_type=\"heading.default\">\n\t\t\t\t<div class=\"elementor-widget-container\">\n\t\t\t\t\t<h1 class=\"elementor-heading-title elementor-size-default\">Begleiten Sie uns \n<\/h1>\t\t\t\t<\/div>\n\t\t\t\t<\/div>\n\t\t\t\t<div class=\"elementor-element elementor-element-c4aec09 dekoline elementor-widget elementor-widget-heading\" data-id=\"c4aec09\" data-element_type=\"widget\" data-e-type=\"widget\" data-widget_type=\"heading.default\">\n\t\t\t\t<div class=\"elementor-widget-container\">\n\t\t\t\t\t<h2 class=\"elementor-heading-title elementor-size-xxl\">Elective Students (Medizin) <\/h2>\t\t\t\t<\/div>\n\t\t\t\t<\/div>\n\t\t\t\t<div class=\"elementor-element elementor-element-1872f31 elementor-widget elementor-widget-heading\" data-id=\"1872f31\" data-element_type=\"widget\" data-e-type=\"widget\" data-widget_type=\"heading.default\">\n\t\t\t\t<div class=\"elementor-widget-container\">\n\t\t\t\t\t<h3 class=\"elementor-heading-title elementor-size-default\">HOPE Cape Town\/KIDCRU f\u00fcr MedizinstudentInnen\n<\/h3>\t\t\t\t<\/div>\n\t\t\t\t<\/div>\n\t\t\t\t<div class=\"elementor-element elementor-element-a8113e7 elementor-widget elementor-widget-text-editor\" data-id=\"a8113e7\" data-element_type=\"widget\" data-e-type=\"widget\" data-widget_type=\"text-editor.default\">\n\t\t\t\t<div class=\"elementor-widget-container\">\n\t\t\t\t\t\t\t\t\t<div class=\"n-container\"><div class=\"site-container-inner\"><div id=\"top\" class=\"body\"><div class=\"container-fluid\"><div class=\"row-fluid\"><p><strong>In enger Zusammenarbeit mit KIDCRU, der HIV\/AIDS Forschungsabteilung der Universit\u00e4t Stellenbosch, bieten wir ein 4-w\u00f6chiges Praktikum f\u00fcr MedizinstudentInnen an, um auf dem Gebiet HIV\/AIDS und Tuberkulose praktische Erfahrungen sammeln zu k\u00f6nnen. Sie erhalten damit die einmalige M\u00f6glichkeit, praktische Einblicke in die medizinische Grundversorgung und auch in die Forschung zu bekommen. Die medizinische Grundversorgung beinhaltet u. a. die Behandlung von sexuell \u00fcbertragenen Krankheiten, Tuberkulose, HIV\/AIDS, Impfungen f\u00fcr Kinder in den Township-Kliniken und mobile Beratungsstellen und Hausbesuche.<\/strong><\/p><p>Auf Forschungsebene, wird die Teilnahme der StudentInnen an Visiten in den einzelnen Stationen des Krankenhauses angeboten. Sie bekommen Einblicke in die Virologie und Immunologie, nehmen an klinischen Forschungskonsultationen teil und arbeiten in der Notaufnahme des Krankenhauses. Am Ende ihres Praktikums sollten die StudentInnen ein umfangreiches Wissen \u00fcber die Behandlung von HIV positiven Kindern erlangt haben.<\/p><h3 class=\"impa-title\">HOPE Cape Town- FAMCRU Medical Elective Student Programm<\/h3><p>HOPE Cape Town bietet seit 2008 ein Kombinationswahlfach (Medizinische Praxis\/Forschung) f\u00fcr internationale MedizinstudentInnen gegen Ende ihres Studiums an.<\/p><p>Dieses Wahlfach wird in Partnerschaft mit KIDCRU (Children\u00b4s Infectious Diseases Clinical Research Unit\/Klinische Forschungseinrichtung f\u00fcr Kinderinfektionskrankheiten) der Fakult\u00e4t f\u00fcr Medizin und Gesundheitswissenschaften der Universit\u00e4t Stellenbosch gef\u00fchrt.<\/p><\/div><\/div><\/div><\/div><\/div>\t\t\t\t\t\t\t\t<\/div>\n\t\t\t\t<\/div>\n\t\t\t\t\t<\/div>\n\t\t<\/div>\n\t\t\t\t<div class=\"elementor-column elementor-col-50 elementor-top-column elementor-element elementor-element-db05818\" data-id=\"db05818\" data-element_type=\"column\" data-e-type=\"column\">\n\t\t\t<div class=\"elementor-widget-wrap elementor-element-populated\">\n\t\t\t\t\t\t<div class=\"elementor-element elementor-element-5916a1a elementor-widget elementor-widget-image\" data-id=\"5916a1a\" data-element_type=\"widget\" data-e-type=\"widget\" data-widget_type=\"image.default\">\n\t\t\t\t<div class=\"elementor-widget-container\">\n\t\t\t\t\t\t\t\t\t\t\t\t\t\t\t<img fetchpriority=\"high\" decoding=\"async\" width=\"1005\" height=\"1024\" src=\"https:\/\/hopecapetown.org\/wp-content\/uploads\/2023\/09\/involved-elective-student-1005x1024.png\" class=\"attachment-large size-large wp-image-16357\" alt=\"\" srcset=\"https:\/\/hopecapetown.org\/wp-content\/uploads\/2023\/09\/involved-elective-student-1005x1024.png 1005w, https:\/\/hopecapetown.org\/wp-content\/uploads\/2023\/09\/involved-elective-student-295x300.png 295w, https:\/\/hopecapetown.org\/wp-content\/uploads\/2023\/09\/involved-elective-student-768x782.png 768w, https:\/\/hopecapetown.org\/wp-content\/uploads\/2023\/09\/involved-elective-student.png 1300w\" sizes=\"(max-width: 1005px) 100vw, 1005px\" \/>\t\t\t\t\t\t\t\t\t\t\t\t\t\t\t<\/div>\n\t\t\t\t<\/div>\n\t\t\t\t\t<\/div>\n\t\t<\/div>\n\t\t\t\t\t<\/div>\n\t\t<\/section>\n\t\t\t\t<section class=\"elementor-section elementor-top-section elementor-element elementor-element-4f3c8a2 elementor-section-boxed elementor-section-height-default elementor-section-height-default\" data-id=\"4f3c8a2\" data-element_type=\"section\" data-e-type=\"section\" data-settings=\"{&quot;_ha_eqh_enable&quot;:false}\">\n\t\t\t\t\t\t<div class=\"elementor-container elementor-column-gap-default\">\n\t\t\t\t\t<div class=\"elementor-column elementor-col-50 elementor-top-column elementor-element elementor-element-c85fbaf\" data-id=\"c85fbaf\" data-element_type=\"column\" data-e-type=\"column\">\n\t\t\t<div class=\"elementor-widget-wrap elementor-element-populated\">\n\t\t\t\t\t\t<div class=\"elementor-element elementor-element-fae7c4e elementor-align-start elementor-icon-list--layout-traditional elementor-list-item-link-full_width elementor-widget elementor-widget-icon-list\" data-id=\"fae7c4e\" data-element_type=\"widget\" data-e-type=\"widget\" data-widget_type=\"icon-list.default\">\n\t\t\t\t<div class=\"elementor-widget-container\">\n\t\t\t\t\t\t\t<ul class=\"elementor-icon-list-items\">\n\t\t\t\t\t\t\t<li class=\"elementor-icon-list-item\">\n\t\t\t\t\t\t\t\t\t\t\t<span class=\"elementor-icon-list-icon\">\n\t\t\t\t\t\t\t<i aria-hidden=\"true\" class=\"fas fa-circle\"><\/i>\t\t\t\t\t\t<\/span>\n\t\t\t\t\t\t\t\t\t\t<span class=\"elementor-icon-list-text\">Informationen \u00fcber HIV in S\u00fcdafrika, antiretrovirale Medikamente (ARVs) sowie das Management von HIV positiven Patienten<\/span>\n\t\t\t\t\t\t\t\t\t<\/li>\n\t\t\t\t\t\t\t\t<li class=\"elementor-icon-list-item\">\n\t\t\t\t\t\t\t\t\t\t\t<span class=\"elementor-icon-list-icon\">\n\t\t\t\t\t\t\t<i aria-hidden=\"true\" class=\"fas fa-circle\"><\/i>\t\t\t\t\t\t<\/span>\n\t\t\t\t\t\t\t\t\t\t<span class=\"elementor-icon-list-text\">Informationen \u00fcber Medikamente (ARVs, Nebenwirkungen, Tests und Einstufung...)<\/span>\n\t\t\t\t\t\t\t\t\t<\/li>\n\t\t\t\t\t\t\t\t<li class=\"elementor-icon-list-item\">\n\t\t\t\t\t\t\t\t\t\t\t<span class=\"elementor-icon-list-icon\">\n\t\t\t\t\t\t\t<i aria-hidden=\"true\" class=\"fas fa-circle\"><\/i>\t\t\t\t\t\t<\/span>\n\t\t\t\t\t\t\t\t\t\t<span class=\"elementor-icon-list-text\">Einblick in den Betrieb einer unabh\u00e4ngigen NGO<\/span>\n\t\t\t\t\t\t\t\t\t<\/li>\n\t\t\t\t\t\t\t\t<li class=\"elementor-icon-list-item\">\n\t\t\t\t\t\t\t\t\t\t\t<span class=\"elementor-icon-list-icon\">\n\t\t\t\t\t\t\t<i aria-hidden=\"true\" class=\"fas fa-circle\"><\/i>\t\t\t\t\t\t<\/span>\n\t\t\t\t\t\t\t\t\t\t<span class=\"elementor-icon-list-text\">Einblick in die Kinderstation des Tygerberg Hospitals, der Station f\u00fcr Infektionskrankheiten, andere Bereiche wie der Immunologie und Virologie und einer Tuberkulose Klinik<\/span>\n\t\t\t\t\t\t\t\t\t<\/li>\n\t\t\t\t\t\t\t\t<li class=\"elementor-icon-list-item\">\n\t\t\t\t\t\t\t\t\t\t\t<span class=\"elementor-icon-list-icon\">\n\t\t\t\t\t\t\t<i aria-hidden=\"true\" class=\"fas fa-circle\"><\/i>\t\t\t\t\t\t<\/span>\n\t\t\t\t\t\t\t\t\t\t<span class=\"elementor-icon-list-text\">Erkenntnis \u00fcber diverse Vorbeugungsma\u00dfnahmen, etwa die Mutter-Kind-\u00dcbertragung<\/span>\n\t\t\t\t\t\t\t\t\t<\/li>\n\t\t\t\t\t\t\t\t<li class=\"elementor-icon-list-item\">\n\t\t\t\t\t\t\t\t\t\t\t<span class=\"elementor-icon-list-icon\">\n\t\t\t\t\t\t\t<i aria-hidden=\"true\" class=\"fas fa-circle\"><\/i>\t\t\t\t\t\t<\/span>\n\t\t\t\t\t\t\t\t\t\t<span class=\"elementor-icon-list-text\">Untersuchung von HIV positiven Kindern<\/span>\n\t\t\t\t\t\t\t\t\t<\/li>\n\t\t\t\t\t\t\t\t<li class=\"elementor-icon-list-item\">\n\t\t\t\t\t\t\t\t\t\t\t<span class=\"elementor-icon-list-icon\">\n\t\t\t\t\t\t\t<i aria-hidden=\"true\" class=\"fas fa-circle\"><\/i>\t\t\t\t\t\t<\/span>\n\t\t\t\t\t\t\t\t\t\t<span class=\"elementor-icon-list-text\">Erkenntnis \u00fcber die Herausforderungen bei HIV positiven Jugendlichen<\/span>\n\t\t\t\t\t\t\t\t\t<\/li>\n\t\t\t\t\t\t\t\t<li class=\"elementor-icon-list-item\">\n\t\t\t\t\t\t\t\t\t\t\t<span class=\"elementor-icon-list-icon\">\n\t\t\t\t\t\t\t<i aria-hidden=\"true\" class=\"fas fa-circle\"><\/i>\t\t\t\t\t\t<\/span>\n\t\t\t\t\t\t\t\t\t\t<span class=\"elementor-icon-list-text\">Unterst\u00fctzung der HOPE Cape Town \u00c4rztin in einer HIV-Kinderklinik<\/span>\n\t\t\t\t\t\t\t\t\t<\/li>\n\t\t\t\t\t\t\t\t<li class=\"elementor-icon-list-item\">\n\t\t\t\t\t\t\t\t\t\t\t<span class=\"elementor-icon-list-icon\">\n\t\t\t\t\t\t\t<i aria-hidden=\"true\" class=\"fas fa-circle\"><\/i>\t\t\t\t\t\t<\/span>\n\t\t\t\t\t\t\t\t\t\t<span class=\"elementor-icon-list-text\">Austausch mit HOPE GesundheitsarbeiterInnen in Township-Kliniken, um deren Rolle im Gesundheitssystem zu verstehen<\/span>\n\t\t\t\t\t\t\t\t\t<\/li>\n\t\t\t\t\t\t\t\t<li class=\"elementor-icon-list-item\">\n\t\t\t\t\t\t\t\t\t\t\t<span class=\"elementor-icon-list-icon\">\n\t\t\t\t\t\t\t<i aria-hidden=\"true\" class=\"fas fa-circle\"><\/i>\t\t\t\t\t\t<\/span>\n\t\t\t\t\t\t\t\t\t\t<span class=\"elementor-icon-list-text\">Unterst\u00fctzung der HOPE GesundheitsarbeitInnen auf den Stationen des Tygerberg Hospitals<\/span>\n\t\t\t\t\t\t\t\t\t<\/li>\n\t\t\t\t\t\t\t\t<li class=\"elementor-icon-list-item\">\n\t\t\t\t\t\t\t\t\t\t\t<span class=\"elementor-icon-list-icon\">\n\t\t\t\t\t\t\t<i aria-hidden=\"true\" class=\"fas fa-circle\"><\/i>\t\t\t\t\t\t<\/span>\n\t\t\t\t\t\t\t\t\t\t<span class=\"elementor-icon-list-text\">Verteilung von Kondomen und Aufkl\u00e4rung \u00fcber deren Benutzung<\/span>\n\t\t\t\t\t\t\t\t\t<\/li>\n\t\t\t\t\t\t\t\t<li class=\"elementor-icon-list-item\">\n\t\t\t\t\t\t\t\t\t\t\t<span class=\"elementor-icon-list-icon\">\n\t\t\t\t\t\t\t<i aria-hidden=\"true\" class=\"fas fa-circle\"><\/i>\t\t\t\t\t\t<\/span>\n\t\t\t\t\t\t\t\t\t\t<span class=\"elementor-icon-list-text\">Teilnahme an mobilen Kliniken auf Farmen (falls verf\u00fcgbar)<\/span>\n\t\t\t\t\t\t\t\t\t<\/li>\n\t\t\t\t\t\t\t\t<li class=\"elementor-icon-list-item\">\n\t\t\t\t\t\t\t\t\t\t\t<span class=\"elementor-icon-list-icon\">\n\t\t\t\t\t\t\t<i aria-hidden=\"true\" class=\"fas fa-circle\"><\/i>\t\t\t\t\t\t<\/span>\n\t\t\t\t\t\t\t\t\t\t<span class=\"elementor-icon-list-text\">Einblick in die HIV-Forschungsarbeit durch KIDCRU; die StudentInnen lernen von den Herausforderungen der Erhaltung einer Forschungsgruppe<\/span>\n\t\t\t\t\t\t\t\t\t<\/li>\n\t\t\t\t\t\t\t\t<li class=\"elementor-icon-list-item\">\n\t\t\t\t\t\t\t\t\t\t\t<span class=\"elementor-icon-list-icon\">\n\t\t\t\t\t\t\t<i aria-hidden=\"true\" class=\"fas fa-circle\"><\/i>\t\t\t\t\t\t<\/span>\n\t\t\t\t\t\t\t\t\t\t<span class=\"elementor-icon-list-text\">Einblick in S\u00fcdafrikas \u00f6ffentliches Gesundheitssystem und die Notwendigkeit eines angemessenen Services in der medizinischen Grund- und terti\u00e4ren Gesundheitsversorgung<\/span>\n\t\t\t\t\t\t\t\t\t<\/li>\n\t\t\t\t\t\t<\/ul>\n\t\t\t\t\t\t<\/div>\n\t\t\t\t<\/div>\n\t\t\t\t\t<\/div>\n\t\t<\/div>\n\t\t\t\t<div class=\"elementor-column elementor-col-50 elementor-top-column elementor-element elementor-element-825175a\" data-id=\"825175a\" data-element_type=\"column\" data-e-type=\"column\">\n\t\t\t<div class=\"elementor-widget-wrap elementor-element-populated\">\n\t\t\t\t\t\t<div class=\"elementor-element elementor-element-d4069dd elementor-widget elementor-widget-text-editor\" data-id=\"d4069dd\" data-element_type=\"widget\" data-e-type=\"widget\" data-widget_type=\"text-editor.default\">\n\t\t\t\t<div class=\"elementor-widget-container\">\n\t\t\t\t\t\t\t\t\t<div class=\"n-container\"><div class=\"site-container-inner\"><div id=\"top\" class=\"body\"><div class=\"container-fluid\"><div class=\"row-fluid\"><p>Alle Studenten sind aufgefordert, sich einen Schwerpunkt, der sie besonders interessiert, auszuw\u00e4hlen und am Ende ihres Praktikums eine kurze Pr\u00e4sentation dar\u00fcber zu halten.<\/p><p>F\u00fcr weitere Informationen zu KIDCRU besuchen Sie bitte die Webseite <a href=\"http:\/\/www.kidcru.org.za\" target=\"_blank\" rel=\"noopener\"><strong>www.kidcru.org.za<\/strong><\/a><\/p><p>Anfragen werden vom Internationalen Studentenb\u00fcro (International Student Office) der Fakult\u00e4t f\u00fcr Medizin und Gesundheitswissenschaften der Universit\u00e4t Stellenbosch bearbeitet.<\/p><p><strong>Tel:<\/strong>\u00a0+ 27 021 938 9042<\/p><p><strong>Fax:<\/strong>\u00a0+27 21 938 9789<\/p><p><strong>Email: <a href=\"mailto:TIOUGelectives@sun.ac.za\" target=\"_blank\" rel=\"noopener\">TIOUGelectives@sun.ac.za<\/a><\/strong><\/p><\/div><\/div><\/div><\/div><\/div>\t\t\t\t\t\t\t\t<\/div>\n\t\t\t\t<\/div>\n\t\t\t\t\t<\/div>\n\t\t<\/div>\n\t\t\t\t\t<\/div>\n\t\t<\/section>\n\t\t\t\t<\/div>\n\t\t","protected":false},"excerpt":{"rendered":"<p>Begleiten Sie uns Elective Students (Medizin) HOPE Cape Town\/KIDCRU f\u00fcr MedizinstudentInnen In enger Zusammenarbeit mit KIDCRU, der HIV\/AIDS Forschungsabteilung der Universit\u00e4t Stellenbosch, bieten wir ein 4-w\u00f6chiges Praktikum f\u00fcr MedizinstudentInnen an, um auf dem Gebiet HIV\/AIDS und Tuberkulose praktische Erfahrungen sammeln zu k\u00f6nnen. Sie erhalten damit die einmalige M\u00f6glichkeit, praktische Einblicke in die medizinische Grundversorgung und &hellip;<\/p>\n","protected":false},"author":1,"featured_media":0,"parent":0,"menu_order":0,"comment_status":"closed","ping_status":"closed","template":"elementor_header_footer","meta":{"footnotes":""},"class_list":["post-18629","page","type-page","status-publish","hentry"],"_links":{"self":[{"href":"https:\/\/hopecapetown.org\/de\/wp-json\/wp\/v2\/pages\/18629","targetHints":{"allow":["GET"]}}],"collection":[{"href":"https:\/\/hopecapetown.org\/de\/wp-json\/wp\/v2\/pages"}],"about":[{"href":"https:\/\/hopecapetown.org\/de\/wp-json\/wp\/v2\/types\/page"}],"author":[{"embeddable":true,"href":"https:\/\/hopecapetown.org\/de\/wp-json\/wp\/v2\/users\/1"}],"replies":[{"embeddable":true,"href":"https:\/\/hopecapetown.org\/de\/wp-json\/wp\/v2\/comments?post=18629"}],"version-history":[{"count":50,"href":"https:\/\/hopecapetown.org\/de\/wp-json\/wp\/v2\/pages\/18629\/revisions"}],"predecessor-version":[{"id":24121,"href":"https:\/\/hopecapetown.org\/de\/wp-json\/wp\/v2\/pages\/18629\/revisions\/24121"}],"wp:attachment":[{"href":"https:\/\/hopecapetown.org\/de\/wp-json\/wp\/v2\/media?parent=18629"}],"curies":[{"name":"wp","href":"https:\/\/api.w.org\/{rel}","templated":true}]}}