{"id":18624,"date":"2023-06-28T13:27:44","date_gmt":"2023-06-28T13:27:44","guid":{"rendered":"https:\/\/hopecapetown.org\/wp-sa\/?page_id=18624"},"modified":"2024-04-19T09:28:01","modified_gmt":"2024-04-19T09:28:01","slug":"voluntaer","status":"publish","type":"page","link":"https:\/\/hopecapetown.org\/de\/voluntaer\/","title":{"rendered":"Volunt\u00e4r"},"content":{"rendered":"\t\t<div data-elementor-type=\"wp-page\" data-elementor-id=\"18624\" class=\"elementor elementor-18624\" data-elementor-settings=\"{&quot;ha_cmc_init_switcher&quot;:&quot;no&quot;}\">\n\t\t\t\t\t\t<section class=\"elementor-section elementor-top-section elementor-element elementor-element-a341819 elementor-section-boxed elementor-section-height-default elementor-section-height-default\" data-id=\"a341819\" data-element_type=\"section\" data-e-type=\"section\" data-settings=\"{&quot;_ha_eqh_enable&quot;:false}\">\n\t\t\t\t\t\t<div class=\"elementor-container elementor-column-gap-default\">\n\t\t\t\t\t<div class=\"elementor-column elementor-col-50 elementor-top-column elementor-element elementor-element-df0b787\" data-id=\"df0b787\" data-element_type=\"column\" data-e-type=\"column\">\n\t\t\t<div class=\"elementor-widget-wrap elementor-element-populated\">\n\t\t\t\t\t\t<div class=\"elementor-element elementor-element-21e5ebe elementor-widget elementor-widget-heading\" data-id=\"21e5ebe\" data-element_type=\"widget\" data-e-type=\"widget\" data-widget_type=\"heading.default\">\n\t\t\t\t<div class=\"elementor-widget-container\">\n\t\t\t\t\t<h1 class=\"elementor-heading-title elementor-size-default\">Begleiten Sie uns \n<\/h1>\t\t\t\t<\/div>\n\t\t\t\t<\/div>\n\t\t\t\t<div class=\"elementor-element elementor-element-c4aec09 dekoline elementor-widget elementor-widget-heading\" data-id=\"c4aec09\" data-element_type=\"widget\" data-e-type=\"widget\" data-widget_type=\"heading.default\">\n\t\t\t\t<div class=\"elementor-widget-container\">\n\t\t\t\t\t<h2 class=\"elementor-heading-title elementor-size-xxl\">HOPE Volunt\u00e4r<\/h2>\t\t\t\t<\/div>\n\t\t\t\t<\/div>\n\t\t\t\t<div class=\"elementor-element elementor-element-74439c6 elementor-widget elementor-widget-heading\" data-id=\"74439c6\" data-element_type=\"widget\" data-e-type=\"widget\" data-widget_type=\"heading.default\">\n\t\t\t\t<div class=\"elementor-widget-container\">\n\t\t\t\t\t<h3 class=\"elementor-heading-title elementor-size-default\">Im Laufe der Jahre, hat die Hilfe unz\u00e4hliger lokaler und internationaler Freiwilliger HOPE Cape Town geholfen zu wachsen und effektive Programme durchzuf\u00fchren, indem sie unsere engagierten Mitarbeiter unterst\u00fctzt haben. Freiwillige helfen uns nicht nur das Leben der Menschen zu verbessern, die von den Programmen profitieren, sondern sie lernen auch etwas \u00fcber sich selbst und k\u00f6nnen sich sogar in den spezifischen Bereichen, in denen HOPE Cape Town aktiv ist, weiterbilden.<\/h3>\t\t\t\t<\/div>\n\t\t\t\t<\/div>\n\t\t\t\t<div class=\"elementor-element elementor-element-a8113e7 elementor-widget elementor-widget-text-editor\" data-id=\"a8113e7\" data-element_type=\"widget\" data-e-type=\"widget\" data-widget_type=\"text-editor.default\">\n\t\t\t\t<div class=\"elementor-widget-container\">\n\t\t\t\t\t\t\t\t\t<div class=\"n-container\"><div class=\"site-container-inner\"><p>Freiwillige m\u00fcssen keine besonderen F\u00e4higkeiten mitbringen, sondern lediglich den Wunsch zu lernen und die Bereitschaft zu helfen, wo immer sie k\u00f6nnen.<\/p><p>Bewerber, sowohl aus dem In- als auch Ausland, sollten \u00fcberzeugend begr\u00fcnden, warum und wie sie glauben, in unterprivilegierten Gemeinden rund um Kapstadt etwas bewirken zu k\u00f6nnen, und bereit sein, sich f\u00fcr mindestens drei Monate zu verpflichten.<\/p><div id=\"top\" class=\"body\"><div class=\"container-fluid\"><div class=\"row-fluid\"><div class=\"item-page\"><div class=\"ss-container\"><div class=\"site-container-inner\"><p>Volont\u00e4re werden in folgenden Bereichen eingesetzt:<\/p><\/div><\/div><\/div><\/div><\/div><\/div><\/div><\/div>\t\t\t\t\t\t\t\t<\/div>\n\t\t\t\t<\/div>\n\t\t\t\t<div class=\"elementor-element elementor-element-843fe51 elementor-align-start elementor-icon-list--layout-traditional elementor-list-item-link-full_width elementor-widget elementor-widget-icon-list\" data-id=\"843fe51\" data-element_type=\"widget\" data-e-type=\"widget\" data-widget_type=\"icon-list.default\">\n\t\t\t\t<div class=\"elementor-widget-container\">\n\t\t\t\t\t\t\t<ul class=\"elementor-icon-list-items\">\n\t\t\t\t\t\t\t<li class=\"elementor-icon-list-item\">\n\t\t\t\t\t\t\t\t\t\t\t<span class=\"elementor-icon-list-icon\">\n\t\t\t\t\t\t\t<i aria-hidden=\"true\" class=\"fas fa-circle\"><\/i>\t\t\t\t\t\t<\/span>\n\t\t\t\t\t\t\t\t\t\t<span class=\"elementor-icon-list-text\">Unterst\u00fctzung bei HOPE Cape Towns Projekten in den Townships<\/span>\n\t\t\t\t\t\t\t\t\t<\/li>\n\t\t\t\t\t\t\t\t<li class=\"elementor-icon-list-item\">\n\t\t\t\t\t\t\t\t\t\t\t<span class=\"elementor-icon-list-icon\">\n\t\t\t\t\t\t\t<i aria-hidden=\"true\" class=\"fas fa-circle\"><\/i>\t\t\t\t\t\t<\/span>\n\t\t\t\t\t\t\t\t\t\t<span class=\"elementor-icon-list-text\">Unterst\u00fctzung der HOPE GesundheitsarbeiterInnen auf den Stationen des Tygerberg Hospitals<\/span>\n\t\t\t\t\t\t\t\t\t<\/li>\n\t\t\t\t\t\t\t\t<li class=\"elementor-icon-list-item\">\n\t\t\t\t\t\t\t\t\t\t\t<span class=\"elementor-icon-list-icon\">\n\t\t\t\t\t\t\t<i aria-hidden=\"true\" class=\"fas fa-circle\"><\/i>\t\t\t\t\t\t<\/span>\n\t\t\t\t\t\t\t\t\t\t<span class=\"elementor-icon-list-text\">Unterst\u00fctzung in der Schule des Tygerberg Hospital und Bayerngarden, Zentrum f\u00fcr fr\u00fchkindliche Entwicklung<\/span>\n\t\t\t\t\t\t\t\t\t<\/li>\n\t\t\t\t\t\t\t\t<li class=\"elementor-icon-list-item\">\n\t\t\t\t\t\t\t\t\t\t\t<span class=\"elementor-icon-list-icon\">\n\t\t\t\t\t\t\t<i aria-hidden=\"true\" class=\"fas fa-circle\"><\/i>\t\t\t\t\t\t<\/span>\n\t\t\t\t\t\t\t\t\t\t<span class=\"elementor-icon-list-text\">Mithilfe bei Marketing- und Fundraising-Aktivit\u00e4ten zur Unterst\u00fctzung von Programmen<\/span>\n\t\t\t\t\t\t\t\t\t<\/li>\n\t\t\t\t\t\t\t\t<li class=\"elementor-icon-list-item\">\n\t\t\t\t\t\t\t\t\t\t\t<span class=\"elementor-icon-list-icon\">\n\t\t\t\t\t\t\t<i aria-hidden=\"true\" class=\"fas fa-circle\"><\/i>\t\t\t\t\t\t<\/span>\n\t\t\t\t\t\t\t\t\t\t<span class=\"elementor-icon-list-text\">Hilfe bei den Verwaltungsaufgaben<\/span>\n\t\t\t\t\t\t\t\t\t<\/li>\n\t\t\t\t\t\t<\/ul>\n\t\t\t\t\t\t<\/div>\n\t\t\t\t<\/div>\n\t\t\t\t<div class=\"elementor-element elementor-element-9c57e51 elementor-widget elementor-widget-text-editor\" data-id=\"9c57e51\" data-element_type=\"widget\" data-e-type=\"widget\" data-widget_type=\"text-editor.default\">\n\t\t\t\t<div class=\"elementor-widget-container\">\n\t\t\t\t\t\t\t\t\t<div class=\"n-container\"><div class=\"site-container-inner\"><div id=\"top\" class=\"body\"><div class=\"container-fluid\"><div class=\"row-fluid\"><div class=\"item-page\"><div class=\"ss-container\"><div class=\"site-container-inner\"><p>Da die Pl\u00e4tze sehr begehrt sind und maximal zwei freiwillige Helfer gleichzeitig aufgenommen werden k\u00f6nnen, ist eine Bewerbung ein Jahr im Voraus dringend empfohlen.<\/p><p>Leider kann HOPE Cape Town weder eine Verg\u00fctung zahlen noch ein Transportmittel zur Verf\u00fcgung stellen. Je nach Freiwilligenstelle kann die Unterbringung besprochen werden.<\/p><p class=\"p1\">Sollten Sie Interesse an einer ehrenamtlichen T\u00e4tigkeit bei HOPE Cape Town haben, kontaktieren Sie uns unter <strong><a href=\"mailto:info@hopecapetown.org\"><span class=\"s1\">info@hopecapetown.org<\/span><\/a><\/strong><\/p><\/div><\/div><\/div><\/div><\/div><\/div><\/div><\/div>\t\t\t\t\t\t\t\t<\/div>\n\t\t\t\t<\/div>\n\t\t\t\t\t<\/div>\n\t\t<\/div>\n\t\t\t\t<div class=\"elementor-column elementor-col-50 elementor-top-column elementor-element elementor-element-db05818\" data-id=\"db05818\" data-element_type=\"column\" data-e-type=\"column\">\n\t\t\t<div class=\"elementor-widget-wrap elementor-element-populated\">\n\t\t\t\t\t\t<div class=\"elementor-element elementor-element-5916a1a elementor-widget elementor-widget-image\" data-id=\"5916a1a\" data-element_type=\"widget\" data-e-type=\"widget\" data-widget_type=\"image.default\">\n\t\t\t\t<div class=\"elementor-widget-container\">\n\t\t\t\t\t\t\t\t\t\t\t\t\t\t\t<img fetchpriority=\"high\" decoding=\"async\" width=\"1005\" height=\"1024\" src=\"https:\/\/hopecapetown.org\/wp-content\/uploads\/2023\/09\/involved-volunteer-1005x1024.png\" class=\"attachment-large size-large wp-image-16338\" alt=\"\" srcset=\"https:\/\/hopecapetown.org\/wp-content\/uploads\/2023\/09\/involved-volunteer-1005x1024.png 1005w, https:\/\/hopecapetown.org\/wp-content\/uploads\/2023\/09\/involved-volunteer-295x300.png 295w, https:\/\/hopecapetown.org\/wp-content\/uploads\/2023\/09\/involved-volunteer-768x782.png 768w, https:\/\/hopecapetown.org\/wp-content\/uploads\/2023\/09\/involved-volunteer.png 1300w\" sizes=\"(max-width: 1005px) 100vw, 1005px\" \/>\t\t\t\t\t\t\t\t\t\t\t\t\t\t\t<\/div>\n\t\t\t\t<\/div>\n\t\t\t\t<div class=\"elementor-element elementor-element-07f70b8 elementor-widget elementor-widget-image\" data-id=\"07f70b8\" data-element_type=\"widget\" data-e-type=\"widget\" data-widget_type=\"image.default\">\n\t\t\t\t<div class=\"elementor-widget-container\">\n\t\t\t\t\t\t\t\t\t\t\t\t\t\t\t<img decoding=\"async\" width=\"768\" height=\"512\" src=\"https:\/\/hopecapetown.org\/wp-content\/uploads\/2023\/09\/HOPECapeTown_vol2_545-768x512.jpg\" class=\"attachment-medium_large size-medium_large wp-image-16346\" alt=\"\" srcset=\"https:\/\/hopecapetown.org\/wp-content\/uploads\/2023\/09\/HOPECapeTown_vol2_545-768x512.jpg 768w, https:\/\/hopecapetown.org\/wp-content\/uploads\/2023\/09\/HOPECapeTown_vol2_545-300x200.jpg 300w, https:\/\/hopecapetown.org\/wp-content\/uploads\/2023\/09\/HOPECapeTown_vol2_545-1024x683.jpg 1024w, https:\/\/hopecapetown.org\/wp-content\/uploads\/2023\/09\/HOPECapeTown_vol2_545.jpg 1500w\" sizes=\"(max-width: 768px) 100vw, 768px\" \/>\t\t\t\t\t\t\t\t\t\t\t\t\t\t\t<\/div>\n\t\t\t\t<\/div>\n\t\t\t\t\t<\/div>\n\t\t<\/div>\n\t\t\t\t\t<\/div>\n\t\t<\/section>\n\t\t\t\t<section class=\"elementor-section elementor-top-section elementor-element elementor-element-5230901 elementor-section-boxed elementor-section-height-default elementor-section-height-default\" data-id=\"5230901\" data-element_type=\"section\" data-e-type=\"section\" data-settings=\"{&quot;background_background&quot;:&quot;classic&quot;,&quot;shape_divider_bottom&quot;:&quot;waves&quot;,&quot;_ha_eqh_enable&quot;:false}\">\n\t\t\t\t\t\t\t<div class=\"elementor-background-overlay\"><\/div>\n\t\t\t\t\t\t<div class=\"elementor-shape elementor-shape-bottom\" aria-hidden=\"true\" data-negative=\"false\">\n\t\t\t<svg xmlns=\"http:\/\/www.w3.org\/2000\/svg\" viewBox=\"0 0 1000 100\" preserveAspectRatio=\"none\">\n\t<path class=\"elementor-shape-fill\" d=\"M421.9,6.5c22.6-2.5,51.5,0.4,75.5,5.3c23.6,4.9,70.9,23.5,100.5,35.7c75.8,32.2,133.7,44.5,192.6,49.7\n\tc23.6,2.1,48.7,3.5,103.4-2.5c54.7-6,106.2-25.6,106.2-25.6V0H0v30.3c0,0,72,32.6,158.4,30.5c39.2-0.7,92.8-6.7,134-22.4\n\tc21.2-8.1,52.2-18.2,79.7-24.2C399.3,7.9,411.6,7.5,421.9,6.5z\"\/>\n<\/svg>\t\t<\/div>\n\t\t\t\t\t<div class=\"elementor-container elementor-column-gap-default\">\n\t\t\t\t\t<div class=\"elementor-column elementor-col-100 elementor-top-column elementor-element elementor-element-7c3674d\" data-id=\"7c3674d\" data-element_type=\"column\" data-e-type=\"column\">\n\t\t\t<div class=\"elementor-widget-wrap elementor-element-populated\">\n\t\t\t\t\t\t<div class=\"elementor-element elementor-element-d6c92ff elementor-widget elementor-widget-image\" data-id=\"d6c92ff\" data-element_type=\"widget\" data-e-type=\"widget\" data-widget_type=\"image.default\">\n\t\t\t\t<div class=\"elementor-widget-container\">\n\t\t\t\t\t\t\t\t\t\t\t\t\t\t\t<img decoding=\"async\" width=\"1800\" height=\"1200\" src=\"https:\/\/hopecapetown.org\/wp-content\/uploads\/2023\/09\/HOPECapeTown_volunteer-main.jpg\" class=\"attachment-full size-full wp-image-16343\" alt=\"\" srcset=\"https:\/\/hopecapetown.org\/wp-content\/uploads\/2023\/09\/HOPECapeTown_volunteer-main.jpg 1800w, https:\/\/hopecapetown.org\/wp-content\/uploads\/2023\/09\/HOPECapeTown_volunteer-main-300x200.jpg 300w, https:\/\/hopecapetown.org\/wp-content\/uploads\/2023\/09\/HOPECapeTown_volunteer-main-1024x683.jpg 1024w, https:\/\/hopecapetown.org\/wp-content\/uploads\/2023\/09\/HOPECapeTown_volunteer-main-768x512.jpg 768w, https:\/\/hopecapetown.org\/wp-content\/uploads\/2023\/09\/HOPECapeTown_volunteer-main-1536x1024.jpg 1536w\" sizes=\"(max-width: 1800px) 100vw, 1800px\" \/>\t\t\t\t\t\t\t\t\t\t\t\t\t\t\t<\/div>\n\t\t\t\t<\/div>\n\t\t\t\t\t<\/div>\n\t\t<\/div>\n\t\t\t\t\t<\/div>\n\t\t<\/section>\n\t\t\t\t<\/div>\n\t\t","protected":false},"excerpt":{"rendered":"<p>Begleiten Sie uns HOPE Volunt\u00e4r Im Laufe der Jahre, hat die Hilfe unz\u00e4hliger lokaler und internationaler Freiwilliger HOPE Cape Town geholfen zu wachsen und effektive Programme durchzuf\u00fchren, indem sie unsere engagierten Mitarbeiter unterst\u00fctzt haben. Freiwillige helfen uns nicht nur das Leben der Menschen zu verbessern, die von den Programmen profitieren, sondern sie lernen auch etwas &hellip;<\/p>\n","protected":false},"author":1,"featured_media":0,"parent":0,"menu_order":0,"comment_status":"closed","ping_status":"closed","template":"elementor_header_footer","meta":{"footnotes":""},"class_list":["post-18624","page","type-page","status-publish","hentry"],"_links":{"self":[{"href":"https:\/\/hopecapetown.org\/de\/wp-json\/wp\/v2\/pages\/18624","targetHints":{"allow":["GET"]}}],"collection":[{"href":"https:\/\/hopecapetown.org\/de\/wp-json\/wp\/v2\/pages"}],"about":[{"href":"https:\/\/hopecapetown.org\/de\/wp-json\/wp\/v2\/types\/page"}],"author":[{"embeddable":true,"href":"https:\/\/hopecapetown.org\/de\/wp-json\/wp\/v2\/users\/1"}],"replies":[{"embeddable":true,"href":"https:\/\/hopecapetown.org\/de\/wp-json\/wp\/v2\/comments?post=18624"}],"version-history":[{"count":29,"href":"https:\/\/hopecapetown.org\/de\/wp-json\/wp\/v2\/pages\/18624\/revisions"}],"predecessor-version":[{"id":22649,"href":"https:\/\/hopecapetown.org\/de\/wp-json\/wp\/v2\/pages\/18624\/revisions\/22649"}],"wp:attachment":[{"href":"https:\/\/hopecapetown.org\/de\/wp-json\/wp\/v2\/media?parent=18624"}],"curies":[{"name":"wp","href":"https:\/\/api.w.org\/{rel}","templated":true}]}}