{"id":18622,"date":"2023-06-28T13:23:55","date_gmt":"2023-06-28T13:23:55","guid":{"rendered":"https:\/\/hopecapetown.org\/wp-sa\/?page_id=18622"},"modified":"2024-04-19T09:37:52","modified_gmt":"2024-04-19T09:37:52","slug":"unterstuetzen","status":"publish","type":"page","link":"https:\/\/hopecapetown.org\/de\/unterstuetzen\/","title":{"rendered":"Unterst\u00fctzen"},"content":{"rendered":"\t\t<div data-elementor-type=\"wp-page\" data-elementor-id=\"18622\" class=\"elementor elementor-18622\" data-elementor-settings=\"{&quot;ha_cmc_init_switcher&quot;:&quot;no&quot;}\">\n\t\t\t\t\t\t<section class=\"elementor-section elementor-top-section elementor-element elementor-element-a341819 elementor-section-boxed elementor-section-height-default elementor-section-height-default\" data-id=\"a341819\" data-element_type=\"section\" data-e-type=\"section\" data-settings=\"{&quot;_ha_eqh_enable&quot;:false}\">\n\t\t\t\t\t\t<div class=\"elementor-container elementor-column-gap-default\">\n\t\t\t\t\t<div class=\"elementor-column elementor-col-50 elementor-top-column elementor-element elementor-element-df0b787\" data-id=\"df0b787\" data-element_type=\"column\" data-e-type=\"column\">\n\t\t\t<div class=\"elementor-widget-wrap elementor-element-populated\">\n\t\t\t\t\t\t<div class=\"elementor-element elementor-element-2c861fb elementor-widget elementor-widget-heading\" data-id=\"2c861fb\" data-element_type=\"widget\" data-e-type=\"widget\" data-widget_type=\"heading.default\">\n\t\t\t\t<div class=\"elementor-widget-container\">\n\t\t\t\t\t<h1 class=\"elementor-heading-title elementor-size-default\">Begleiten Sie uns \n<\/h1>\t\t\t\t<\/div>\n\t\t\t\t<\/div>\n\t\t\t\t<div class=\"elementor-element elementor-element-c4aec09 dekoline elementor-widget elementor-widget-heading\" data-id=\"c4aec09\" data-element_type=\"widget\" data-e-type=\"widget\" data-widget_type=\"heading.default\">\n\t\t\t\t<div class=\"elementor-widget-container\">\n\t\t\t\t\t<h2 class=\"elementor-heading-title elementor-size-xxl\">Werden Sie Unterst\u00fctzer \n<\/h2>\t\t\t\t<\/div>\n\t\t\t\t<\/div>\n\t\t\t\t<div class=\"elementor-element elementor-element-f5f4f2f elementor-widget elementor-widget-heading\" data-id=\"f5f4f2f\" data-element_type=\"widget\" data-e-type=\"widget\" data-widget_type=\"heading.default\">\n\t\t\t\t<div class=\"elementor-widget-container\">\n\t\t\t\t\t<h3 class=\"elementor-heading-title elementor-size-default\">Sie k\u00f6nnen HOPE Cape Town auf verschiedene Weise unterst\u00fctzen, z. B. indem Sie uns in den sozialen Medien folgen und unsere Beitr\u00e4ge teilen, Geld spenden oder Zeit, indem Sie sich als Freiwillige\/r engagieren. \nEbenso besteht die M\u00f6glichkeit, den \"Friends of HOPE Cape Town\" beizutreten.\n<\/h3>\t\t\t\t<\/div>\n\t\t\t\t<\/div>\n\t\t\t\t<div class=\"elementor-element elementor-element-a8113e7 elementor-widget elementor-widget-text-editor\" data-id=\"a8113e7\" data-element_type=\"widget\" data-e-type=\"widget\" data-widget_type=\"text-editor.default\">\n\t\t\t\t<div class=\"elementor-widget-container\">\n\t\t\t\t\t\t\t\t\t<div class=\"n-container\"><div class=\"site-container-inner\"><div id=\"top\" class=\"body\"><div class=\"container-fluid\"><div class=\"row-fluid\"><p>HOPE Cape Town ist seit \u00fcber 20 Jahren aktiv und hat sich mit den Bed\u00fcrfnissen der Menschen weiterentwickelt. Von einer Wohlt\u00e4tigkeitsorganisation, die sich aktiv f\u00fcr HIV-infizierte Kinder einsetzt, zu einer Entwicklungsorganisation, die einen ganzheitlichen Ansatz verfolgt, um das Leben von Kindern, Jugendlichen und Familien, die in marginalisierten Gemeinden leben, zu verbessern.<\/p><p>Ihre Unterst\u00fctzung oder Spende kann den Unterschied zwischen Hoffnung und Verzweiflung f\u00fcr ein Kind, seine \u00e4lteren Geschwister und seine Familie ausmachen.<\/p><h3><strong>Aktives Lernen, bessere Lebenschancen<\/strong><\/h3><p>Alle Geldspenden in S\u00fcdafrika und in Deutschland sind steuerlich absetzbar, da wir in beiden L\u00e4ndern als PBO und NPO (public benefit-\/non-profit organization) registriert sind. Wir sind auch BBBEE-anerkannt, was f\u00fcr s\u00fcdafrikanische Spender und Unternehmen von Bedeutung sein kann.<\/p><div class=\"item-page\"><div class=\"n-container\"><div class=\"site-container-inner\"><p>Wenn Sie Fragen zur Unterst\u00fctzung oder Spende haben, rufen Sie uns an\u00a0<br \/><strong>Tel Campus S\u00fcdafrika: +27 (0)21 001 2175<br \/>Tel B\u00fcro Deutschland: +49 (0) 171 1131972<\/strong><br \/>oder senden eine email an <strong><span class=\"s1\"><a href=\"mailto:trust@hopecapetown.org\" target=\"_blank\" rel=\"noopener\"><span class=\"s2\">trust@hopecapetown.org<\/span><\/a><\/span><\/strong><\/p><p>Bitte klicken Sie <a href=\"https:\/\/hopecapetown.org\/de\/hope-helden-unterstuetzer\/\"><strong>HIER<\/strong><\/a> f\u00fcr eine \u00dcbersicht unserer aktuellen Unterst\u00fctzer.<\/p><\/div><\/div><\/div><\/div><\/div><\/div><\/div><\/div>\t\t\t\t\t\t\t\t<\/div>\n\t\t\t\t<\/div>\n\t\t\t\t\t<\/div>\n\t\t<\/div>\n\t\t\t\t<div class=\"elementor-column elementor-col-50 elementor-top-column elementor-element elementor-element-db05818\" data-id=\"db05818\" data-element_type=\"column\" data-e-type=\"column\">\n\t\t\t<div class=\"elementor-widget-wrap elementor-element-populated\">\n\t\t\t\t\t\t<div class=\"elementor-element elementor-element-5916a1a elementor-widget elementor-widget-image\" data-id=\"5916a1a\" data-element_type=\"widget\" data-e-type=\"widget\" data-widget_type=\"image.default\">\n\t\t\t\t<div class=\"elementor-widget-container\">\n\t\t\t\t\t\t\t\t\t\t\t\t\t\t\t<img fetchpriority=\"high\" decoding=\"async\" width=\"1006\" height=\"1024\" src=\"https:\/\/hopecapetown.org\/wp-content\/uploads\/2023\/06\/contact-pic-bubble-1006x1024.png\" class=\"attachment-large size-large wp-image-13347\" alt=\"\" srcset=\"https:\/\/hopecapetown.org\/wp-content\/uploads\/2023\/06\/contact-pic-bubble-1006x1024.png 1006w, https:\/\/hopecapetown.org\/wp-content\/uploads\/2023\/06\/contact-pic-bubble-295x300.png 295w, https:\/\/hopecapetown.org\/wp-content\/uploads\/2023\/06\/contact-pic-bubble-768x782.png 768w, https:\/\/hopecapetown.org\/wp-content\/uploads\/2023\/06\/contact-pic-bubble.png 1200w\" sizes=\"(max-width: 1006px) 100vw, 1006px\" \/>\t\t\t\t\t\t\t\t\t\t\t\t\t\t\t<\/div>\n\t\t\t\t<\/div>\n\t\t\t\t\t<\/div>\n\t\t<\/div>\n\t\t\t\t\t<\/div>\n\t\t<\/section>\n\t\t\t\t<\/div>\n\t\t","protected":false},"excerpt":{"rendered":"<p>Begleiten Sie uns Werden Sie Unterst\u00fctzer Sie k\u00f6nnen HOPE Cape Town auf verschiedene Weise unterst\u00fctzen, z. B. indem Sie uns in den sozialen Medien folgen und unsere Beitr\u00e4ge teilen, Geld spenden oder Zeit, indem Sie sich als Freiwillige\/r engagieren. Ebenso besteht die M\u00f6glichkeit, den &#8220;Friends of HOPE Cape Town&#8221; beizutreten. HOPE Cape Town ist seit &hellip;<\/p>\n","protected":false},"author":1,"featured_media":0,"parent":0,"menu_order":0,"comment_status":"closed","ping_status":"closed","template":"elementor_header_footer","meta":{"footnotes":""},"class_list":["post-18622","page","type-page","status-publish","hentry"],"_links":{"self":[{"href":"https:\/\/hopecapetown.org\/de\/wp-json\/wp\/v2\/pages\/18622","targetHints":{"allow":["GET"]}}],"collection":[{"href":"https:\/\/hopecapetown.org\/de\/wp-json\/wp\/v2\/pages"}],"about":[{"href":"https:\/\/hopecapetown.org\/de\/wp-json\/wp\/v2\/types\/page"}],"author":[{"embeddable":true,"href":"https:\/\/hopecapetown.org\/de\/wp-json\/wp\/v2\/users\/1"}],"replies":[{"embeddable":true,"href":"https:\/\/hopecapetown.org\/de\/wp-json\/wp\/v2\/comments?post=18622"}],"version-history":[{"count":43,"href":"https:\/\/hopecapetown.org\/de\/wp-json\/wp\/v2\/pages\/18622\/revisions"}],"predecessor-version":[{"id":22660,"href":"https:\/\/hopecapetown.org\/de\/wp-json\/wp\/v2\/pages\/18622\/revisions\/22660"}],"wp:attachment":[{"href":"https:\/\/hopecapetown.org\/de\/wp-json\/wp\/v2\/media?parent=18622"}],"curies":[{"name":"wp","href":"https:\/\/api.w.org\/{rel}","templated":true}]}}