{"id":18617,"date":"2023-06-28T13:17:19","date_gmt":"2023-06-28T13:17:19","guid":{"rendered":"https:\/\/hopecapetown.org\/wp-sa\/?page_id=18617"},"modified":"2024-04-19T09:34:16","modified_gmt":"2024-04-19T09:34:16","slug":"werde-unser-partner","status":"publish","type":"page","link":"https:\/\/hopecapetown.org\/de\/werde-unser-partner\/","title":{"rendered":"WERDE UNSER PARTNER"},"content":{"rendered":"\t\t<div data-elementor-type=\"wp-page\" data-elementor-id=\"18617\" class=\"elementor elementor-18617\" data-elementor-settings=\"{&quot;ha_cmc_init_switcher&quot;:&quot;no&quot;}\">\n\t\t\t\t\t\t<section class=\"elementor-section elementor-top-section elementor-element elementor-element-a341819 elementor-section-boxed elementor-section-height-default elementor-section-height-default\" data-id=\"a341819\" data-element_type=\"section\" data-e-type=\"section\" data-settings=\"{&quot;_ha_eqh_enable&quot;:false}\">\n\t\t\t\t\t\t<div class=\"elementor-container elementor-column-gap-default\">\n\t\t\t\t\t<div class=\"elementor-column elementor-col-50 elementor-top-column elementor-element elementor-element-df0b787\" data-id=\"df0b787\" data-element_type=\"column\" data-e-type=\"column\">\n\t\t\t<div class=\"elementor-widget-wrap elementor-element-populated\">\n\t\t\t\t\t\t<div class=\"elementor-element elementor-element-fd86b33 elementor-widget elementor-widget-heading\" data-id=\"fd86b33\" data-element_type=\"widget\" data-e-type=\"widget\" data-widget_type=\"heading.default\">\n\t\t\t\t<div class=\"elementor-widget-container\">\n\t\t\t\t\t<h1 class=\"elementor-heading-title elementor-size-default\">Begleiten Sie uns \n<\/h1>\t\t\t\t<\/div>\n\t\t\t\t<\/div>\n\t\t\t\t<div class=\"elementor-element elementor-element-c4aec09 dekoline elementor-widget elementor-widget-heading\" data-id=\"c4aec09\" data-element_type=\"widget\" data-e-type=\"widget\" data-widget_type=\"heading.default\">\n\t\t\t\t<div class=\"elementor-widget-container\">\n\t\t\t\t\t<h2 class=\"elementor-heading-title elementor-size-xxl\">Werden Sie unser Partner<\/h2>\t\t\t\t<\/div>\n\t\t\t\t<\/div>\n\t\t\t\t<div class=\"elementor-element elementor-element-2ce06fb elementor-widget elementor-widget-heading\" data-id=\"2ce06fb\" data-element_type=\"widget\" data-e-type=\"widget\" data-widget_type=\"heading.default\">\n\t\t\t\t<div class=\"elementor-widget-container\">\n\t\t\t\t\t<h3 class=\"elementor-heading-title elementor-size-default\">Unsere starken Partnerschaften sind der Schl\u00fcssel, auch weiterhin strategisch aufgebaute Programme und Interventionen anzubieten und durchzuf\u00fchren. \nSollten Sie eine Partnerschaft mit uns in Erw\u00e4gung ziehen, vereinbaren wir gerne ein Meeting, online oder vor Ort, um m\u00f6gliche Optionen und Bereiche der Zusammenarbeit zu erkunden.\n<\/h3>\t\t\t\t<\/div>\n\t\t\t\t<\/div>\n\t\t\t\t<div class=\"elementor-element elementor-element-a8113e7 elementor-widget elementor-widget-text-editor\" data-id=\"a8113e7\" data-element_type=\"widget\" data-e-type=\"widget\" data-widget_type=\"text-editor.default\">\n\t\t\t\t<div class=\"elementor-widget-container\">\n\t\t\t\t\t\t\t\t\t<p>Eine Partnerschaft mit uns garantiert effektives und sinnvolles Engagement. Selbstverst\u00e4ndlich f\u00fcr uns ist die regelm\u00e4\u00dfige Berichterstattung \u00fcber die Programme, in denen Sie mit uns zusammenarbeiten. Sie sorgt f\u00fcr Transparenz und \u00fcberwacht das Erreichen der gesetzten Ziele.<\/p><p>All unsere Partner werden auf unserer &#8216;Wall of Honour&#8217; auf unserem Campus The Nex-Indawo Yethu gew\u00fcrdigt.<\/p><p>Unsere Partner teilen auch unsere Freundschaft mit Unterst\u00fctzern in der ganzen Welt.<\/p><p>Wenn Sie Fragen dazu haben, wie Sie Partner von HOPE Cape Town werden k\u00f6nnen, kontaktieren Sie uns bitte<\/p><p><strong>Tel Campus S\u00fcdafrika: +27 (0)21 001 2175<br \/>Tel B\u00fcro Deutschland: +49 (0) 171 1131972<\/strong><br \/>oder senden eine email an <strong><span class=\"s1\"><a href=\"mailto:trust@hopecapetown.org\" target=\"_blank\" rel=\"noopener\"><span class=\"s2\">trust@hopecapetown.org<\/span><\/a><\/span><\/strong><\/p><p>Bitte klicken <b><a href=\"https:\/\/hopecapetown.org\/donate\/\">Sie HIER <\/a><\/b>um zu spenden und uns zu helfen, Hoffnung zu schenken.<\/p><div class=\"n-container\"><div class=\"donate-f\">\u00a0<\/div><\/div>\t\t\t\t\t\t\t\t<\/div>\n\t\t\t\t<\/div>\n\t\t\t\t\t<\/div>\n\t\t<\/div>\n\t\t\t\t<div class=\"elementor-column elementor-col-50 elementor-top-column elementor-element elementor-element-db05818\" data-id=\"db05818\" data-element_type=\"column\" data-e-type=\"column\">\n\t\t\t<div class=\"elementor-widget-wrap elementor-element-populated\">\n\t\t\t\t\t\t<div class=\"elementor-element elementor-element-5916a1a elementor-widget elementor-widget-image\" data-id=\"5916a1a\" data-element_type=\"widget\" data-e-type=\"widget\" data-widget_type=\"image.default\">\n\t\t\t\t<div class=\"elementor-widget-container\">\n\t\t\t\t\t\t\t\t\t\t\t\t\t\t\t<img fetchpriority=\"high\" decoding=\"async\" width=\"1005\" height=\"1024\" src=\"https:\/\/hopecapetown.org\/wp-content\/uploads\/2023\/11\/la-maison-opening-1005x1024.png\" class=\"attachment-large size-large wp-image-20017\" alt=\"\" srcset=\"https:\/\/hopecapetown.org\/wp-content\/uploads\/2023\/11\/la-maison-opening-1005x1024.png 1005w, https:\/\/hopecapetown.org\/wp-content\/uploads\/2023\/11\/la-maison-opening-295x300.png 295w, https:\/\/hopecapetown.org\/wp-content\/uploads\/2023\/11\/la-maison-opening-768x782.png 768w, https:\/\/hopecapetown.org\/wp-content\/uploads\/2023\/11\/la-maison-opening.png 1500w\" sizes=\"(max-width: 1005px) 100vw, 1005px\" \/>\t\t\t\t\t\t\t\t\t\t\t\t\t\t\t<\/div>\n\t\t\t\t<\/div>\n\t\t\t\t<div class=\"elementor-element elementor-element-7c5f969 elementor-widget elementor-widget-text-editor\" data-id=\"7c5f969\" data-element_type=\"widget\" data-e-type=\"widget\" data-widget_type=\"text-editor.default\">\n\t\t\t\t<div class=\"elementor-widget-container\">\n\t\t\t\t\t\t\t\t\t<p style=\"font-weight: 400;\">Bei der offiziellen Er\u00f6ffnung unserer Klinik &#8220;La Maison de Christoph&#8221; Holistic Health Centre: Dr. Giovanni Perez, leitender Direktor des Gesundheitsministeriums von Westkap und Adv. Martin H\u00f6rnig, Treuh\u00e4nder und Vertreter einer europ\u00e4ischen Stiftung, die die Einrichtung erm\u00f6glicht hat.<\/p>\t\t\t\t\t\t\t\t<\/div>\n\t\t\t\t<\/div>\n\t\t\t\t\t<\/div>\n\t\t<\/div>\n\t\t\t\t\t<\/div>\n\t\t<\/section>\n\t\t\t\t<section class=\"elementor-section elementor-top-section elementor-element elementor-element-40f111e elementor-section-boxed elementor-section-height-default elementor-section-height-default\" data-id=\"40f111e\" data-element_type=\"section\" data-e-type=\"section\" data-settings=\"{&quot;background_background&quot;:&quot;classic&quot;,&quot;shape_divider_bottom&quot;:&quot;waves&quot;,&quot;animation&quot;:&quot;none&quot;,&quot;_ha_eqh_enable&quot;:false}\">\n\t\t\t\t\t\t\t<div class=\"elementor-background-overlay\"><\/div>\n\t\t\t\t\t\t<div class=\"elementor-shape elementor-shape-bottom\" aria-hidden=\"true\" data-negative=\"false\">\n\t\t\t<svg xmlns=\"http:\/\/www.w3.org\/2000\/svg\" viewBox=\"0 0 1000 100\" preserveAspectRatio=\"none\">\n\t<path class=\"elementor-shape-fill\" d=\"M421.9,6.5c22.6-2.5,51.5,0.4,75.5,5.3c23.6,4.9,70.9,23.5,100.5,35.7c75.8,32.2,133.7,44.5,192.6,49.7\n\tc23.6,2.1,48.7,3.5,103.4-2.5c54.7-6,106.2-25.6,106.2-25.6V0H0v30.3c0,0,72,32.6,158.4,30.5c39.2-0.7,92.8-6.7,134-22.4\n\tc21.2-8.1,52.2-18.2,79.7-24.2C399.3,7.9,411.6,7.5,421.9,6.5z\"\/>\n<\/svg>\t\t<\/div>\n\t\t\t\t\t<div class=\"elementor-container elementor-column-gap-default\">\n\t\t\t\t\t<div class=\"elementor-column elementor-col-100 elementor-top-column elementor-element elementor-element-137b22a\" data-id=\"137b22a\" data-element_type=\"column\" data-e-type=\"column\" data-settings=\"{&quot;background_background&quot;:&quot;classic&quot;,&quot;animation&quot;:&quot;none&quot;}\">\n\t\t\t<div class=\"elementor-widget-wrap elementor-element-populated\">\n\t\t\t\t\t<div class=\"elementor-background-overlay\"><\/div>\n\t\t\t\t\t\t<div class=\"elementor-element elementor-element-bf8acfd elementor-widget elementor-widget-image\" data-id=\"bf8acfd\" data-element_type=\"widget\" data-e-type=\"widget\" data-widget_type=\"image.default\">\n\t\t\t\t<div class=\"elementor-widget-container\">\n\t\t\t\t\t\t\t\t\t\t\t\t\t\t\t<img decoding=\"async\" width=\"1800\" height=\"1212\" src=\"https:\/\/hopecapetown.org\/wp-content\/uploads\/2023\/11\/IMG_3357-resized.jpg\" class=\"attachment-full size-full wp-image-19257\" alt=\"\" srcset=\"https:\/\/hopecapetown.org\/wp-content\/uploads\/2023\/11\/IMG_3357-resized.jpg 1800w, https:\/\/hopecapetown.org\/wp-content\/uploads\/2023\/11\/IMG_3357-resized-300x202.jpg 300w, https:\/\/hopecapetown.org\/wp-content\/uploads\/2023\/11\/IMG_3357-resized-1024x689.jpg 1024w, https:\/\/hopecapetown.org\/wp-content\/uploads\/2023\/11\/IMG_3357-resized-768x517.jpg 768w, https:\/\/hopecapetown.org\/wp-content\/uploads\/2023\/11\/IMG_3357-resized-1536x1034.jpg 1536w\" sizes=\"(max-width: 1800px) 100vw, 1800px\" \/>\t\t\t\t\t\t\t\t\t\t\t\t\t\t\t<\/div>\n\t\t\t\t<\/div>\n\t\t\t\t<section class=\"elementor-section elementor-inner-section elementor-element elementor-element-e0f4da9 elementor-section-boxed elementor-section-height-default elementor-section-height-default\" data-id=\"e0f4da9\" data-element_type=\"section\" data-e-type=\"section\" data-settings=\"{&quot;_ha_eqh_enable&quot;:false}\">\n\t\t\t\t\t\t<div class=\"elementor-container elementor-column-gap-default\">\n\t\t\t\t\t<div class=\"elementor-column elementor-col-50 elementor-inner-column elementor-element elementor-element-065de4b\" data-id=\"065de4b\" data-element_type=\"column\" data-e-type=\"column\">\n\t\t\t<div class=\"elementor-widget-wrap elementor-element-populated\">\n\t\t\t\t\t\t<div class=\"elementor-element elementor-element-1de3d1f elementor-widget elementor-widget-image\" data-id=\"1de3d1f\" data-element_type=\"widget\" data-e-type=\"widget\" data-widget_type=\"image.default\">\n\t\t\t\t<div class=\"elementor-widget-container\">\n\t\t\t\t\t\t\t\t\t\t\t\t\t\t\t<img decoding=\"async\" width=\"986\" height=\"964\" src=\"https:\/\/hopecapetown.org\/wp-content\/uploads\/2023\/11\/IMG_0733-2.jpg\" class=\"attachment-full size-full wp-image-19259\" alt=\"\" srcset=\"https:\/\/hopecapetown.org\/wp-content\/uploads\/2023\/11\/IMG_0733-2.jpg 986w, https:\/\/hopecapetown.org\/wp-content\/uploads\/2023\/11\/IMG_0733-2-300x293.jpg 300w, https:\/\/hopecapetown.org\/wp-content\/uploads\/2023\/11\/IMG_0733-2-768x751.jpg 768w\" sizes=\"(max-width: 986px) 100vw, 986px\" \/>\t\t\t\t\t\t\t\t\t\t\t\t\t\t\t<\/div>\n\t\t\t\t<\/div>\n\t\t\t\t\t<\/div>\n\t\t<\/div>\n\t\t\t\t<div class=\"elementor-column elementor-col-50 elementor-inner-column elementor-element elementor-element-a209277\" data-id=\"a209277\" data-element_type=\"column\" data-e-type=\"column\">\n\t\t\t<div class=\"elementor-widget-wrap elementor-element-populated\">\n\t\t\t\t\t\t<div class=\"elementor-element elementor-element-d26e18d elementor-widget elementor-widget-text-editor\" data-id=\"d26e18d\" data-element_type=\"widget\" data-e-type=\"widget\" data-widget_type=\"text-editor.default\">\n\t\t\t\t<div class=\"elementor-widget-container\">\n\t\t\t\t\t\t\t\t\t<p style=\"font-weight: 400;\">TITELBILD: Offizielle Er\u00f6ffnung des Jugendzentrums KAP23, das von der Deutschen AIDS-Stiftung finanziert wurde (v.l.n.r.): Dr. Harry Malila, Generaldirektor der Regierung von Westkap, Frau Kristel Degener, Vorstandsvorsitzende der Deutschen AIDS-Stiftung, Pfarrer Stefan Hippler, Ministerin Sharna Fernandez, Ministerin f\u00fcr soziale Entwicklung des Westkaps und Alderman Eddie Andrews, stellvertretender B\u00fcrgermeister von Kapstadt.<\/p>\t\t\t\t\t\t\t\t<\/div>\n\t\t\t\t<\/div>\n\t\t\t\t\t<\/div>\n\t\t<\/div>\n\t\t\t\t\t<\/div>\n\t\t<\/section>\n\t\t\t\t\t<\/div>\n\t\t<\/div>\n\t\t\t\t\t<\/div>\n\t\t<\/section>\n\t\t\t\t<section class=\"elementor-section elementor-top-section elementor-element elementor-element-578938e elementor-hidden-tablet elementor-hidden-mobile elementor-section-boxed elementor-section-height-default elementor-section-height-default\" data-id=\"578938e\" data-element_type=\"section\" data-e-type=\"section\" data-settings=\"{&quot;_ha_eqh_enable&quot;:false}\">\n\t\t\t\t\t\t<div class=\"elementor-container elementor-column-gap-default\">\n\t\t\t\t\t<div class=\"elementor-column elementor-col-33 elementor-top-column elementor-element elementor-element-05acfb8\" data-id=\"05acfb8\" data-element_type=\"column\" data-e-type=\"column\">\n\t\t\t<div class=\"elementor-widget-wrap elementor-element-populated\">\n\t\t\t\t\t\t<div class=\"elementor-element elementor-element-675c6e6 elementor-widget elementor-widget-text-editor\" data-id=\"675c6e6\" data-element_type=\"widget\" data-e-type=\"widget\" data-widget_type=\"text-editor.default\">\n\t\t\t\t<div class=\"elementor-widget-container\">\n\t\t\t\t\t\t\t\t\t<p class=\"p1\">RECHTS OBEN: Pfr. Stefan Hippler mit Melanie Huml, Bayerische Staatsministerin f\u00fcr europ\u00e4ische und internationale Angelegenheiten, bei der offiziellen Er\u00f6ffnung des \u201aBayerngarden\u2018 Zentrum f\u00fcr fr\u00fchkindliche Entwicklung &#8211; eine Initiative, die durch die Partnerschaft mit dem Freistaat Bayern erm\u00f6glicht wurde.<\/p><p class=\"p1\">GANZ RECHTS: Seit vielen Jahren verkauft unser Partner Hope and Future e.V. selbstgemachte Marmeladen, Kerzen und Souvenirs auf Festen, M\u00e4rkten und anderen Veranstaltungen, um Mittel zur Unterst\u00fctzung der Projekte von HOPE Cape Town zu generieren.<\/p>\t\t\t\t\t\t\t\t<\/div>\n\t\t\t\t<\/div>\n\t\t\t\t\t<\/div>\n\t\t<\/div>\n\t\t\t\t<div class=\"elementor-column elementor-col-33 elementor-top-column elementor-element elementor-element-a7fa138\" data-id=\"a7fa138\" data-element_type=\"column\" data-e-type=\"column\">\n\t\t\t<div class=\"elementor-widget-wrap elementor-element-populated\">\n\t\t\t\t\t\t<div class=\"elementor-element elementor-element-f89b4a7 elementor-widget elementor-widget-image\" data-id=\"f89b4a7\" data-element_type=\"widget\" data-e-type=\"widget\" data-widget_type=\"image.default\">\n\t\t\t\t<div class=\"elementor-widget-container\">\n\t\t\t\t\t\t\t\t\t\t\t\t\t\t\t<img loading=\"lazy\" decoding=\"async\" width=\"1800\" height=\"1111\" src=\"https:\/\/hopecapetown.org\/wp-content\/uploads\/2023\/11\/IMG_8646-resized.jpg\" class=\"attachment-full size-full wp-image-19262\" alt=\"\" srcset=\"https:\/\/hopecapetown.org\/wp-content\/uploads\/2023\/11\/IMG_8646-resized.jpg 1800w, https:\/\/hopecapetown.org\/wp-content\/uploads\/2023\/11\/IMG_8646-resized-300x185.jpg 300w, https:\/\/hopecapetown.org\/wp-content\/uploads\/2023\/11\/IMG_8646-resized-1024x632.jpg 1024w, https:\/\/hopecapetown.org\/wp-content\/uploads\/2023\/11\/IMG_8646-resized-768x474.jpg 768w, https:\/\/hopecapetown.org\/wp-content\/uploads\/2023\/11\/IMG_8646-resized-1536x948.jpg 1536w\" sizes=\"(max-width: 1800px) 100vw, 1800px\" \/>\t\t\t\t\t\t\t\t\t\t\t\t\t\t\t<\/div>\n\t\t\t\t<\/div>\n\t\t\t\t\t<\/div>\n\t\t<\/div>\n\t\t\t\t<div class=\"elementor-column elementor-col-33 elementor-top-column elementor-element elementor-element-2b5b62e\" data-id=\"2b5b62e\" data-element_type=\"column\" data-e-type=\"column\">\n\t\t\t<div class=\"elementor-widget-wrap elementor-element-populated\">\n\t\t\t\t\t\t<div class=\"elementor-element elementor-element-a052f2e elementor-widget__width-initial elementor-widget elementor-widget-image\" data-id=\"a052f2e\" data-element_type=\"widget\" data-e-type=\"widget\" data-widget_type=\"image.default\">\n\t\t\t\t<div class=\"elementor-widget-container\">\n\t\t\t\t\t\t\t\t\t\t\t\t\t\t\t<img loading=\"lazy\" decoding=\"async\" width=\"380\" height=\"414\" src=\"https:\/\/hopecapetown.org\/wp-content\/uploads\/2023\/11\/Hope-and-Future-market-1.jpeg\" class=\"attachment-full size-full wp-image-19264\" alt=\"\" srcset=\"https:\/\/hopecapetown.org\/wp-content\/uploads\/2023\/11\/Hope-and-Future-market-1.jpeg 380w, https:\/\/hopecapetown.org\/wp-content\/uploads\/2023\/11\/Hope-and-Future-market-1-275x300.jpeg 275w\" sizes=\"(max-width: 380px) 100vw, 380px\" \/>\t\t\t\t\t\t\t\t\t\t\t\t\t\t\t<\/div>\n\t\t\t\t<\/div>\n\t\t\t\t\t<\/div>\n\t\t<\/div>\n\t\t\t\t\t<\/div>\n\t\t<\/section>\n\t\t\t\t<section class=\"elementor-section elementor-top-section elementor-element elementor-element-777036a elementor-hidden-desktop elementor-section-boxed elementor-section-height-default elementor-section-height-default\" data-id=\"777036a\" data-element_type=\"section\" data-e-type=\"section\" data-settings=\"{&quot;_ha_eqh_enable&quot;:false}\">\n\t\t\t\t\t\t<div class=\"elementor-container elementor-column-gap-default\">\n\t\t\t\t\t<div class=\"elementor-column elementor-col-50 elementor-top-column elementor-element elementor-element-0f62b5f\" data-id=\"0f62b5f\" data-element_type=\"column\" data-e-type=\"column\">\n\t\t\t<div class=\"elementor-widget-wrap elementor-element-populated\">\n\t\t\t\t\t\t<div class=\"elementor-element elementor-element-49a8906 elementor-widget elementor-widget-image\" data-id=\"49a8906\" data-element_type=\"widget\" data-e-type=\"widget\" data-widget_type=\"image.default\">\n\t\t\t\t<div class=\"elementor-widget-container\">\n\t\t\t\t\t\t\t\t\t\t\t\t\t\t\t<img loading=\"lazy\" decoding=\"async\" width=\"1800\" height=\"1111\" src=\"https:\/\/hopecapetown.org\/wp-content\/uploads\/2023\/11\/IMG_8646-resized.jpg\" class=\"attachment-full size-full wp-image-19262\" alt=\"\" srcset=\"https:\/\/hopecapetown.org\/wp-content\/uploads\/2023\/11\/IMG_8646-resized.jpg 1800w, https:\/\/hopecapetown.org\/wp-content\/uploads\/2023\/11\/IMG_8646-resized-300x185.jpg 300w, https:\/\/hopecapetown.org\/wp-content\/uploads\/2023\/11\/IMG_8646-resized-1024x632.jpg 1024w, https:\/\/hopecapetown.org\/wp-content\/uploads\/2023\/11\/IMG_8646-resized-768x474.jpg 768w, https:\/\/hopecapetown.org\/wp-content\/uploads\/2023\/11\/IMG_8646-resized-1536x948.jpg 1536w\" sizes=\"(max-width: 1800px) 100vw, 1800px\" \/>\t\t\t\t\t\t\t\t\t\t\t\t\t\t\t<\/div>\n\t\t\t\t<\/div>\n\t\t\t\t\t<\/div>\n\t\t<\/div>\n\t\t\t\t<div class=\"elementor-column elementor-col-50 elementor-top-column elementor-element elementor-element-58f3be3\" data-id=\"58f3be3\" data-element_type=\"column\" data-e-type=\"column\">\n\t\t\t<div class=\"elementor-widget-wrap elementor-element-populated\">\n\t\t\t\t\t\t<div class=\"elementor-element elementor-element-e7d7ffe elementor-widget__width-initial elementor-widget-tablet__width-initial elementor-widget elementor-widget-image\" data-id=\"e7d7ffe\" data-element_type=\"widget\" data-e-type=\"widget\" data-widget_type=\"image.default\">\n\t\t\t\t<div class=\"elementor-widget-container\">\n\t\t\t\t\t\t\t\t\t\t\t\t\t\t\t<img loading=\"lazy\" decoding=\"async\" width=\"380\" height=\"414\" src=\"https:\/\/hopecapetown.org\/wp-content\/uploads\/2023\/11\/Hope-and-Future-market-1.jpeg\" class=\"attachment-full size-full wp-image-19264\" alt=\"\" srcset=\"https:\/\/hopecapetown.org\/wp-content\/uploads\/2023\/11\/Hope-and-Future-market-1.jpeg 380w, https:\/\/hopecapetown.org\/wp-content\/uploads\/2023\/11\/Hope-and-Future-market-1-275x300.jpeg 275w\" sizes=\"(max-width: 380px) 100vw, 380px\" \/>\t\t\t\t\t\t\t\t\t\t\t\t\t\t\t<\/div>\n\t\t\t\t<\/div>\n\t\t\t\t\t<\/div>\n\t\t<\/div>\n\t\t\t\t\t<\/div>\n\t\t<\/section>\n\t\t\t\t<section class=\"elementor-section elementor-top-section elementor-element elementor-element-355bc62 elementor-hidden-desktop elementor-section-boxed elementor-section-height-default elementor-section-height-default\" data-id=\"355bc62\" data-element_type=\"section\" data-e-type=\"section\" data-settings=\"{&quot;_ha_eqh_enable&quot;:false}\">\n\t\t\t\t\t\t<div class=\"elementor-container elementor-column-gap-default\">\n\t\t\t\t\t<div class=\"elementor-column elementor-col-100 elementor-top-column elementor-element elementor-element-b0bc448\" data-id=\"b0bc448\" data-element_type=\"column\" data-e-type=\"column\">\n\t\t\t<div class=\"elementor-widget-wrap elementor-element-populated\">\n\t\t\t\t\t\t<div class=\"elementor-element elementor-element-dbb7c6b elementor-widget elementor-widget-text-editor\" data-id=\"dbb7c6b\" data-element_type=\"widget\" data-e-type=\"widget\" data-widget_type=\"text-editor.default\">\n\t\t\t\t<div class=\"elementor-widget-container\">\n\t\t\t\t\t\t\t\t\t<p style=\"font-weight: 400;\">TOP LEFT:\u00a0 Pfr. Stefan Hippler mit Melanie Huml, Bayerische Staatsministerin f\u00fcr europ\u00e4ische und internationale Angelegenheiten, bei der offiziellen Er\u00f6ffnung des \u201aBayerngarden\u2018 Zentrum f\u00fcr fr\u00fchkindliche Entwicklung &#8211; eine Initiative, die durch die Partnerschaft mit dem Freistaat Bayern erm\u00f6glicht wurde.<\/p><p style=\"font-weight: 400;\">TOP RIGHT: Seit vielen Jahren verkauft unser Partner Hope and Future e.V. selbstgemachte Marmeladen, Kerzen und Souvenirs auf Festen, M\u00e4rkten und anderen Veranstaltungen, um Mittel zur Unterst\u00fctzung der Projekte von HOPE Cape Town zu generieren.<\/p>\t\t\t\t\t\t\t\t<\/div>\n\t\t\t\t<\/div>\n\t\t\t\t\t<\/div>\n\t\t<\/div>\n\t\t\t\t\t<\/div>\n\t\t<\/section>\n\t\t\t\t<\/div>\n\t\t","protected":false},"excerpt":{"rendered":"<p>Begleiten Sie uns Werden Sie unser Partner Unsere starken Partnerschaften sind der Schl\u00fcssel, auch weiterhin strategisch aufgebaute Programme und Interventionen anzubieten und durchzuf\u00fchren. Sollten Sie eine Partnerschaft mit uns in Erw\u00e4gung ziehen, vereinbaren wir gerne ein Meeting, online oder vor Ort, um m\u00f6gliche Optionen und Bereiche der Zusammenarbeit zu erkunden. Eine Partnerschaft mit uns garantiert &hellip;<\/p>\n","protected":false},"author":1,"featured_media":0,"parent":0,"menu_order":0,"comment_status":"closed","ping_status":"closed","template":"elementor_header_footer","meta":{"footnotes":""},"class_list":["post-18617","page","type-page","status-publish","hentry"],"_links":{"self":[{"href":"https:\/\/hopecapetown.org\/de\/wp-json\/wp\/v2\/pages\/18617","targetHints":{"allow":["GET"]}}],"collection":[{"href":"https:\/\/hopecapetown.org\/de\/wp-json\/wp\/v2\/pages"}],"about":[{"href":"https:\/\/hopecapetown.org\/de\/wp-json\/wp\/v2\/types\/page"}],"author":[{"embeddable":true,"href":"https:\/\/hopecapetown.org\/de\/wp-json\/wp\/v2\/users\/1"}],"replies":[{"embeddable":true,"href":"https:\/\/hopecapetown.org\/de\/wp-json\/wp\/v2\/comments?post=18617"}],"version-history":[{"count":71,"href":"https:\/\/hopecapetown.org\/de\/wp-json\/wp\/v2\/pages\/18617\/revisions"}],"predecessor-version":[{"id":22657,"href":"https:\/\/hopecapetown.org\/de\/wp-json\/wp\/v2\/pages\/18617\/revisions\/22657"}],"wp:attachment":[{"href":"https:\/\/hopecapetown.org\/de\/wp-json\/wp\/v2\/media?parent=18617"}],"curies":[{"name":"wp","href":"https:\/\/api.w.org\/{rel}","templated":true}]}}