{"id":18505,"date":"2023-06-06T20:45:32","date_gmt":"2023-06-06T20:45:32","guid":{"rendered":"https:\/\/hopecapetown.org\/wp-sa\/?page_id=18505"},"modified":"2026-02-27T13:19:32","modified_gmt":"2026-02-27T13:19:32","slug":"hope-helden-ambassador","status":"publish","type":"page","link":"https:\/\/hopecapetown.org\/de\/hope-helden-ambassador\/","title":{"rendered":"Hope Helden Katlego"},"content":{"rendered":"\t\t<div data-elementor-type=\"wp-page\" data-elementor-id=\"18505\" class=\"elementor elementor-18505\" data-elementor-settings=\"{&quot;ha_cmc_init_switcher&quot;:&quot;no&quot;}\">\n\t\t\t\t\t\t<section class=\"elementor-section elementor-top-section elementor-element elementor-element-156d319 elementor-section-boxed elementor-section-height-default elementor-section-height-default\" data-id=\"156d319\" data-element_type=\"section\" data-e-type=\"section\" data-settings=\"{&quot;_ha_eqh_enable&quot;:false}\">\n\t\t\t\t\t\t<div class=\"elementor-container elementor-column-gap-no\">\n\t\t\t\t\t<div class=\"elementor-column elementor-col-50 elementor-top-column elementor-element elementor-element-9021c39\" data-id=\"9021c39\" data-element_type=\"column\" data-e-type=\"column\">\n\t\t\t<div class=\"elementor-widget-wrap elementor-element-populated\">\n\t\t\t\t\t\t<section class=\"elementor-section elementor-inner-section elementor-element elementor-element-15f1f92 elementor-section-boxed elementor-section-height-default elementor-section-height-default\" data-id=\"15f1f92\" data-element_type=\"section\" data-e-type=\"section\" data-settings=\"{&quot;_ha_eqh_enable&quot;:false}\">\n\t\t\t\t\t\t<div class=\"elementor-container elementor-column-gap-default\">\n\t\t\t\t\t<div class=\"elementor-column elementor-col-100 elementor-inner-column elementor-element elementor-element-af55fa5\" data-id=\"af55fa5\" data-element_type=\"column\" data-e-type=\"column\">\n\t\t\t<div class=\"elementor-widget-wrap elementor-element-populated\">\n\t\t\t\t\t\t<div class=\"elementor-element elementor-element-7b9fa98 elementor-widget elementor-widget-heading\" data-id=\"7b9fa98\" data-element_type=\"widget\" data-e-type=\"widget\" data-widget_type=\"heading.default\">\n\t\t\t\t<div class=\"elementor-widget-container\">\n\t\t\t\t\t<h1 class=\"elementor-heading-title elementor-size-default\">HOPE HELDEN <\/h1>\t\t\t\t<\/div>\n\t\t\t\t<\/div>\n\t\t\t\t\t<\/div>\n\t\t<\/div>\n\t\t\t\t\t<\/div>\n\t\t<\/section>\n\t\t\t\t<section class=\"elementor-section elementor-inner-section elementor-element elementor-element-ca75d23 elementor-section-full_width elementor-section-content-middle elementor-section-height-default elementor-section-height-default\" data-id=\"ca75d23\" data-element_type=\"section\" data-e-type=\"section\" data-settings=\"{&quot;_ha_eqh_enable&quot;:false}\">\n\t\t\t\t\t\t<div class=\"elementor-container elementor-column-gap-no\">\n\t\t\t\t\t<div class=\"elementor-column elementor-col-33 elementor-inner-column elementor-element elementor-element-31e39b0\" data-id=\"31e39b0\" data-element_type=\"column\" data-e-type=\"column\">\n\t\t\t<div class=\"elementor-widget-wrap elementor-element-populated\">\n\t\t\t\t\t\t<div class=\"elementor-element elementor-element-e8181be elementor-align-justify elementor-widget elementor-widget-button\" data-id=\"e8181be\" data-element_type=\"widget\" data-e-type=\"widget\" data-widget_type=\"button.default\">\n\t\t\t\t<div class=\"elementor-widget-container\">\n\t\t\t\t\t\t\t\t\t<div class=\"elementor-button-wrapper\">\n\t\t\t\t\t<a class=\"elementor-button elementor-button-link elementor-size-sm\" href=\"https:\/\/hopecapetown.org\/de\/hope-helden-ambassador\/\">\n\t\t\t\t\t\t<span class=\"elementor-button-content-wrapper\">\n\t\t\t\t\t\t\t\t\t<span class=\"elementor-button-text\">BOTSCHAFTER<\/span>\n\t\t\t\t\t<\/span>\n\t\t\t\t\t<\/a>\n\t\t\t\t<\/div>\n\t\t\t\t\t\t\t\t<\/div>\n\t\t\t\t<\/div>\n\t\t\t\t\t<\/div>\n\t\t<\/div>\n\t\t\t\t<div class=\"elementor-column elementor-col-33 elementor-inner-column elementor-element elementor-element-76a9f78\" data-id=\"76a9f78\" data-element_type=\"column\" data-e-type=\"column\">\n\t\t\t<div class=\"elementor-widget-wrap elementor-element-populated\">\n\t\t\t\t\t\t<div class=\"elementor-element elementor-element-874052a elementor-align-justify elementor-widget__width-initial elementor-widget elementor-widget-button\" data-id=\"874052a\" data-element_type=\"widget\" data-e-type=\"widget\" data-widget_type=\"button.default\">\n\t\t\t\t<div class=\"elementor-widget-container\">\n\t\t\t\t\t\t\t\t\t<div class=\"elementor-button-wrapper\">\n\t\t\t\t\t<a class=\"elementor-button elementor-button-link elementor-size-sm\" href=\"https:\/\/hopecapetown.org\/de\/hope-helden-unterstuetzer\/\">\n\t\t\t\t\t\t<span class=\"elementor-button-content-wrapper\">\n\t\t\t\t\t\t\t\t\t<span class=\"elementor-button-text\">UNTERST\u00dcTZER<\/span>\n\t\t\t\t\t<\/span>\n\t\t\t\t\t<\/a>\n\t\t\t\t<\/div>\n\t\t\t\t\t\t\t\t<\/div>\n\t\t\t\t<\/div>\n\t\t\t\t\t<\/div>\n\t\t<\/div>\n\t\t\t\t<div class=\"elementor-column elementor-col-33 elementor-inner-column elementor-element elementor-element-e357cc9\" data-id=\"e357cc9\" data-element_type=\"column\" data-e-type=\"column\">\n\t\t\t<div class=\"elementor-widget-wrap elementor-element-populated\">\n\t\t\t\t\t\t<div class=\"elementor-element elementor-element-1f410a4 elementor-align-justify elementor-widget elementor-widget-button\" data-id=\"1f410a4\" data-element_type=\"widget\" data-e-type=\"widget\" data-widget_type=\"button.default\">\n\t\t\t\t<div class=\"elementor-widget-container\">\n\t\t\t\t\t\t\t\t\t<div class=\"elementor-button-wrapper\">\n\t\t\t\t\t<a class=\"elementor-button elementor-button-link elementor-size-sm\" href=\"https:\/\/hopecapetown.org\/de\/hope-heroes-friends-de\/\">\n\t\t\t\t\t\t<span class=\"elementor-button-content-wrapper\">\n\t\t\t\t\t\t\t\t\t<span class=\"elementor-button-text\">FREUNDE<\/span>\n\t\t\t\t\t<\/span>\n\t\t\t\t\t<\/a>\n\t\t\t\t<\/div>\n\t\t\t\t\t\t\t\t<\/div>\n\t\t\t\t<\/div>\n\t\t\t\t\t<\/div>\n\t\t<\/div>\n\t\t\t\t\t<\/div>\n\t\t<\/section>\n\t\t\t\t\t<\/div>\n\t\t<\/div>\n\t\t\t\t<div class=\"elementor-column elementor-col-50 elementor-top-column elementor-element elementor-element-4475d97\" data-id=\"4475d97\" data-element_type=\"column\" data-e-type=\"column\">\n\t\t\t<div class=\"elementor-widget-wrap\">\n\t\t\t\t\t\t\t<\/div>\n\t\t<\/div>\n\t\t\t\t\t<\/div>\n\t\t<\/section>\n\t\t\t\t<section class=\"elementor-section elementor-top-section elementor-element elementor-element-6ec32a2 elementor-section-full_width elementor-section-height-default elementor-section-height-default\" data-id=\"6ec32a2\" data-element_type=\"section\" data-e-type=\"section\" data-settings=\"{&quot;background_background&quot;:&quot;classic&quot;,&quot;_ha_eqh_enable&quot;:false}\">\n\t\t\t\t\t\t\t<div class=\"elementor-background-overlay\"><\/div>\n\t\t\t\t\t\t\t<div class=\"elementor-container elementor-column-gap-no\">\n\t\t\t\t\t<div class=\"elementor-column elementor-col-100 elementor-top-column elementor-element elementor-element-1cf365c1\" data-id=\"1cf365c1\" data-element_type=\"column\" data-e-type=\"column\">\n\t\t\t<div class=\"elementor-widget-wrap elementor-element-populated\">\n\t\t\t\t\t\t<section class=\"elementor-section elementor-inner-section elementor-element elementor-element-6afdf3b elementor-section-full_width elementor-section-height-default elementor-section-height-default\" data-id=\"6afdf3b\" data-element_type=\"section\" data-e-type=\"section\" data-settings=\"{&quot;_ha_eqh_enable&quot;:false}\">\n\t\t\t\t\t\t<div class=\"elementor-container elementor-column-gap-default\">\n\t\t\t\t\t<div class=\"elementor-column elementor-col-50 elementor-inner-column elementor-element elementor-element-5caca8e\" data-id=\"5caca8e\" data-element_type=\"column\" data-e-type=\"column\" data-settings=\"{&quot;background_background&quot;:&quot;classic&quot;}\">\n\t\t\t<div class=\"elementor-widget-wrap elementor-element-populated\">\n\t\t\t\t\t\t<div class=\"elementor-element elementor-element-1448424 elementor-widget elementor-widget-image\" data-id=\"1448424\" data-element_type=\"widget\" data-e-type=\"widget\" data-widget_type=\"image.default\">\n\t\t\t\t<div class=\"elementor-widget-container\">\n\t\t\t\t\t\t\t\t\t\t\t\t\t\t\t\t<a href=\"https:\/\/hopecapetown.org\/de\/hope-helden-ambassador\/#next\">\n\t\t\t\t\t\t\t<img decoding=\"async\" width=\"150\" height=\"150\" src=\"https:\/\/hopecapetown.org\/wp-content\/uploads\/2024\/02\/katlegomaboe-1-1-150x150.jpg\" class=\"attachment-thumbnail size-thumbnail wp-image-21986\" alt=\"\" srcset=\"https:\/\/hopecapetown.org\/wp-content\/uploads\/2024\/02\/katlegomaboe-1-1-150x150.jpg 150w, https:\/\/hopecapetown.org\/wp-content\/uploads\/2024\/02\/katlegomaboe-1-1-300x300.jpg 300w, https:\/\/hopecapetown.org\/wp-content\/uploads\/2024\/02\/katlegomaboe-1-1.jpg 700w\" sizes=\"(max-width: 150px) 100vw, 150px\" \/>\t\t\t\t\t\t\t\t<\/a>\n\t\t\t\t\t\t\t\t\t\t\t\t\t\t\t<\/div>\n\t\t\t\t<\/div>\n\t\t\t\t<div class=\"elementor-element elementor-element-975c3bb elementor-widget elementor-widget-text-editor\" data-id=\"975c3bb\" data-element_type=\"widget\" data-e-type=\"widget\" data-widget_type=\"text-editor.default\">\n\t\t\t\t<div class=\"elementor-widget-container\">\n\t\t\t\t\t\t\t\t\t<p><strong><a href=\"https:\/\/hopecapetown.org\/de\/hope-helden-ambassador\/#next\">KATLEGO MABOE<\/a><\/strong><\/p>\t\t\t\t\t\t\t\t<\/div>\n\t\t\t\t<\/div>\n\t\t\t\t\t<\/div>\n\t\t<\/div>\n\t\t\t\t<div class=\"elementor-column elementor-col-50 elementor-inner-column elementor-element elementor-element-757322e\" data-id=\"757322e\" data-element_type=\"column\" data-e-type=\"column\" data-settings=\"{&quot;background_background&quot;:&quot;classic&quot;}\">\n\t\t\t<div class=\"elementor-widget-wrap elementor-element-populated\">\n\t\t\t\t\t\t\t<\/div>\n\t\t<\/div>\n\t\t\t\t\t<\/div>\n\t\t<\/section>\n\t\t\t\t<section class=\"elementor-section elementor-inner-section elementor-element elementor-element-22f1e2d7 elementor-section-boxed elementor-section-height-default elementor-section-height-default\" data-id=\"22f1e2d7\" data-element_type=\"section\" data-e-type=\"section\" data-settings=\"{&quot;_ha_eqh_enable&quot;:false}\">\n\t\t\t\t\t\t<div class=\"elementor-container elementor-column-gap-wide\">\n\t\t\t\t\t<div class=\"elementor-column elementor-col-50 elementor-inner-column elementor-element elementor-element-688fe6ff\" data-id=\"688fe6ff\" data-element_type=\"column\" data-e-type=\"column\">\n\t\t\t<div class=\"elementor-widget-wrap elementor-element-populated\">\n\t\t\t\t\t\t<div class=\"elementor-element elementor-element-5023cc7 elementor-widget elementor-widget-menu-anchor\" data-id=\"5023cc7\" data-element_type=\"widget\" data-e-type=\"widget\" data-widget_type=\"menu-anchor.default\">\n\t\t\t\t<div class=\"elementor-widget-container\">\n\t\t\t\t\t\t\t<div class=\"elementor-menu-anchor\" id=\"next\"><\/div>\n\t\t\t\t\t\t<\/div>\n\t\t\t\t<\/div>\n\t\t\t\t<div class=\"elementor-element elementor-element-3474f9d4 dekoline elementor-widget elementor-widget-heading\" data-id=\"3474f9d4\" data-element_type=\"widget\" data-e-type=\"widget\" data-widget_type=\"heading.default\">\n\t\t\t\t<div class=\"elementor-widget-container\">\n\t\t\t\t\t<h2 class=\"elementor-heading-title elementor-size-xxl\">Katlego Maboe<\/h2>\t\t\t\t<\/div>\n\t\t\t\t<\/div>\n\t\t\t\t<div class=\"elementor-element elementor-element-5f551a4c elementor-widget elementor-widget-heading\" data-id=\"5f551a4c\" data-element_type=\"widget\" data-e-type=\"widget\" data-widget_type=\"heading.default\">\n\t\t\t\t<div class=\"elementor-widget-container\">\n\t\t\t\t\t<h3 class=\"elementor-heading-title elementor-size-default\">Katlego Maboe, bekannter s\u00fcdafrikanischer Entertainer und TV-Moderator, ist seit September 2014 Botschafter von HOPE Cape Town<\/h3>\t\t\t\t<\/div>\n\t\t\t\t<\/div>\n\t\t\t\t<div class=\"elementor-element elementor-element-527aef9a elementor-widget elementor-widget-text-editor\" data-id=\"527aef9a\" data-element_type=\"widget\" data-e-type=\"widget\" data-widget_type=\"text-editor.default\">\n\t\t\t\t<div class=\"elementor-widget-container\">\n\t\t\t\t\t\t\t\t\t<p>&#8220;Ich bin bereits seit einiger Zeit mit HOPE Cape Town verbunden und bewundere deren Arbeit. Ich bin dankbar f\u00fcr Gelegenheit, ein HOPE Held f\u00fcr die von HIV\/AIDS und Tuberkulose betroffenen Kinder und Familien zu sein&#8221;, kommentierte er seine Ernennung.<\/p>\t\t\t\t\t\t\t\t<\/div>\n\t\t\t\t<\/div>\n\t\t\t\t<div class=\"elementor-element elementor-element-f7e3b31 elementor-widget elementor-widget-text-editor\" data-id=\"f7e3b31\" data-element_type=\"widget\" data-e-type=\"widget\" data-widget_type=\"text-editor.default\">\n\t\t\t\t<div class=\"elementor-widget-container\">\n\t\t\t\t\t\t\t\t\t<p>Katlego setzt sich nicht nur f\u00fcr die Arbeit von HOPE Cape Town ein, sondern beteiligt sich auch aktiv an Aktivit\u00e4ten und Programmen in der Gemeinde und moderiert und tritt bei unserer j\u00e4hrlichen Spendengala Ball of HOPE auf.<\/p><p>Im Jahr 2015 hatte er einen besonderen Auftritt beim HOPE Gala Charity Dinner in Dresden, wo der legend\u00e4re K\u00fcnstler Harry Belafonte mit dem HOPE Award geehrt wurde.<\/p>\t\t\t\t\t\t\t\t<\/div>\n\t\t\t\t<\/div>\n\t\t\t\t\t<\/div>\n\t\t<\/div>\n\t\t\t\t<div class=\"elementor-column elementor-col-50 elementor-inner-column elementor-element elementor-element-6a800bc0\" data-id=\"6a800bc0\" data-element_type=\"column\" data-e-type=\"column\">\n\t\t\t<div class=\"elementor-widget-wrap elementor-element-populated\">\n\t\t\t\t\t\t<div class=\"elementor-element elementor-element-1b4ebad5 elementor-widget elementor-widget-image\" data-id=\"1b4ebad5\" data-element_type=\"widget\" data-e-type=\"widget\" data-widget_type=\"image.default\">\n\t\t\t\t<div class=\"elementor-widget-container\">\n\t\t\t\t\t\t\t\t\t\t\t\t\t\t\t<img fetchpriority=\"high\" decoding=\"async\" width=\"768\" height=\"512\" src=\"https:\/\/hopecapetown.org\/wp-content\/uploads\/2023\/06\/2991-768x512.jpeg\" class=\"attachment-medium_large size-medium_large wp-image-12855\" alt=\"\" srcset=\"https:\/\/hopecapetown.org\/wp-content\/uploads\/2023\/06\/2991-768x512.jpeg 768w, https:\/\/hopecapetown.org\/wp-content\/uploads\/2023\/06\/2991-300x200.jpeg 300w, https:\/\/hopecapetown.org\/wp-content\/uploads\/2023\/06\/2991-1024x683.jpeg 1024w, https:\/\/hopecapetown.org\/wp-content\/uploads\/2023\/06\/2991-1536x1024.jpeg 1536w, https:\/\/hopecapetown.org\/wp-content\/uploads\/2023\/06\/2991.jpeg 1800w\" sizes=\"(max-width: 768px) 100vw, 768px\" \/>\t\t\t\t\t\t\t\t\t\t\t\t\t\t\t<\/div>\n\t\t\t\t<\/div>\n\t\t\t\t<div class=\"elementor-element elementor-element-89ea721 elementor-widget elementor-widget-image\" data-id=\"89ea721\" data-element_type=\"widget\" data-e-type=\"widget\" data-widget_type=\"image.default\">\n\t\t\t\t<div class=\"elementor-widget-container\">\n\t\t\t\t\t\t\t\t\t\t\t\t\t\t\t<img decoding=\"async\" width=\"768\" height=\"512\" src=\"https:\/\/hopecapetown.org\/wp-content\/uploads\/2023\/06\/2015-10-29_23-14-45-768x512.jpeg\" class=\"attachment-medium_large size-medium_large wp-image-12860\" alt=\"\" srcset=\"https:\/\/hopecapetown.org\/wp-content\/uploads\/2023\/06\/2015-10-29_23-14-45-768x512.jpeg 768w, https:\/\/hopecapetown.org\/wp-content\/uploads\/2023\/06\/2015-10-29_23-14-45-300x200.jpeg 300w, https:\/\/hopecapetown.org\/wp-content\/uploads\/2023\/06\/2015-10-29_23-14-45-1024x683.jpeg 1024w, https:\/\/hopecapetown.org\/wp-content\/uploads\/2023\/06\/2015-10-29_23-14-45-1536x1024.jpeg 1536w, https:\/\/hopecapetown.org\/wp-content\/uploads\/2023\/06\/2015-10-29_23-14-45-2048x1365.jpeg 2048w\" sizes=\"(max-width: 768px) 100vw, 768px\" \/>\t\t\t\t\t\t\t\t\t\t\t\t\t\t\t<\/div>\n\t\t\t\t<\/div>\n\t\t\t\t\t<\/div>\n\t\t<\/div>\n\t\t\t\t\t<\/div>\n\t\t<\/section>\n\t\t\t\t\t<\/div>\n\t\t<\/div>\n\t\t\t\t\t<\/div>\n\t\t<\/section>\n\t\t\t\t<section class=\"elementor-section elementor-top-section elementor-element elementor-element-3616d4a elementor-section-boxed elementor-section-height-default elementor-section-height-default\" data-id=\"3616d4a\" data-element_type=\"section\" data-e-type=\"section\" data-settings=\"{&quot;background_background&quot;:&quot;classic&quot;,&quot;shape_divider_bottom&quot;:&quot;waves&quot;,&quot;_ha_eqh_enable&quot;:false}\">\n\t\t\t\t\t\t\t<div class=\"elementor-background-overlay\"><\/div>\n\t\t\t\t\t\t<div class=\"elementor-shape elementor-shape-bottom\" aria-hidden=\"true\" data-negative=\"false\">\n\t\t\t<svg xmlns=\"http:\/\/www.w3.org\/2000\/svg\" viewBox=\"0 0 1000 100\" preserveAspectRatio=\"none\">\n\t<path class=\"elementor-shape-fill\" d=\"M421.9,6.5c22.6-2.5,51.5,0.4,75.5,5.3c23.6,4.9,70.9,23.5,100.5,35.7c75.8,32.2,133.7,44.5,192.6,49.7\n\tc23.6,2.1,48.7,3.5,103.4-2.5c54.7-6,106.2-25.6,106.2-25.6V0H0v30.3c0,0,72,32.6,158.4,30.5c39.2-0.7,92.8-6.7,134-22.4\n\tc21.2-8.1,52.2-18.2,79.7-24.2C399.3,7.9,411.6,7.5,421.9,6.5z\"\/>\n<\/svg>\t\t<\/div>\n\t\t\t\t\t<div class=\"elementor-container elementor-column-gap-default\">\n\t\t\t\t\t<div class=\"elementor-column elementor-col-100 elementor-top-column elementor-element elementor-element-fd3c27c\" data-id=\"fd3c27c\" data-element_type=\"column\" data-e-type=\"column\">\n\t\t\t<div class=\"elementor-widget-wrap elementor-element-populated\">\n\t\t\t\t\t\t<div class=\"elementor-element elementor-element-e3a8505 elementor-widget elementor-widget-image\" data-id=\"e3a8505\" data-element_type=\"widget\" data-e-type=\"widget\" data-widget_type=\"image.default\">\n\t\t\t\t<div class=\"elementor-widget-container\">\n\t\t\t\t\t\t\t\t\t\t\t\t\t\t\t<img loading=\"lazy\" decoding=\"async\" width=\"2000\" height=\"1333\" src=\"https:\/\/hopecapetown.org\/wp-content\/uploads\/2023\/06\/katlego-group.jpg\" class=\"attachment-full size-full wp-image-12866\" alt=\"\" srcset=\"https:\/\/hopecapetown.org\/wp-content\/uploads\/2023\/06\/katlego-group.jpg 2000w, https:\/\/hopecapetown.org\/wp-content\/uploads\/2023\/06\/katlego-group-300x200.jpg 300w, https:\/\/hopecapetown.org\/wp-content\/uploads\/2023\/06\/katlego-group-1024x682.jpg 1024w, https:\/\/hopecapetown.org\/wp-content\/uploads\/2023\/06\/katlego-group-768x512.jpg 768w, https:\/\/hopecapetown.org\/wp-content\/uploads\/2023\/06\/katlego-group-1536x1024.jpg 1536w\" sizes=\"(max-width: 2000px) 100vw, 2000px\" \/>\t\t\t\t\t\t\t\t\t\t\t\t\t\t\t<\/div>\n\t\t\t\t<\/div>\n\t\t\t\t<div class=\"elementor-element elementor-element-0fa6082 elementor-tablet-align-center elementor-align-right elementor-mobile-align-justify elementor-widget elementor-widget-button\" data-id=\"0fa6082\" data-element_type=\"widget\" data-e-type=\"widget\" data-widget_type=\"button.default\">\n\t\t\t\t<div class=\"elementor-widget-container\">\n\t\t\t\t\t\t\t\t\t<div class=\"elementor-button-wrapper\">\n\t\t\t\t\t<a class=\"elementor-button elementor-button-link elementor-size-sm\" href=\"https:\/\/hopecapetown.org\/de\/2014-katlego-wird-ein-held-von-hope\/\">\n\t\t\t\t\t\t<span class=\"elementor-button-content-wrapper\">\n\t\t\t\t\t\t<span class=\"elementor-button-icon\">\n\t\t\t\t<i aria-hidden=\"true\" class=\"fas fa-play-circle\"><\/i>\t\t\t<\/span>\n\t\t\t\t\t\t\t\t\t<span class=\"elementor-button-text\">TO ARTICLE<\/span>\n\t\t\t\t\t<\/span>\n\t\t\t\t\t<\/a>\n\t\t\t\t<\/div>\n\t\t\t\t\t\t\t\t<\/div>\n\t\t\t\t<\/div>\n\t\t\t\t<section class=\"elementor-section elementor-inner-section elementor-element elementor-element-9f2dc93 elementor-section-boxed elementor-section-height-default elementor-section-height-default\" data-id=\"9f2dc93\" data-element_type=\"section\" data-e-type=\"section\" data-settings=\"{&quot;_ha_eqh_enable&quot;:false}\">\n\t\t\t\t\t\t<div class=\"elementor-container elementor-column-gap-default\">\n\t\t\t\t\t<div class=\"elementor-column elementor-col-50 elementor-inner-column elementor-element elementor-element-70d764a\" data-id=\"70d764a\" data-element_type=\"column\" data-e-type=\"column\">\n\t\t\t<div class=\"elementor-widget-wrap elementor-element-populated\">\n\t\t\t\t\t\t<div class=\"elementor-element elementor-element-8259289 elementor-widget elementor-widget-image\" data-id=\"8259289\" data-element_type=\"widget\" data-e-type=\"widget\" data-widget_type=\"image.default\">\n\t\t\t\t<div class=\"elementor-widget-container\">\n\t\t\t\t\t\t\t\t\t\t\t\t\t\t\t<img loading=\"lazy\" decoding=\"async\" width=\"768\" height=\"512\" src=\"https:\/\/hopecapetown.org\/wp-content\/uploads\/2023\/06\/Hope-124-katlego-768x512.jpg\" class=\"attachment-medium_large size-medium_large wp-image-12871\" alt=\"\" srcset=\"https:\/\/hopecapetown.org\/wp-content\/uploads\/2023\/06\/Hope-124-katlego-768x512.jpg 768w, https:\/\/hopecapetown.org\/wp-content\/uploads\/2023\/06\/Hope-124-katlego-300x200.jpg 300w, https:\/\/hopecapetown.org\/wp-content\/uploads\/2023\/06\/Hope-124-katlego-1024x682.jpg 1024w, https:\/\/hopecapetown.org\/wp-content\/uploads\/2023\/06\/Hope-124-katlego.jpg 1037w\" sizes=\"(max-width: 768px) 100vw, 768px\" \/>\t\t\t\t\t\t\t\t\t\t\t\t\t\t\t<\/div>\n\t\t\t\t<\/div>\n\t\t\t\t\t<\/div>\n\t\t<\/div>\n\t\t\t\t<div class=\"elementor-column elementor-col-50 elementor-inner-column elementor-element elementor-element-4ed588e\" data-id=\"4ed588e\" data-element_type=\"column\" data-e-type=\"column\">\n\t\t\t<div class=\"elementor-widget-wrap elementor-element-populated\">\n\t\t\t\t\t\t<div class=\"elementor-element elementor-element-df3e4d1 elementor-widget elementor-widget-text-editor\" data-id=\"df3e4d1\" data-element_type=\"widget\" data-e-type=\"widget\" data-widget_type=\"text-editor.default\">\n\t\t\t\t<div class=\"elementor-widget-container\">\n\t\t\t\t\t\t\t\t\t<p style=\"font-weight: 400;\">Katlego Maboe, Goodwill-Botschafter von HOPE Cape Town, unterhielt sich mit Studenten unseres Programms zur Entwicklung unternehmerischer F\u00e4higkeiten und gab Einblicke und Lehren aus seinem Lebensweg.<\/p>\t\t\t\t\t\t\t\t<\/div>\n\t\t\t\t<\/div>\n\t\t\t\t\t<\/div>\n\t\t<\/div>\n\t\t\t\t\t<\/div>\n\t\t<\/section>\n\t\t\t\t\t<\/div>\n\t\t<\/div>\n\t\t\t\t\t<\/div>\n\t\t<\/section>\n\t\t\t\t<\/div>\n\t\t","protected":false},"excerpt":{"rendered":"<p>HOPE HELDEN BOTSCHAFTER UNTERST\u00dcTZER FREUNDE KATLEGO MABOE Katlego Maboe Katlego Maboe, bekannter s\u00fcdafrikanischer Entertainer und TV-Moderator, ist seit September 2014 Botschafter von HOPE Cape Town &#8220;Ich bin bereits seit einiger Zeit mit HOPE Cape Town verbunden und bewundere deren Arbeit. Ich bin dankbar f\u00fcr Gelegenheit, ein HOPE Held f\u00fcr die von HIV\/AIDS und Tuberkulose betroffenen &hellip;<\/p>\n","protected":false},"author":1,"featured_media":0,"parent":0,"menu_order":0,"comment_status":"closed","ping_status":"closed","template":"elementor_header_footer","meta":{"footnotes":""},"class_list":["post-18505","page","type-page","status-publish","hentry"],"_links":{"self":[{"href":"https:\/\/hopecapetown.org\/de\/wp-json\/wp\/v2\/pages\/18505","targetHints":{"allow":["GET"]}}],"collection":[{"href":"https:\/\/hopecapetown.org\/de\/wp-json\/wp\/v2\/pages"}],"about":[{"href":"https:\/\/hopecapetown.org\/de\/wp-json\/wp\/v2\/types\/page"}],"author":[{"embeddable":true,"href":"https:\/\/hopecapetown.org\/de\/wp-json\/wp\/v2\/users\/1"}],"replies":[{"embeddable":true,"href":"https:\/\/hopecapetown.org\/de\/wp-json\/wp\/v2\/comments?post=18505"}],"version-history":[{"count":54,"href":"https:\/\/hopecapetown.org\/de\/wp-json\/wp\/v2\/pages\/18505\/revisions"}],"predecessor-version":[{"id":26386,"href":"https:\/\/hopecapetown.org\/de\/wp-json\/wp\/v2\/pages\/18505\/revisions\/26386"}],"wp:attachment":[{"href":"https:\/\/hopecapetown.org\/de\/wp-json\/wp\/v2\/media?parent=18505"}],"curies":[{"name":"wp","href":"https:\/\/api.w.org\/{rel}","templated":true}]}}