{"id":18476,"date":"2023-06-06T18:53:10","date_gmt":"2023-06-06T18:53:10","guid":{"rendered":"https:\/\/hopecapetown.org\/wp-sa\/?page_id=18476"},"modified":"2026-04-14T10:05:56","modified_gmt":"2026-04-14T10:05:56","slug":"our-story-history","status":"publish","type":"page","link":"https:\/\/hopecapetown.org\/de\/our-story-history\/","title":{"rendered":"HISTORIE"},"content":{"rendered":"\t\t<div data-elementor-type=\"wp-page\" data-elementor-id=\"18476\" class=\"elementor elementor-18476\" data-elementor-settings=\"{&quot;ha_cmc_init_switcher&quot;:&quot;no&quot;}\">\n\t\t\t\t\t\t<section class=\"elementor-section elementor-top-section elementor-element elementor-element-4b7a42c elementor-section-boxed elementor-section-height-default elementor-section-height-default\" data-id=\"4b7a42c\" data-element_type=\"section\" data-e-type=\"section\" data-settings=\"{&quot;_ha_eqh_enable&quot;:false}\">\n\t\t\t\t\t\t<div class=\"elementor-container elementor-column-gap-no\">\n\t\t\t\t\t<div class=\"elementor-column elementor-col-50 elementor-top-column elementor-element elementor-element-74afc03\" data-id=\"74afc03\" data-element_type=\"column\" data-e-type=\"column\">\n\t\t\t<div class=\"elementor-widget-wrap elementor-element-populated\">\n\t\t\t\t\t\t<section class=\"elementor-section elementor-inner-section elementor-element elementor-element-918e475 elementor-section-boxed elementor-section-height-default elementor-section-height-default\" data-id=\"918e475\" data-element_type=\"section\" data-e-type=\"section\" data-settings=\"{&quot;_ha_eqh_enable&quot;:false}\">\n\t\t\t\t\t\t<div class=\"elementor-container elementor-column-gap-default\">\n\t\t\t\t\t<div class=\"elementor-column elementor-col-100 elementor-inner-column elementor-element elementor-element-9c7a2af\" data-id=\"9c7a2af\" data-element_type=\"column\" data-e-type=\"column\">\n\t\t\t<div class=\"elementor-widget-wrap elementor-element-populated\">\n\t\t\t\t\t\t<div class=\"elementor-element elementor-element-c143f79 elementor-widget elementor-widget-heading\" data-id=\"c143f79\" data-element_type=\"widget\" data-e-type=\"widget\" data-widget_type=\"heading.default\">\n\t\t\t\t<div class=\"elementor-widget-container\">\n\t\t\t\t\t<h1 class=\"elementor-heading-title elementor-size-default\">Unsere Geschichte \n<\/h1>\t\t\t\t<\/div>\n\t\t\t\t<\/div>\n\t\t\t\t\t<\/div>\n\t\t<\/div>\n\t\t\t\t\t<\/div>\n\t\t<\/section>\n\t\t\t\t<section class=\"elementor-section elementor-inner-section elementor-element elementor-element-cf1f7f2 elementor-section-full_width elementor-section-content-middle elementor-section-height-default elementor-section-height-default\" data-id=\"cf1f7f2\" data-element_type=\"section\" data-e-type=\"section\" data-settings=\"{&quot;_ha_eqh_enable&quot;:false}\">\n\t\t\t\t\t\t<div class=\"elementor-container elementor-column-gap-no\">\n\t\t\t\t\t<div class=\"elementor-column elementor-col-33 elementor-inner-column elementor-element elementor-element-3cb0d86\" data-id=\"3cb0d86\" data-element_type=\"column\" data-e-type=\"column\">\n\t\t\t<div class=\"elementor-widget-wrap elementor-element-populated\">\n\t\t\t\t\t\t<div class=\"elementor-element elementor-element-80a3b8e elementor-align-justify elementor-widget elementor-widget-button\" data-id=\"80a3b8e\" data-element_type=\"widget\" data-e-type=\"widget\" data-widget_type=\"button.default\">\n\t\t\t\t<div class=\"elementor-widget-container\">\n\t\t\t\t\t\t\t\t\t<div class=\"elementor-button-wrapper\">\n\t\t\t\t\t<a class=\"elementor-button elementor-button-link elementor-size-sm\" href=\"https:\/\/hopecapetown.org\/de\/our-story-history\/\">\n\t\t\t\t\t\t<span class=\"elementor-button-content-wrapper\">\n\t\t\t\t\t\t\t\t\t<span class=\"elementor-button-text\">Historie<\/span>\n\t\t\t\t\t<\/span>\n\t\t\t\t\t<\/a>\n\t\t\t\t<\/div>\n\t\t\t\t\t\t\t\t<\/div>\n\t\t\t\t<\/div>\n\t\t\t\t\t<\/div>\n\t\t<\/div>\n\t\t\t\t<div class=\"elementor-column elementor-col-33 elementor-inner-column elementor-element elementor-element-f4a8129\" data-id=\"f4a8129\" data-element_type=\"column\" data-e-type=\"column\">\n\t\t\t<div class=\"elementor-widget-wrap elementor-element-populated\">\n\t\t\t\t\t\t<div class=\"elementor-element elementor-element-a96b8bb elementor-align-justify elementor-widget__width-initial elementor-widget elementor-widget-button\" data-id=\"a96b8bb\" data-element_type=\"widget\" data-e-type=\"widget\" data-widget_type=\"button.default\">\n\t\t\t\t<div class=\"elementor-widget-container\">\n\t\t\t\t\t\t\t\t\t<div class=\"elementor-button-wrapper\">\n\t\t\t\t\t<a class=\"elementor-button elementor-button-link elementor-size-sm\" href=\"https:\/\/hopecapetown.org\/de\/hope-erfolgsgeschichten\/\">\n\t\t\t\t\t\t<span class=\"elementor-button-content-wrapper\">\n\t\t\t\t\t\t\t\t\t<span class=\"elementor-button-text\">HOPE Erfolgsgeschichten<\/span>\n\t\t\t\t\t<\/span>\n\t\t\t\t\t<\/a>\n\t\t\t\t<\/div>\n\t\t\t\t\t\t\t\t<\/div>\n\t\t\t\t<\/div>\n\t\t\t\t\t<\/div>\n\t\t<\/div>\n\t\t\t\t<div class=\"elementor-column elementor-col-33 elementor-inner-column elementor-element elementor-element-f7bd095\" data-id=\"f7bd095\" data-element_type=\"column\" data-e-type=\"column\">\n\t\t\t<div class=\"elementor-widget-wrap elementor-element-populated\">\n\t\t\t\t\t\t<div class=\"elementor-element elementor-element-a782c7f elementor-align-justify elementor-widget__width-initial elementor-widget elementor-widget-button\" data-id=\"a782c7f\" data-element_type=\"widget\" data-e-type=\"widget\" data-widget_type=\"button.default\">\n\t\t\t\t<div class=\"elementor-widget-container\">\n\t\t\t\t\t\t\t\t\t<div class=\"elementor-button-wrapper\">\n\t\t\t\t\t<a class=\"elementor-button elementor-button-link elementor-size-sm\" href=\"https:\/\/hopecapetown.org\/monitoring-and-evaluation\/#next\">\n\t\t\t\t\t\t<span class=\"elementor-button-content-wrapper\">\n\t\t\t\t\t\t\t\t\t<span class=\"elementor-button-text\">Monitoring und Evaluierung<\/span>\n\t\t\t\t\t<\/span>\n\t\t\t\t\t<\/a>\n\t\t\t\t<\/div>\n\t\t\t\t\t\t\t\t<\/div>\n\t\t\t\t<\/div>\n\t\t\t\t\t<\/div>\n\t\t<\/div>\n\t\t\t\t\t<\/div>\n\t\t<\/section>\n\t\t\t\t\t<\/div>\n\t\t<\/div>\n\t\t\t\t<div class=\"elementor-column elementor-col-50 elementor-top-column elementor-element elementor-element-108f4e8\" data-id=\"108f4e8\" data-element_type=\"column\" data-e-type=\"column\">\n\t\t\t<div class=\"elementor-widget-wrap\">\n\t\t\t\t\t\t\t<\/div>\n\t\t<\/div>\n\t\t\t\t\t<\/div>\n\t\t<\/section>\n\t\t\t\t<section class=\"elementor-section elementor-top-section elementor-element elementor-element-6ec32a2 elementor-section-full_width elementor-section-height-default elementor-section-height-default\" data-id=\"6ec32a2\" data-element_type=\"section\" data-e-type=\"section\" data-settings=\"{&quot;background_background&quot;:&quot;classic&quot;,&quot;_ha_eqh_enable&quot;:false}\">\n\t\t\t\t\t\t\t<div class=\"elementor-background-overlay\"><\/div>\n\t\t\t\t\t\t\t<div class=\"elementor-container elementor-column-gap-no\">\n\t\t\t\t\t<div class=\"elementor-column elementor-col-100 elementor-top-column elementor-element elementor-element-1cf365c1\" data-id=\"1cf365c1\" data-element_type=\"column\" data-e-type=\"column\">\n\t\t\t<div class=\"elementor-widget-wrap elementor-element-populated\">\n\t\t\t\t\t\t<section class=\"elementor-section elementor-inner-section elementor-element elementor-element-22f1e2d7 elementor-section-boxed elementor-section-height-default elementor-section-height-default\" data-id=\"22f1e2d7\" data-element_type=\"section\" data-e-type=\"section\" data-settings=\"{&quot;_ha_eqh_enable&quot;:false}\">\n\t\t\t\t\t\t<div class=\"elementor-container elementor-column-gap-wide\">\n\t\t\t\t\t<div class=\"elementor-column elementor-col-50 elementor-inner-column elementor-element elementor-element-688fe6ff\" data-id=\"688fe6ff\" data-element_type=\"column\" data-e-type=\"column\">\n\t\t\t<div class=\"elementor-widget-wrap elementor-element-populated\">\n\t\t\t\t\t\t<div class=\"elementor-element elementor-element-5023cc7 elementor-widget elementor-widget-menu-anchor\" data-id=\"5023cc7\" data-element_type=\"widget\" data-e-type=\"widget\" data-widget_type=\"menu-anchor.default\">\n\t\t\t\t<div class=\"elementor-widget-container\">\n\t\t\t\t\t\t\t<div class=\"elementor-menu-anchor\" id=\"next\"><\/div>\n\t\t\t\t\t\t<\/div>\n\t\t\t\t<\/div>\n\t\t\t\t<div class=\"elementor-element elementor-element-3474f9d4 dekoline elementor-widget elementor-widget-heading\" data-id=\"3474f9d4\" data-element_type=\"widget\" data-e-type=\"widget\" data-widget_type=\"heading.default\">\n\t\t\t\t<div class=\"elementor-widget-container\">\n\t\t\t\t\t<h2 class=\"elementor-heading-title elementor-size-xxl\">Geschichte von HOPE Cape Town \n<\/h2>\t\t\t\t<\/div>\n\t\t\t\t<\/div>\n\t\t\t\t<div class=\"elementor-element elementor-element-56c28be elementor-widget elementor-widget-heading\" data-id=\"56c28be\" data-element_type=\"widget\" data-e-type=\"widget\" data-widget_type=\"heading.default\">\n\t\t\t\t<div class=\"elementor-widget-container\">\n\t\t\t\t\t<h3 class=\"elementor-heading-title elementor-size-default\">HOPE Cape Town entstand aus einer medizinischen Initiative, die auf eine der gr\u00f6\u00dften gesundheitlichen Herausforderungen S\u00fcdafrikas reagierte.\nIm Jahr 1999 wurde Rev. Fr. Stefan Hippler von \u00c4rztinnen und \u00c4rzten des Tygerberg Academic Health Complex gebeten, gemeinsam eine L\u00f6sung f\u00fcr die Versorgung und Behandlung HIV-positiver Kinder zu entwickeln. In enger Zusammenarbeit mit Dr. Monika Esser, damals Leiterin der Immunologie am Tygerberg Hospital, entstand die erste spezialisierte Station f\u00fcr die terti\u00e4re Versorgung HIV-positiver Kinder: die G7 Ithemba (\u201eHope\u201c) Station f\u00fcr Infektionskrankheiten.\nMit der offiziellen Er\u00f6ffnung dieser Station im Oktober 2001 wurde gleichzeitig HOPE (HIV Outreach Programme and Education) Cape Town als Non-Profit-Organisation gegr\u00fcndet\n<\/h3>\t\t\t\t<\/div>\n\t\t\t\t<\/div>\n\t\t\t\t<div class=\"elementor-element elementor-element-527aef9a elementor-widget elementor-widget-text-editor\" data-id=\"527aef9a\" data-element_type=\"widget\" data-e-type=\"widget\" data-widget_type=\"text-editor.default\">\n\t\t\t\t<div class=\"elementor-widget-container\">\n\t\t\t\t\t\t\t\t\t<p>Zu einer Zeit, als antiretrovirale Therapien f\u00fcr Kinder noch nicht Teil der \u00f6ffentlichen Gesundheitsversorgung waren, organisierte HOPE Cape Town private F\u00f6rderpartnerschaften, um betroffenen Kindern lebenswichtige Medikamente zu erm\u00f6glichen. Als die s\u00fcdafrikanische Regierung 2007 die kostenlose Bereitstellung antiretroviraler Medikamente f\u00fcr alle Altersgruppen einf\u00fchrte, wurden die letzten durch HOPE Cape Town unterst\u00fctzten Kinder erfolgreich in das staatliche Programm \u00fcberf\u00fchrt.<\/p><p>Ausbau der Gesundheitsarbeit in den Gemeinde:Bereits 2002 erweiterte HOPE Cape Town seine Arbeit \u00fcber das Krankenhaus hinaus und setzte den ersten ausgebildeten Community Health Worker in der Mfuleni Clinic ein.<\/p><p>In den folgenden Jahren unterst\u00fctzten bis zu 25 Community Health Worker Programme und Dienstleistungen in zehn Kliniken und Krankenh\u00e4usern in einkommensschwachen Gemeinden. Sie st\u00e4rkten die Kapazit\u00e4ten der Einrichtungen, unterst\u00fctzten Beratung und Tests im Bereich HIV, begleiteten Patientinnen und Patienten bei der Behandlung und f\u00f6rderten die Therapietreue, mit besonderem Fokus auf Kinder, Jugendliche und ihre Familien.\u00a0<span style=\"letter-spacing: 0px;\">Dieses Programm wurde Ende 2025 im Zuge struktureller Ver\u00e4nderungen im \u00f6ffentlichen Gesundheitssystem der Provinz abgeschlossen.<\/span><\/p><p>Aus der urspr\u00fcnglichen Arbeit im HIV\/AIDS-Sektor heraus ist HOPE Cape Town zu einer ganzheitlich wirkenden Entwicklungsorganisation gewachsen. Heute umfasst das Team \u00fcber 20 festangestellte Mitarbeitende sowie verschiedene Beraterinnen und Berater und freiwillig Engagierte, die an mehreren Standorten t\u00e4tig sind \u2013 darunter das Delft Community Hospital, der Tygerberg Academic Health Complex sowie das Blikkiesdorp Community Outreach Centre.<\/p>\t\t\t\t\t\t\t\t<\/div>\n\t\t\t\t<\/div>\n\t\t\t\t\t<\/div>\n\t\t<\/div>\n\t\t\t\t<div class=\"elementor-column elementor-col-50 elementor-inner-column elementor-element elementor-element-6a800bc0\" data-id=\"6a800bc0\" data-element_type=\"column\" data-e-type=\"column\">\n\t\t\t<div class=\"elementor-widget-wrap elementor-element-populated\">\n\t\t\t\t\t\t<div class=\"elementor-element elementor-element-3539ba3 elementor-widget elementor-widget-image\" data-id=\"3539ba3\" data-element_type=\"widget\" data-e-type=\"widget\" data-widget_type=\"image.default\">\n\t\t\t\t<div class=\"elementor-widget-container\">\n\t\t\t\t\t\t\t\t\t\t\t\t\t\t\t<img fetchpriority=\"high\" decoding=\"async\" width=\"1007\" height=\"1024\" src=\"https:\/\/hopecapetown.org\/wp-content\/uploads\/2023\/10\/stefan-history-1007x1024.png\" class=\"attachment-large size-large wp-image-17800\" alt=\"\" srcset=\"https:\/\/hopecapetown.org\/wp-content\/uploads\/2023\/10\/stefan-history-1007x1024.png 1007w, https:\/\/hopecapetown.org\/wp-content\/uploads\/2023\/10\/stefan-history-295x300.png 295w, https:\/\/hopecapetown.org\/wp-content\/uploads\/2023\/10\/stefan-history-768x781.png 768w, https:\/\/hopecapetown.org\/wp-content\/uploads\/2023\/10\/stefan-history.png 1109w\" sizes=\"(max-width: 1007px) 100vw, 1007px\" \/>\t\t\t\t\t\t\t\t\t\t\t\t\t\t\t<\/div>\n\t\t\t\t<\/div>\n\t\t\t\t<div class=\"elementor-element elementor-element-dd35b99 elementor-widget elementor-widget-ha-slider happy-addon ha-slider\" data-id=\"dd35b99\" data-element_type=\"widget\" data-e-type=\"widget\" data-settings=\"{&quot;animation_speed&quot;:2000,&quot;autoplay_speed&quot;:3500,&quot;navigation&quot;:&quot;dots&quot;,&quot;autoplay&quot;:&quot;yes&quot;,&quot;loop&quot;:&quot;yes&quot;,&quot;slides_transition&quot;:&quot;slide&quot;}\" data-widget_type=\"ha-slider.default\">\n\t\t\t\t<div class=\"elementor-widget-container\">\n\t\t\t\t\t\n\t\t<div class=\"hajs-slick ha-slick ha-slick--slider\">\n\n\t\t\t\n\t\t\t\t<div class=\"ha-slick-slide slick-slide\">\n\t\t\t\t\t<div class=\"ha-slick-item\">\n\t\t\t\t\t\t\t\t\t\t\t\t\t<img decoding=\"async\" class=\"ha-slick-img\" src=\"https:\/\/hopecapetown.org\/wp-content\/uploads\/2023\/06\/bh-02-1.jpeg\" alt=\"\">\n\t\t\t\t\t\t\n\t\t\t\t\t\t\t\t\t\t\t<\/div>\n\t\t\t\t<\/div>\n\n\t\t\t\n\t\t\t\t<div class=\"ha-slick-slide slick-slide\">\n\t\t\t\t\t<div class=\"ha-slick-item\">\n\t\t\t\t\t\t\t\t\t\t\t\t\t<img decoding=\"async\" class=\"ha-slick-img\" src=\"https:\/\/hopecapetown.org\/wp-content\/uploads\/2023\/06\/bh-03-1-1-1.jpeg\" alt=\"\">\n\t\t\t\t\t\t\n\t\t\t\t\t\t\t\t\t\t\t<\/div>\n\t\t\t\t<\/div>\n\n\t\t\t\n\t\t\t\t<div class=\"ha-slick-slide slick-slide\">\n\t\t\t\t\t<div class=\"ha-slick-item\">\n\t\t\t\t\t\t\t\t\t\t\t\t\t<img decoding=\"async\" class=\"ha-slick-img\" src=\"https:\/\/hopecapetown.org\/wp-content\/uploads\/2023\/06\/bh-04-1-1-1.jpeg\" alt=\"\">\n\t\t\t\t\t\t\n\t\t\t\t\t\t\t\t\t\t\t<\/div>\n\t\t\t\t<\/div>\n\n\t\t\t\n\t\t<\/div>\n\n\t\t\n\t\t\n\t\t\t\t\t\t<\/div>\n\t\t\t\t<\/div>\n\t\t\t\t<div class=\"elementor-element elementor-element-a3bce75 elementor-widget elementor-widget-text-editor\" data-id=\"a3bce75\" data-element_type=\"widget\" data-e-type=\"widget\" data-widget_type=\"text-editor.default\">\n\t\t\t\t<div class=\"elementor-widget-container\">\n\t\t\t\t\t\t\t\t\t<div class=\"elementor-element elementor-element-a725693 elementor-widget elementor-widget-text-editor\" data-id=\"a725693\" data-element_type=\"widget\" data-widget_type=\"text-editor.default\">\n<div class=\"elementor-widget-container\">\n\nSehen Sie sich unseren<span class=\"s2\"><sup>th<\/sup><\/span> Dokumentarfilm zum 20-j\u00e4hrigen Jubil\u00e4um\n\n<\/div>\n<\/div>\t\t\t\t\t\t\t\t<\/div>\n\t\t\t\t<\/div>\n\t\t\t\t<div class=\"elementor-element elementor-element-d0eed2b elementor-view-stacked elementor-shape-circle elementor-widget elementor-widget-icon\" data-id=\"d0eed2b\" data-element_type=\"widget\" data-e-type=\"widget\" data-widget_type=\"icon.default\">\n\t\t\t\t<div class=\"elementor-widget-container\">\n\t\t\t\t\t\t\t<div class=\"elementor-icon-wrapper\">\n\t\t\t<a class=\"elementor-icon\" href=\"https:\/\/youtu.be\/qR8LhN4zqKU?si=tYz64NJdOzEaUwbN\" target=\"_blank\">\n\t\t\t<i aria-hidden=\"true\" class=\"fas fa-play\"><\/i>\t\t\t<\/a>\n\t\t<\/div>\n\t\t\t\t\t\t<\/div>\n\t\t\t\t<\/div>\n\t\t\t\t\t<\/div>\n\t\t<\/div>\n\t\t\t\t\t<\/div>\n\t\t<\/section>\n\t\t\t\t<section class=\"elementor-section elementor-inner-section elementor-element elementor-element-482caad elementor-section-boxed elementor-section-height-default elementor-section-height-default\" data-id=\"482caad\" data-element_type=\"section\" data-e-type=\"section\" data-settings=\"{&quot;_ha_eqh_enable&quot;:false}\">\n\t\t\t\t\t\t<div class=\"elementor-container elementor-column-gap-wide\">\n\t\t\t\t\t<div class=\"elementor-column elementor-col-50 elementor-inner-column elementor-element elementor-element-b4b93fd\" data-id=\"b4b93fd\" data-element_type=\"column\" data-e-type=\"column\">\n\t\t\t<div class=\"elementor-widget-wrap elementor-element-populated\">\n\t\t\t\t\t\t<div class=\"elementor-element elementor-element-2bd5fa1 elementor-widget elementor-widget-image\" data-id=\"2bd5fa1\" data-element_type=\"widget\" data-e-type=\"widget\" data-widget_type=\"image.default\">\n\t\t\t\t<div class=\"elementor-widget-container\">\n\t\t\t\t\t\t\t\t\t\t\t\t\t\t\t<img decoding=\"async\" width=\"768\" height=\"512\" src=\"https:\/\/hopecapetown.org\/wp-content\/uploads\/2023\/09\/blikkiesdorp-768x512.jpg\" class=\"attachment-medium_large size-medium_large wp-image-15914\" alt=\"\" srcset=\"https:\/\/hopecapetown.org\/wp-content\/uploads\/2023\/09\/blikkiesdorp-768x512.jpg 768w, https:\/\/hopecapetown.org\/wp-content\/uploads\/2023\/09\/blikkiesdorp-300x200.jpg 300w, https:\/\/hopecapetown.org\/wp-content\/uploads\/2023\/09\/blikkiesdorp-1024x683.jpg 1024w, https:\/\/hopecapetown.org\/wp-content\/uploads\/2023\/09\/blikkiesdorp-1536x1024.jpg 1536w, https:\/\/hopecapetown.org\/wp-content\/uploads\/2023\/09\/blikkiesdorp-2048x1366.jpg 2048w\" sizes=\"(max-width: 768px) 100vw, 768px\" \/>\t\t\t\t\t\t\t\t\t\t\t\t\t\t\t<\/div>\n\t\t\t\t<\/div>\n\t\t\t\t<div class=\"elementor-element elementor-element-911a0ad elementor-tablet-align-center elementor-align-right elementor-mobile-align-justify elementor-widget elementor-widget-button\" data-id=\"911a0ad\" data-element_type=\"widget\" data-e-type=\"widget\" data-widget_type=\"button.default\">\n\t\t\t\t<div class=\"elementor-widget-container\">\n\t\t\t\t\t\t\t\t\t<div class=\"elementor-button-wrapper\">\n\t\t\t\t\t<a class=\"elementor-button elementor-button-link elementor-size-sm\" href=\"https:\/\/hopecapetown.org\/de\/blikkiesdorp-de\/\">\n\t\t\t\t\t\t<span class=\"elementor-button-content-wrapper\">\n\t\t\t\t\t\t<span class=\"elementor-button-icon\">\n\t\t\t\t<i aria-hidden=\"true\" class=\"fas fa-play-circle\"><\/i>\t\t\t<\/span>\n\t\t\t\t\t\t\t\t\t<span class=\"elementor-button-text\">BLIKKIESDORP<\/span>\n\t\t\t\t\t<\/span>\n\t\t\t\t\t<\/a>\n\t\t\t\t<\/div>\n\t\t\t\t\t\t\t\t<\/div>\n\t\t\t\t<\/div>\n\t\t\t\t<div class=\"elementor-element elementor-element-04d0f00 elementor-widget elementor-widget-image\" data-id=\"04d0f00\" data-element_type=\"widget\" data-e-type=\"widget\" data-widget_type=\"image.default\">\n\t\t\t\t<div class=\"elementor-widget-container\">\n\t\t\t\t\t\t\t\t\t\t\t\t\t\t\t<img decoding=\"async\" width=\"768\" height=\"512\" src=\"https:\/\/hopecapetown.org\/wp-content\/uploads\/2023\/10\/the-nex-hope-768x512.jpg\" class=\"attachment-medium_large size-medium_large wp-image-17712\" alt=\"\" srcset=\"https:\/\/hopecapetown.org\/wp-content\/uploads\/2023\/10\/the-nex-hope-768x512.jpg 768w, https:\/\/hopecapetown.org\/wp-content\/uploads\/2023\/10\/the-nex-hope-300x200.jpg 300w, https:\/\/hopecapetown.org\/wp-content\/uploads\/2023\/10\/the-nex-hope-1024x682.jpg 1024w, https:\/\/hopecapetown.org\/wp-content\/uploads\/2023\/10\/the-nex-hope.jpg 1498w\" sizes=\"(max-width: 768px) 100vw, 768px\" \/>\t\t\t\t\t\t\t\t\t\t\t\t\t\t\t<\/div>\n\t\t\t\t<\/div>\n\t\t\t\t<div class=\"elementor-element elementor-element-cfd17d8 elementor-tablet-align-center elementor-align-right elementor-mobile-align-justify elementor-widget elementor-widget-button\" data-id=\"cfd17d8\" data-element_type=\"widget\" data-e-type=\"widget\" data-widget_type=\"button.default\">\n\t\t\t\t<div class=\"elementor-widget-container\">\n\t\t\t\t\t\t\t\t\t<div class=\"elementor-button-wrapper\">\n\t\t\t\t\t<a class=\"elementor-button elementor-button-link elementor-size-sm\" href=\"https:\/\/hopecapetown.org\/the-next-indawo-yethu\/\">\n\t\t\t\t\t\t<span class=\"elementor-button-content-wrapper\">\n\t\t\t\t\t\t<span class=\"elementor-button-icon\">\n\t\t\t\t<i aria-hidden=\"true\" class=\"fas fa-play-circle\"><\/i>\t\t\t<\/span>\n\t\t\t\t\t\t\t\t\t<span class=\"elementor-button-text\">THE NEX - INDAWO YETHU<\/span>\n\t\t\t\t\t<\/span>\n\t\t\t\t\t<\/a>\n\t\t\t\t<\/div>\n\t\t\t\t\t\t\t\t<\/div>\n\t\t\t\t<\/div>\n\t\t\t\t\t<\/div>\n\t\t<\/div>\n\t\t\t\t<div class=\"elementor-column elementor-col-50 elementor-inner-column elementor-element elementor-element-4f9c180\" data-id=\"4f9c180\" data-element_type=\"column\" data-e-type=\"column\">\n\t\t\t<div class=\"elementor-widget-wrap elementor-element-populated\">\n\t\t\t\t\t\t<div class=\"elementor-element elementor-element-c85dee4 elementor-widget elementor-widget-text-editor\" data-id=\"c85dee4\" data-element_type=\"widget\" data-e-type=\"widget\" data-widget_type=\"text-editor.default\">\n\t\t\t\t<div class=\"elementor-widget-container\">\n\t\t\t\t\t\t\t\t\t<p>Im Jahr 2021 sind wir auf unseren neuen Campus \u201eThe Nex\u2013Indawo Yethu\u201c in Delft umgezogen. Von dort aus leisten wir weiterhin einen wichtigen unterst\u00fctzenden Beitrag f\u00fcr zahlreiche Menschen in der Provinz Westkap.<\/p><p><strong>Ganzheitliche Programme f\u00fcr nachhaltige<\/strong> <strong>Perspektiven : HOPE Cape Town verfolgt einen integrierten Lebenszyklus-Ansatz, der Menschen von der fr\u00fchen Kindheit bis zum Einstieg ins Berufsleben begleitet<\/strong>.<\/p><p><strong>Die Programme konzentrieren sich auf zentrale Entwicklungsbereiche:Fr\u00fchkindliche Entwicklung, Pr\u00e4ventive Gesundheitsangebote, Jugendbildung und psychosoziale Unterst\u00fctzung, Berufs- und Karriereberatung, Berufsbildung und praxisorientierte Qualifizierung, F\u00f6rderung von Unternehmertum und Gemeindebasierte Entwicklungsprogramme. Damit schafft HOPE Cape Town konkrete Entwicklungspfade von Bildung zu Besch\u00e4ftigung.<\/strong><\/p><p>Ein besonderer Schwerpunkt liegt darauf, junge Menschen gezielt auf weiterf\u00fchrende Bildung und nachhaltige Besch\u00e4ftigung vorzubereiten.<\/p><p>Die Programme vermitteln sowohl wichtige Schl\u00fcsselkompetenzen als auch fachliche Qualifikationen, darunter:<\/p><ul><li>Erstellung professioneller Lebensl\u00e4ufe<\/li><li>Vorbereitung auf Bewerbungsgespr\u00e4che<\/li><li>Arbeitsplatzkompetenzen und professionelle Kommunikation<\/li><li>digitale Kompetenzen<\/li><li>branchenspezifische technische F\u00e4higkeiten<\/li><\/ul><p>So wird sichergestellt, dass Teilnehmende Programme nicht nur abschlie\u00dfen, sondern erfolgreich in Ausbildung, Studium oder Besch\u00e4ftigung \u00fcbergehen.<\/p><p>HOPE Cape Town arbeitet in einem starken Netzwerk lokaler und internationaler Partnerorganisationen, um Bildungs- und Besch\u00e4ftigungsm\u00f6glichkeiten zu erweitern.<\/p><p>Ein besonderer Fokus liegt auf bi-nationalen Programmen, insbesondere euro-afrikanischen Programmen zur Arbeitsmobilit\u00e4t, die qualifizierten s\u00fcdafrikanischen Fachkr\u00e4ften den Zugang zu Arbeitsm\u00f6glichkeiten in Deutschland erm\u00f6glichen.<\/p><p>Diese Programme sind bewusst als gegenseitiger Austausch gestaltet und f\u00f6rdern Wissenstransfer, berufliche Erfahrung und interkulturelles Lernen in beiden Regionen.\u00a0Die Er\u00f6ffnung eines B\u00fcros des Bayerischen Berufsbildungswerks auf dem Campus The Nex-Indawo Yethu unterstreicht die wachsende Bedeutung dieser deutsch-afrikanischen Zusammenarbeit in der Berufsbildung.<\/p><p><strong>Die internationale Zusammenarbeit von HOPE Cape Town wird durch ein Netzwerk engagierter Partnerorganisationen unterst\u00fctzt:<\/strong><\/p><ul><li><strong>HOPE Kapstadt Stiftung (Deutschland) \u2013 gegr\u00fcndet 2006<\/strong><\/li><li><strong>HOPE Cape Town USA \u2013 gegr\u00fcndet 2016<\/strong><\/li><\/ul><p><strong>Gemeinsam tragen diese Partnerschaften dazu bei, Ressourcen, Wissen und Chancen zu mobilisieren, um nachhaltige Entwicklungswege f\u00fcr junge Menschen und Gemeinden zu schaffen.<\/strong><\/p>\t\t\t\t\t\t\t\t<\/div>\n\t\t\t\t<\/div>\n\t\t\t\t<div class=\"elementor-element elementor-element-6343693 e-grid-align-left elementor-shape-rounded elementor-grid-0 elementor-widget elementor-widget-social-icons\" data-id=\"6343693\" data-element_type=\"widget\" data-e-type=\"widget\" data-widget_type=\"social-icons.default\">\n\t\t\t\t<div class=\"elementor-widget-container\">\n\t\t\t\t\t\t\t<div class=\"elementor-social-icons-wrapper elementor-grid\">\n\t\t\t\t\t\t\t<span class=\"elementor-grid-item\">\n\t\t\t\t\t<a class=\"elementor-icon elementor-social-icon elementor-social-icon-file-pdf elementor-repeater-item-bedf82a\" href=\"https:\/\/hopecapetown.org\/wp-content\/uploads\/2024\/02\/Uber-Uns-Unere-Geschichte.pdf\" target=\"_blank\">\n\t\t\t\t\t\t<span class=\"elementor-screen-only\">File-pdf<\/span>\n\t\t\t\t\t\t<i aria-hidden=\"true\" class=\"fas fa-file-pdf\"><\/i>\t\t\t\t\t<\/a>\n\t\t\t\t<\/span>\n\t\t\t\t\t<\/div>\n\t\t\t\t\t\t<\/div>\n\t\t\t\t<\/div>\n\t\t\t\t\t<\/div>\n\t\t<\/div>\n\t\t\t\t\t<\/div>\n\t\t<\/section>\n\t\t\t\t\t<\/div>\n\t\t<\/div>\n\t\t\t\t\t<\/div>\n\t\t<\/section>\n\t\t\t\t<\/div>\n\t\t","protected":false},"excerpt":{"rendered":"<p>Unsere Geschichte Historie HOPE Erfolgsgeschichten Monitoring und Evaluierung Geschichte von HOPE Cape Town HOPE Cape Town entstand aus einer medizinischen Initiative, die auf eine der gr\u00f6\u00dften gesundheitlichen Herausforderungen S\u00fcdafrikas reagierte. Im Jahr 1999 wurde Rev. Fr. Stefan Hippler von \u00c4rztinnen und \u00c4rzten des Tygerberg Academic Health Complex gebeten, gemeinsam eine L\u00f6sung f\u00fcr die Versorgung und &hellip;<\/p>\n","protected":false},"author":1,"featured_media":0,"parent":0,"menu_order":0,"comment_status":"closed","ping_status":"closed","template":"elementor_header_footer","meta":{"footnotes":""},"class_list":["post-18476","page","type-page","status-publish","hentry"],"_links":{"self":[{"href":"https:\/\/hopecapetown.org\/de\/wp-json\/wp\/v2\/pages\/18476","targetHints":{"allow":["GET"]}}],"collection":[{"href":"https:\/\/hopecapetown.org\/de\/wp-json\/wp\/v2\/pages"}],"about":[{"href":"https:\/\/hopecapetown.org\/de\/wp-json\/wp\/v2\/types\/page"}],"author":[{"embeddable":true,"href":"https:\/\/hopecapetown.org\/de\/wp-json\/wp\/v2\/users\/1"}],"replies":[{"embeddable":true,"href":"https:\/\/hopecapetown.org\/de\/wp-json\/wp\/v2\/comments?post=18476"}],"version-history":[{"count":131,"href":"https:\/\/hopecapetown.org\/de\/wp-json\/wp\/v2\/pages\/18476\/revisions"}],"predecessor-version":[{"id":26985,"href":"https:\/\/hopecapetown.org\/de\/wp-json\/wp\/v2\/pages\/18476\/revisions\/26985"}],"wp:attachment":[{"href":"https:\/\/hopecapetown.org\/de\/wp-json\/wp\/v2\/media?parent=18476"}],"curies":[{"name":"wp","href":"https:\/\/api.w.org\/{rel}","templated":true}]}}