{"id":10281,"date":"2023-03-15T09:03:57","date_gmt":"2023-03-15T09:03:57","guid":{"rendered":"https:\/\/hopecapetown.org\/wp-sa\/?page_id=10281"},"modified":"2026-03-24T09:54:19","modified_gmt":"2026-03-24T09:54:19","slug":"seed-of-hope-de","status":"publish","type":"page","link":"https:\/\/hopecapetown.org\/de\/seed-of-hope-de\/","title":{"rendered":"Pflanzen Sie Hoffnung"},"content":{"rendered":"\t\t<div data-elementor-type=\"wp-page\" data-elementor-id=\"10281\" class=\"elementor elementor-10281\" data-elementor-settings=\"{&quot;ha_cmc_init_switcher&quot;:&quot;no&quot;}\">\n\t\t\t\t\t\t<section class=\"elementor-section elementor-top-section elementor-element elementor-element-76a6dbd elementor-section-full_width elementor-section-height-default elementor-section-height-default\" data-id=\"76a6dbd\" data-element_type=\"section\" data-e-type=\"section\" data-settings=\"{&quot;_ha_eqh_enable&quot;:false}\">\n\t\t\t\t\t\t<div class=\"elementor-container elementor-column-gap-default\">\n\t\t\t\t\t<div class=\"elementor-column elementor-col-100 elementor-top-column elementor-element elementor-element-04b7ee6\" data-id=\"04b7ee6\" data-element_type=\"column\" data-e-type=\"column\">\n\t\t\t<div class=\"elementor-widget-wrap elementor-element-populated\">\n\t\t\t\t\t\t<div class=\"elementor-element elementor-element-cff3523 elementor-widget elementor-widget-image\" data-id=\"cff3523\" data-element_type=\"widget\" data-e-type=\"widget\" data-widget_type=\"image.default\">\n\t\t\t\t<div class=\"elementor-widget-container\">\n\t\t\t\t\t\t\t\t\t\t\t\t\t\t\t<img fetchpriority=\"high\" decoding=\"async\" width=\"1060\" height=\"708\" src=\"https:\/\/hopecapetown.org\/wp-content\/uploads\/2023\/07\/children_sitting_on_chairs.jpeg\" class=\"attachment-full size-full wp-image-14870\" alt=\"\" srcset=\"https:\/\/hopecapetown.org\/wp-content\/uploads\/2023\/07\/children_sitting_on_chairs.jpeg 1060w, https:\/\/hopecapetown.org\/wp-content\/uploads\/2023\/07\/children_sitting_on_chairs-300x200.jpeg 300w, https:\/\/hopecapetown.org\/wp-content\/uploads\/2023\/07\/children_sitting_on_chairs-1024x684.jpeg 1024w, https:\/\/hopecapetown.org\/wp-content\/uploads\/2023\/07\/children_sitting_on_chairs-768x513.jpeg 768w\" sizes=\"(max-width: 1060px) 100vw, 1060px\" \/>\t\t\t\t\t\t\t\t\t\t\t\t\t\t\t<\/div>\n\t\t\t\t<\/div>\n\t\t\t\t<div class=\"elementor-element elementor-element-88dfa5f elementor-widget elementor-widget-heading\" data-id=\"88dfa5f\" data-element_type=\"widget\" data-e-type=\"widget\" data-widget_type=\"heading.default\">\n\t\t\t\t<div class=\"elementor-widget-container\">\n\t\t\t\t\t<h2 class=\"elementor-heading-title elementor-size-default\">Pflanzen Sie Hoffnung<\/h2>\t\t\t\t<\/div>\n\t\t\t\t<\/div>\n\t\t\t\t\t<\/div>\n\t\t<\/div>\n\t\t\t\t\t<\/div>\n\t\t<\/section>\n\t\t\t\t<section class=\"elementor-section elementor-top-section elementor-element elementor-element-1276693 elementor-section-boxed elementor-section-height-default elementor-section-height-default\" data-id=\"1276693\" data-element_type=\"section\" data-e-type=\"section\" data-settings=\"{&quot;_ha_eqh_enable&quot;:false}\">\n\t\t\t\t\t\t<div class=\"elementor-container elementor-column-gap-default\">\n\t\t\t\t\t<div class=\"elementor-column elementor-col-100 elementor-top-column elementor-element elementor-element-5da8efa\" data-id=\"5da8efa\" data-element_type=\"column\" data-e-type=\"column\">\n\t\t\t<div class=\"elementor-widget-wrap elementor-element-populated\">\n\t\t\t\t\t\t<section class=\"elementor-section elementor-inner-section elementor-element elementor-element-782bdeb elementor-section-boxed elementor-section-height-default elementor-section-height-default\" data-id=\"782bdeb\" data-element_type=\"section\" data-e-type=\"section\" data-settings=\"{&quot;_ha_eqh_enable&quot;:false}\">\n\t\t\t\t\t\t<div class=\"elementor-container elementor-column-gap-wide\">\n\t\t\t\t\t<div class=\"elementor-column elementor-col-50 elementor-inner-column elementor-element elementor-element-01c5fe8\" data-id=\"01c5fe8\" data-element_type=\"column\" data-e-type=\"column\">\n\t\t\t<div class=\"elementor-widget-wrap elementor-element-populated\">\n\t\t\t\t\t\t<div class=\"elementor-element elementor-element-7b40cc0 elementor-widget elementor-widget-menu-anchor\" data-id=\"7b40cc0\" data-element_type=\"widget\" data-e-type=\"widget\" data-widget_type=\"menu-anchor.default\">\n\t\t\t\t<div class=\"elementor-widget-container\">\n\t\t\t\t\t\t\t<div class=\"elementor-menu-anchor\" id=\"next\"><\/div>\n\t\t\t\t\t\t<\/div>\n\t\t\t\t<\/div>\n\t\t\t\t<div class=\"elementor-element elementor-element-707e449 elementor-widget elementor-widget-text-editor\" data-id=\"707e449\" data-element_type=\"widget\" data-e-type=\"widget\" data-widget_type=\"text-editor.default\">\n\t\t\t\t<div class=\"elementor-widget-container\">\n\t\t\t\t\t\t\t\t\t<h3>Werden Sie Teil unseres<\/h3>\t\t\t\t\t\t\t\t<\/div>\n\t\t\t\t<\/div>\n\t\t\t\t<div class=\"elementor-element elementor-element-0eda4ee dekoline elementor-widget elementor-widget-heading\" data-id=\"0eda4ee\" data-element_type=\"widget\" data-e-type=\"widget\" data-widget_type=\"heading.default\">\n\t\t\t\t<div class=\"elementor-widget-container\">\n\t\t\t\t\t<h2 class=\"elementor-heading-title elementor-size-xxl\">Bettina Benzoni-Ruffert Garden &amp; Environmental Training Centre<\/h2>\t\t\t\t<\/div>\n\t\t\t\t<\/div>\n\t\t\t\t<div class=\"elementor-element elementor-element-121b68c elementor-widget elementor-widget-heading\" data-id=\"121b68c\" data-element_type=\"widget\" data-e-type=\"widget\" data-widget_type=\"heading.default\">\n\t\t\t\t<div class=\"elementor-widget-container\">\n\t\t\t\t\t<h3 class=\"elementor-heading-title elementor-size-default\">Der \u201eSeed of HOPE\u201c Gemeinschaftsgarten<\/h3>\t\t\t\t<\/div>\n\t\t\t\t<\/div>\n\t\t\t\t<div class=\"elementor-element elementor-element-299bc46 elementor-widget elementor-widget-text-editor\" data-id=\"299bc46\" data-element_type=\"widget\" data-e-type=\"widget\" data-widget_type=\"text-editor.default\">\n\t\t\t\t<div class=\"elementor-widget-container\">\n\t\t\t\t\t\t\t\t\t<p>Direkt angrenzend an unseren Campus \u201eThe Nex \u2013 Indawo Yethu\u201c liegt der Gemeinschaftsgarten mit 47 einzelnen Gartenparzellen, auf denen Mitglieder der lokalen Gemeinschaft Obst und Gem\u00fcse anbauen. Ziel ist es, nicht nur den Zugang zu nahrhaften Lebensmitteln zu st\u00e4rken, sondern auch zus\u00e4tzliche Einkommensm\u00f6glichkeiten zu schaffen.<\/p><p>Unter der Begleitung eines erfahrenen Gartentrainers absolvierte die erste Gruppe angehender G\u00e4rtnerinnen und G\u00e4rtner ein intensives 10-w\u00f6chiges Trainingsprogramm zu Gemeinschaftsgartenbau, \u00f6kologischem Lebensmittelanbau sowie grundlegender Gesundheits- und Ern\u00e4hrungsbildung. Ausgestattet mit Kompost, Saatgut und Gartenwerkzeugen haben sie mit gro\u00dfem Engagement ihre jeweils 10 m\u00b2 gro\u00dfen Parzellen aufgebaut und entwickelt.<\/p><p>Die Ernte st\u00e4rkt die Ern\u00e4hrungssicherheit f\u00fcr sie und ihre Familien. Gleichzeitig besteht die M\u00f6glichkeit, einen Teil der Produkte zu verkaufen und so Einkommen zu generieren. Als Teil der gemeinsamen Vereinbarung spenden die Gemeinschaftsg\u00e4rtnerinnen und -g\u00e4rtner 10 % ihrer Ernte an Suppenk\u00fcchen sowie an Initiativen, die Kinder und \u00e4ltere Menschen mit nahrhaften Mahlzeiten unterst\u00fctzen.<\/p>\t\t\t\t\t\t\t\t<\/div>\n\t\t\t\t<\/div>\n\t\t\t\t\t<\/div>\n\t\t<\/div>\n\t\t\t\t<div class=\"elementor-column elementor-col-50 elementor-inner-column elementor-element elementor-element-2a43c8d\" data-id=\"2a43c8d\" data-element_type=\"column\" data-e-type=\"column\">\n\t\t\t<div class=\"elementor-widget-wrap elementor-element-populated\">\n\t\t\t\t\t\t<div class=\"elementor-element elementor-element-caa9e5f elementor-widget elementor-widget-image\" data-id=\"caa9e5f\" data-element_type=\"widget\" data-e-type=\"widget\" data-widget_type=\"image.default\">\n\t\t\t\t<div class=\"elementor-widget-container\">\n\t\t\t\t\t\t\t\t\t\t\t\t\t\t\t<img decoding=\"async\" width=\"768\" height=\"1024\" src=\"https:\/\/hopecapetown.org\/wp-content\/uploads\/2026\/03\/20250604_144358-768x1024.jpg\" class=\"attachment-medium_large size-medium_large wp-image-26547\" alt=\"\" srcset=\"https:\/\/hopecapetown.org\/wp-content\/uploads\/2026\/03\/20250604_144358-768x1024.jpg 768w, https:\/\/hopecapetown.org\/wp-content\/uploads\/2026\/03\/20250604_144358-225x300.jpg 225w, https:\/\/hopecapetown.org\/wp-content\/uploads\/2026\/03\/20250604_144358-1152x1536.jpg 1152w, https:\/\/hopecapetown.org\/wp-content\/uploads\/2026\/03\/20250604_144358-1536x2048.jpg 1536w, https:\/\/hopecapetown.org\/wp-content\/uploads\/2026\/03\/20250604_144358-scaled.jpg 1920w\" sizes=\"(max-width: 768px) 100vw, 768px\" \/>\t\t\t\t\t\t\t\t\t\t\t\t\t\t\t<\/div>\n\t\t\t\t<\/div>\n\t\t\t\t\t<\/div>\n\t\t<\/div>\n\t\t\t\t\t<\/div>\n\t\t<\/section>\n\t\t\t\t\t<\/div>\n\t\t<\/div>\n\t\t\t\t\t<\/div>\n\t\t<\/section>\n\t\t\t\t<section class=\"elementor-section elementor-top-section elementor-element elementor-element-4930330 elementor-section-boxed elementor-section-height-default elementor-section-height-default\" data-id=\"4930330\" data-element_type=\"section\" data-e-type=\"section\" data-settings=\"{&quot;_ha_eqh_enable&quot;:false}\">\n\t\t\t\t\t\t<div class=\"elementor-container elementor-column-gap-default\">\n\t\t\t\t\t<div class=\"elementor-column elementor-col-100 elementor-top-column elementor-element elementor-element-75f5ead\" data-id=\"75f5ead\" data-element_type=\"column\" data-e-type=\"column\">\n\t\t\t<div class=\"elementor-widget-wrap elementor-element-populated\">\n\t\t\t\t\t\t<section class=\"elementor-section elementor-inner-section elementor-element elementor-element-a4a3411 elementor-section-boxed elementor-section-height-default elementor-section-height-default\" data-id=\"a4a3411\" data-element_type=\"section\" data-e-type=\"section\" data-settings=\"{&quot;_ha_eqh_enable&quot;:false}\">\n\t\t\t\t\t\t<div class=\"elementor-container elementor-column-gap-wide\">\n\t\t\t\t\t<div class=\"elementor-column elementor-col-50 elementor-inner-column elementor-element elementor-element-2ed5bf1\" data-id=\"2ed5bf1\" data-element_type=\"column\" data-e-type=\"column\">\n\t\t\t<div class=\"elementor-widget-wrap elementor-element-populated\">\n\t\t\t\t\t\t<div class=\"elementor-element elementor-element-e99514c elementor-widget elementor-widget-image\" data-id=\"e99514c\" data-element_type=\"widget\" data-e-type=\"widget\" data-widget_type=\"image.default\">\n\t\t\t\t<div class=\"elementor-widget-container\">\n\t\t\t\t\t\t\t\t\t\t\t\t\t\t\t<img decoding=\"async\" width=\"768\" height=\"576\" src=\"https:\/\/hopecapetown.org\/wp-content\/uploads\/2026\/03\/20250708_115729-768x576.jpg\" class=\"attachment-medium_large size-medium_large wp-image-26549\" alt=\"\" srcset=\"https:\/\/hopecapetown.org\/wp-content\/uploads\/2026\/03\/20250708_115729-768x576.jpg 768w, https:\/\/hopecapetown.org\/wp-content\/uploads\/2026\/03\/20250708_115729-300x225.jpg 300w, https:\/\/hopecapetown.org\/wp-content\/uploads\/2026\/03\/20250708_115729-1024x768.jpg 1024w, https:\/\/hopecapetown.org\/wp-content\/uploads\/2026\/03\/20250708_115729-1536x1152.jpg 1536w, https:\/\/hopecapetown.org\/wp-content\/uploads\/2026\/03\/20250708_115729-2048x1536.jpg 2048w\" sizes=\"(max-width: 768px) 100vw, 768px\" \/>\t\t\t\t\t\t\t\t\t\t\t\t\t\t\t<\/div>\n\t\t\t\t<\/div>\n\t\t\t\t\t<\/div>\n\t\t<\/div>\n\t\t\t\t<div class=\"elementor-column elementor-col-50 elementor-inner-column elementor-element elementor-element-eb13dca\" data-id=\"eb13dca\" data-element_type=\"column\" data-e-type=\"column\">\n\t\t\t<div class=\"elementor-widget-wrap elementor-element-populated\">\n\t\t\t\t\t\t<div class=\"elementor-element elementor-element-fdbae77 elementor-widget elementor-widget-heading\" data-id=\"fdbae77\" data-element_type=\"widget\" data-e-type=\"widget\" data-widget_type=\"heading.default\">\n\t\t\t\t<div class=\"elementor-widget-container\">\n\t\t\t\t\t<h3 class=\"elementor-heading-title elementor-size-default\">Wie k\u00f6nnen Sie unterst\u00fctzen?<\/h3>\t\t\t\t<\/div>\n\t\t\t\t<\/div>\n\t\t\t\t<div class=\"elementor-element elementor-element-8fd6933 elementor-widget elementor-widget-text-editor\" data-id=\"8fd6933\" data-element_type=\"widget\" data-e-type=\"widget\" data-widget_type=\"text-editor.default\">\n\t\t\t\t<div class=\"elementor-widget-container\">\n\t\t\t\t\t\t\t\t\t<p><strong>Mit nur 2 Euro pro Tag \u2013 das sind 24 Euro pro Jahr<\/strong> \u2013 k\u00f6nnen Sie einen konkreten Beitrag leisten.<\/p><p>Ihre Spende hilft dabei,<\/p><ul><li>die laufende Pflege und Instandhaltung des Gartens zu sichern,<\/li><li>saisonales Saatgut und Jungpflanzen bereitzustellen,<\/li><li>Bodenverbesserer, D\u00fcnger und N\u00e4hrstoffe zu finanzieren und<\/li><li>ein kontinuierliches Trainingsprogramm f\u00fcr junge Menschen zu erm\u00f6glichen, die lernen m\u00f6chten, nachhaltige G\u00e4rten f\u00fcr ihre Familien und ihre eigene Ern\u00e4hrung aufzubauen.<\/li><\/ul>\t\t\t\t\t\t\t\t<\/div>\n\t\t\t\t<\/div>\n\t\t\t\t\t<\/div>\n\t\t<\/div>\n\t\t\t\t\t<\/div>\n\t\t<\/section>\n\t\t\t\t\t<\/div>\n\t\t<\/div>\n\t\t\t\t\t<\/div>\n\t\t<\/section>\n\t\t\t\t<section class=\"elementor-section elementor-top-section elementor-element elementor-element-8592e90 elementor-section-boxed elementor-section-height-default elementor-section-height-default\" data-id=\"8592e90\" data-element_type=\"section\" data-e-type=\"section\" data-settings=\"{&quot;_ha_eqh_enable&quot;:false}\">\n\t\t\t\t\t\t<div class=\"elementor-container elementor-column-gap-no\">\n\t\t\t\t\t<div class=\"elementor-column elementor-col-100 elementor-top-column elementor-element elementor-element-d8821e7\" data-id=\"d8821e7\" data-element_type=\"column\" data-e-type=\"column\">\n\t\t\t<div class=\"elementor-widget-wrap elementor-element-populated\">\n\t\t\t\t\t\t<section class=\"elementor-section elementor-inner-section elementor-element elementor-element-179ed69 elementor-section-boxed elementor-section-height-default elementor-section-height-default\" data-id=\"179ed69\" data-element_type=\"section\" data-e-type=\"section\" data-settings=\"{&quot;_ha_eqh_enable&quot;:false}\">\n\t\t\t\t\t\t<div class=\"elementor-container elementor-column-gap-wide\">\n\t\t\t\t\t<div class=\"elementor-column elementor-col-50 elementor-inner-column elementor-element elementor-element-1ebf16c\" data-id=\"1ebf16c\" data-element_type=\"column\" data-e-type=\"column\">\n\t\t\t<div class=\"elementor-widget-wrap elementor-element-populated\">\n\t\t\t\t\t\t<div class=\"elementor-element elementor-element-ffa9668 elementor-widget elementor-widget-heading\" data-id=\"ffa9668\" data-element_type=\"widget\" data-e-type=\"widget\" data-widget_type=\"heading.default\">\n\t\t\t\t<div class=\"elementor-widget-container\">\n\t\t\t\t\t<h3 class=\"elementor-heading-title elementor-size-default\">Die Wirkung<\/h3>\t\t\t\t<\/div>\n\t\t\t\t<\/div>\n\t\t\t\t<div class=\"elementor-element elementor-element-5071f56 elementor-widget elementor-widget-text-editor\" data-id=\"5071f56\" data-element_type=\"widget\" data-e-type=\"widget\" data-widget_type=\"text-editor.default\">\n\t\t\t\t<div class=\"elementor-widget-container\">\n\t\t\t\t\t\t\t\t\t<p>Neben der Freude, einen konkreten Unterschied zu bewirken, erm\u00f6glicht Ihr Beitrag etwas sehr Greifbares: Kinder k\u00f6nnen am Abend satt ins Bett gehen.<\/p><p>Auf Wunsch wird Ihr Name au\u00dferdem auf der Spendentafel \u201eTree of Gratitude \u2013 Plant a Seed of HOPE\u201c am Campus The Nex \u2013 Indawo Yethu aufgef\u00fchrt, als sichtbares Zeichen f\u00fcr Menschen, die Wachstum, Ern\u00e4hrungssicherheit und Perspektiven m\u00f6glich machen.<\/p>\t\t\t\t\t\t\t\t<\/div>\n\t\t\t\t<\/div>\n\t\t\t\t<div class=\"elementor-element elementor-element-a3f9493 e-grid-align-left elementor-shape-rounded elementor-grid-0 elementor-widget elementor-widget-social-icons\" data-id=\"a3f9493\" data-element_type=\"widget\" data-e-type=\"widget\" data-widget_type=\"social-icons.default\">\n\t\t\t\t<div class=\"elementor-widget-container\">\n\t\t\t\t\t\t\t<div class=\"elementor-social-icons-wrapper elementor-grid\">\n\t\t\t\t\t\t\t<span class=\"elementor-grid-item\">\n\t\t\t\t\t<a class=\"elementor-icon elementor-social-icon elementor-social-icon-file-pdf elementor-repeater-item-bedf82a\" href=\"#\" target=\"_blank\">\n\t\t\t\t\t\t<span class=\"elementor-screen-only\">File-pdf<\/span>\n\t\t\t\t\t\t<i aria-hidden=\"true\" class=\"fas fa-file-pdf\"><\/i>\t\t\t\t\t<\/a>\n\t\t\t\t<\/span>\n\t\t\t\t\t<\/div>\n\t\t\t\t\t\t<\/div>\n\t\t\t\t<\/div>\n\t\t\t\t\t<\/div>\n\t\t<\/div>\n\t\t\t\t<div class=\"elementor-column elementor-col-50 elementor-inner-column elementor-element elementor-element-e6e7e45\" data-id=\"e6e7e45\" data-element_type=\"column\" data-e-type=\"column\">\n\t\t\t<div class=\"elementor-widget-wrap elementor-element-populated\">\n\t\t\t\t\t\t<div class=\"elementor-element elementor-element-dbf0e25 elementor-widget elementor-widget-image\" data-id=\"dbf0e25\" data-element_type=\"widget\" data-e-type=\"widget\" data-widget_type=\"image.default\">\n\t\t\t\t<div class=\"elementor-widget-container\">\n\t\t\t\t\t\t\t\t\t\t\t\t\t\t\t<img loading=\"lazy\" decoding=\"async\" width=\"768\" height=\"576\" src=\"https:\/\/hopecapetown.org\/wp-content\/uploads\/2026\/03\/20250708_115650-768x576.jpg\" class=\"attachment-medium_large size-medium_large wp-image-26542\" alt=\"\" srcset=\"https:\/\/hopecapetown.org\/wp-content\/uploads\/2026\/03\/20250708_115650-768x576.jpg 768w, https:\/\/hopecapetown.org\/wp-content\/uploads\/2026\/03\/20250708_115650-300x225.jpg 300w, https:\/\/hopecapetown.org\/wp-content\/uploads\/2026\/03\/20250708_115650-1024x768.jpg 1024w, https:\/\/hopecapetown.org\/wp-content\/uploads\/2026\/03\/20250708_115650-1536x1152.jpg 1536w, https:\/\/hopecapetown.org\/wp-content\/uploads\/2026\/03\/20250708_115650-2048x1536.jpg 2048w\" sizes=\"(max-width: 768px) 100vw, 768px\" \/>\t\t\t\t\t\t\t\t\t\t\t\t\t\t\t<\/div>\n\t\t\t\t<\/div>\n\t\t\t\t\t<\/div>\n\t\t<\/div>\n\t\t\t\t\t<\/div>\n\t\t<\/section>\n\t\t\t\t\t<\/div>\n\t\t<\/div>\n\t\t\t\t\t<\/div>\n\t\t<\/section>\n\t\t\t\t<section class=\"elementor-section elementor-top-section elementor-element elementor-element-0962a72 elementor-section-boxed elementor-section-height-default elementor-section-height-default\" data-id=\"0962a72\" data-element_type=\"section\" data-e-type=\"section\" data-settings=\"{&quot;_ha_eqh_enable&quot;:false}\">\n\t\t\t\t\t\t<div class=\"elementor-container elementor-column-gap-default\">\n\t\t\t\t\t<div class=\"elementor-column elementor-col-25 elementor-top-column elementor-element elementor-element-02edbd3\" data-id=\"02edbd3\" data-element_type=\"column\" data-e-type=\"column\">\n\t\t\t<div class=\"elementor-widget-wrap elementor-element-populated\">\n\t\t\t\t\t\t<div class=\"elementor-element elementor-element-fa5ffa2 elementor-widget elementor-widget-image\" data-id=\"fa5ffa2\" data-element_type=\"widget\" data-e-type=\"widget\" data-widget_type=\"image.default\">\n\t\t\t\t<div class=\"elementor-widget-container\">\n\t\t\t\t\t\t\t\t\t\t\t\t\t\t\t<img loading=\"lazy\" decoding=\"async\" width=\"500\" height=\"500\" src=\"https:\/\/hopecapetown.org\/wp-content\/uploads\/2023\/07\/Logo_Plant-A-Seed2.png\" class=\"attachment-large size-large wp-image-14811\" alt=\"\" srcset=\"https:\/\/hopecapetown.org\/wp-content\/uploads\/2023\/07\/Logo_Plant-A-Seed2.png 500w, https:\/\/hopecapetown.org\/wp-content\/uploads\/2023\/07\/Logo_Plant-A-Seed2-300x300.png 300w, https:\/\/hopecapetown.org\/wp-content\/uploads\/2023\/07\/Logo_Plant-A-Seed2-150x150.png 150w\" sizes=\"(max-width: 500px) 100vw, 500px\" \/>\t\t\t\t\t\t\t\t\t\t\t\t\t\t\t<\/div>\n\t\t\t\t<\/div>\n\t\t\t\t\t<\/div>\n\t\t<\/div>\n\t\t\t\t<div class=\"elementor-column elementor-col-25 elementor-top-column elementor-element elementor-element-a5ad32c\" data-id=\"a5ad32c\" data-element_type=\"column\" data-e-type=\"column\">\n\t\t\t<div class=\"elementor-widget-wrap elementor-element-populated\">\n\t\t\t\t\t\t<div class=\"elementor-element elementor-element-e5c8bd3 elementor-widget elementor-widget-text-editor\" data-id=\"e5c8bd3\" data-element_type=\"widget\" data-e-type=\"widget\" data-widget_type=\"text-editor.default\">\n\t\t\t\t<div class=\"elementor-widget-container\">\n\t\t\t\t\t\t\t\t\t<p><strong>Spenden per \u00dcberweisung<\/strong><\/p><p>HOPE-Kapstadt Stiftung<\/p><p>IBAN: DE15 3702 0500 0008 2695 00<\/p><p>BIC: BFSWD33 XXX<\/p><p>Verwendungszweck: SeedofHope<\/p>\t\t\t\t\t\t\t\t<\/div>\n\t\t\t\t<\/div>\n\t\t\t\t\t<\/div>\n\t\t<\/div>\n\t\t\t\t<div class=\"elementor-column elementor-col-25 elementor-top-column elementor-element elementor-element-0b2683a\" data-id=\"0b2683a\" data-element_type=\"column\" data-e-type=\"column\">\n\t\t\t<div class=\"elementor-widget-wrap elementor-element-populated\">\n\t\t\t\t\t\t<div class=\"elementor-element elementor-element-40faa27 elementor-widget elementor-widget-image\" data-id=\"40faa27\" data-element_type=\"widget\" data-e-type=\"widget\" data-widget_type=\"image.default\">\n\t\t\t\t<div class=\"elementor-widget-container\">\n\t\t\t\t\t\t\t\t\t\t\t\t\t\t\t\t<a href=\"https:\/\/www.payfast.co.za\/donate\/go\/hopecapetowntrust\" target=\"_blank\">\n\t\t\t\t\t\t\t<img loading=\"lazy\" decoding=\"async\" width=\"500\" height=\"229\" src=\"https:\/\/hopecapetown.org\/wp-content\/uploads\/2023\/07\/PayFast-Logo.jpeg\" class=\"attachment-large size-large wp-image-14816\" alt=\"\" srcset=\"https:\/\/hopecapetown.org\/wp-content\/uploads\/2023\/07\/PayFast-Logo.jpeg 500w, https:\/\/hopecapetown.org\/wp-content\/uploads\/2023\/07\/PayFast-Logo-300x137.jpeg 300w\" sizes=\"(max-width: 500px) 100vw, 500px\" \/>\t\t\t\t\t\t\t\t<\/a>\n\t\t\t\t\t\t\t\t\t\t\t\t\t\t\t<\/div>\n\t\t\t\t<\/div>\n\t\t\t\t\t<\/div>\n\t\t<\/div>\n\t\t\t\t<div class=\"elementor-column elementor-col-25 elementor-top-column elementor-element elementor-element-913650a\" data-id=\"913650a\" data-element_type=\"column\" data-e-type=\"column\">\n\t\t\t<div class=\"elementor-widget-wrap\">\n\t\t\t\t\t\t\t<\/div>\n\t\t<\/div>\n\t\t\t\t\t<\/div>\n\t\t<\/section>\n\t\t\t\t<\/div>\n\t\t","protected":false},"excerpt":{"rendered":"<p>Pflanzen Sie Hoffnung Werden Sie Teil unseres Bettina Benzoni-Ruffert Garden &amp; Environmental Training Centre Der \u201eSeed of HOPE\u201c Gemeinschaftsgarten Direkt angrenzend an unseren Campus \u201eThe Nex \u2013 Indawo Yethu\u201c liegt der Gemeinschaftsgarten mit 47 einzelnen Gartenparzellen, auf denen Mitglieder der lokalen Gemeinschaft Obst und Gem\u00fcse anbauen. Ziel ist es, nicht nur den Zugang zu nahrhaften &hellip;<\/p>\n","protected":false},"author":1,"featured_media":14808,"parent":0,"menu_order":0,"comment_status":"closed","ping_status":"closed","template":"elementor_header_footer","meta":{"footnotes":""},"class_list":["post-10281","page","type-page","status-publish","has-post-thumbnail","hentry"],"_links":{"self":[{"href":"https:\/\/hopecapetown.org\/de\/wp-json\/wp\/v2\/pages\/10281","targetHints":{"allow":["GET"]}}],"collection":[{"href":"https:\/\/hopecapetown.org\/de\/wp-json\/wp\/v2\/pages"}],"about":[{"href":"https:\/\/hopecapetown.org\/de\/wp-json\/wp\/v2\/types\/page"}],"author":[{"embeddable":true,"href":"https:\/\/hopecapetown.org\/de\/wp-json\/wp\/v2\/users\/1"}],"replies":[{"embeddable":true,"href":"https:\/\/hopecapetown.org\/de\/wp-json\/wp\/v2\/comments?post=10281"}],"version-history":[{"count":84,"href":"https:\/\/hopecapetown.org\/de\/wp-json\/wp\/v2\/pages\/10281\/revisions"}],"predecessor-version":[{"id":26907,"href":"https:\/\/hopecapetown.org\/de\/wp-json\/wp\/v2\/pages\/10281\/revisions\/26907"}],"wp:featuredmedia":[{"embeddable":true,"href":"https:\/\/hopecapetown.org\/de\/wp-json\/wp\/v2\/media\/14808"}],"wp:attachment":[{"href":"https:\/\/hopecapetown.org\/de\/wp-json\/wp\/v2\/media?parent=10281"}],"curies":[{"name":"wp","href":"https:\/\/api.w.org\/{rel}","templated":true}]}}